{"id":50520,"date":"2018-06-20T18:34:49","date_gmt":"2018-06-20T16:34:49","guid":{"rendered":"http:\/\/www.mirsa.es.mialias.net\/planika-chimeneas-bioetanol\/"},"modified":"2024-05-22T13:24:15","modified_gmt":"2024-05-22T13:24:15","slug":"planika-chimeneas-bioetanol","status":"publish","type":"page","link":"https:\/\/www.mirsa.es\/ca\/planika-chimeneas-bioetanol\/","title":{"rendered":"Planika Xemeneies de Bioetanol"},"content":{"rendered":"<div class=\"wpb-content-wrapper\"><p>[vc_row css=&#8221;.vc_custom_1583596731269{margin-left: -50px !important;}&#8221;][vc_column][vc_column_text]<a style=\"color:black;\" href=\"javascript:history.go(-1)\" onmouseover=\"self.status=document.referrer;return true\">Enrere<\/a>[\/vc_column_text][\/vc_column][\/vc_row][vc_row][vc_column][vc_column_text]<\/p>\n<h5><img decoding=\"async\" class=\"wp-image-1077 size-large aligncenter\" title=\"Planika Xemeneies\" src=\"\/wp-content\/uploads\/2020\/06\/planika_chimeneas_bioetanol.jpg\" alt=\"Planika Xemeneies\" width=\"100%\" height=\"400\" \/><\/h5>\n<p style=\"font-size: 16px; text-align: left;\"><strong>Planika \u00e9s la firma l\u00edder en la fabricaci\u00f3 i distribuci\u00f3 de xemeneies de Bioetanol d\u2019alta gamma.<\/strong><\/p>\n<p style=\"font-size: 16px; text-align: left;\">La marca s\u2019ha convertit en tota una refer\u00e8ncia del disseny i els seus productes s\u00f3n admirats i apreciats per interioristes d\u2019arreu del m\u00f3n. Les col\u00b7leccions de Planika s\u00f3n capaces de crear acollidores atmosferes que transmeten calidesa i confort a la llar.<\/p>\n<p style=\"font-size: 16px; text-align: left;\">Les xemeneies, combinen a la perfecci\u00f3 disseny i noves tecnologies. Els sistemes electr\u00f2nics integrats a les xemeneies, permeten controlar-les a dist\u00e0ncia a trav\u00e9s de Wifi o control remot. Programar l\u2019activaci\u00f3 o el tancament, regular la intensitat de la flama\u2026 s\u00f3n nom\u00e9s algunes de les m\u00faltiples possibilitats que ens ofereixen els productes de la firma.<\/p>\n<p style=\"font-size: 16px; text-align: left;\">A MIRSA interiorisme &amp; mobiliari som distribu\u00efdors oficials Planika. Per a m\u00e9s informaci\u00f3, consulti el nostre cat\u00e0leg o visiti el nostre Showroom.<\/p>\n<p>[\/vc_column_text][\/vc_column][\/vc_row][vc_section][vc_row full_width=&#8221;stretch_row_content_no_spaces&#8221;][vc_column][vc_column_text]<iframe id=\"embedded-ads-iframe-website\" width=\"100%\" height=\"600\" data-originsrc=\"https:\/\/mirsa.daloom.com\/productos\/chimeneas\/brand_planika\"><\/iframe><script defer src=\"https:\/\/mirsa.daloom.com\/js\/parent-embedded-script.min.js\"><\/script>[\/vc_column_text][\/vc_column][\/vc_row][\/vc_section]<\/p>\n<\/div>","protected":false},"excerpt":{"rendered":"<p>[vc_row css=&#8221;.vc_custom_1583596731269{margin-left: -50px !important;}&#8221;][vc_column][vc_column_text]Enrere[\/vc_column_text][\/vc_column][\/vc_row][vc_row][vc_column][vc_column_text] Planika \u00e9s la firma l\u00edder en la fabricaci\u00f3 i distribuci\u00f3 de xemeneies de Bioetanol d\u2019alta gamma. La marca s\u2019ha convertit en tota una refer\u00e8ncia del disseny i els seus productes s\u00f3n admirats i apreciats per interioristes d\u2019arreu del m\u00f3n. Les col\u00b7leccions de Planika s\u00f3n capaces de crear acollidores atmosferes que transmeten [&hellip;]<\/p>\n","protected":false},"author":1,"featured_media":0,"parent":0,"menu_order":0,"comment_status":"closed","ping_status":"closed","template":"","meta":{"footnotes":""},"class_list":["post-50520","page","type-page","status-publish","hentry"],"aioseo_notices":[],"_links":{"self":[{"href":"https:\/\/www.mirsa.es\/ca\/wp-json\/wp\/v2\/pages\/50520","targetHints":{"allow":["GET"]}}],"collection":[{"href":"https:\/\/www.mirsa.es\/ca\/wp-json\/wp\/v2\/pages"}],"about":[{"href":"https:\/\/www.mirsa.es\/ca\/wp-json\/wp\/v2\/types\/page"}],"author":[{"embeddable":true,"href":"https:\/\/www.mirsa.es\/ca\/wp-json\/wp\/v2\/users\/1"}],"replies":[{"embeddable":true,"href":"https:\/\/www.mirsa.es\/ca\/wp-json\/wp\/v2\/comments?post=50520"}],"version-history":[{"count":0,"href":"https:\/\/www.mirsa.es\/ca\/wp-json\/wp\/v2\/pages\/50520\/revisions"}],"wp:attachment":[{"href":"https:\/\/www.mirsa.es\/ca\/wp-json\/wp\/v2\/media?parent=50520"}],"curies":[{"name":"wp","href":"https:\/\/api.w.org\/{rel}","templated":true}]}}