{"id":50484,"date":"2019-09-18T19:26:03","date_gmt":"2019-09-18T17:26:03","guid":{"rendered":"http:\/\/www.mirsa.es.mialias.net\/piazza-ligne-roset\/"},"modified":"2021-02-06T10:15:32","modified_gmt":"2021-02-06T10:15:32","slug":"piazza-ligne-roset","status":"publish","type":"page","link":"https:\/\/www.mirsa.es\/ca\/piazza-ligne-roset\/","title":{"rendered":"Piazza Ligne Roset"},"content":{"rendered":"<div class=\"wpb-content-wrapper\"><p>[vc_row][vc_column][vc_column_text]<\/p>\n<h5><img decoding=\"async\" class=\"wp-image-1077 size-large aligncenter\" title=\"Piazza Ligne Roset\" src=\"\/wp-content\/uploads\/2020\/07\/mesa_piazza_ligne_roset.jpg\" alt=\"Piazza Ligne Roset\" width=\"100%\" height=\"400\" \/><\/h5>\n<p style=\"font-size: 16px; text-align: left;\"><strong>Piazza de la prestigiosa firma Ligne Roset \u00e9s una espectacular taula de disseny contemporani patentada pel prestigi\u00f3s dissenyador Alemany Michael Koenig.<\/strong><\/p>\n<p style=\"font-size: 16px; text-align: left;\">Es tracta d\u2019una taula de forma el\u00b7l\u00edptica que destaca per la seva eleg\u00e0ncia i distinci\u00f3. L\u2019estructura incorpora un tal de sobretaula amb un costat recte que permet encastar-lo contra la paret per a optimitzar l\u2019espai.<\/p>\n<p style=\"font-size: 16px; text-align: left;\">El taulell es presenta en vidre temperat transparent de 1 \/ 2 \u201d de gruix amb cantell laminat de MDF estratificat. La taula incorpora un pr\u00e0ctic mecanisme que permet regular l\u2019al\u00e7ada de la seva base.<\/p>\n<p style=\"font-size: 16px; text-align: left;\">A MIRSA interiorisme &#038; mobiliari som distribu\u00efdors oficials Ligne Roset. Per a m\u00e9s informaci\u00f3, visiti el nostre Showroom o contacti amb nosaltres.\n<\/p>\n<p>[\/vc_column_text][vc_row_inner][vc_column_inner]<style type=\"text\/css\">#bklyn_btn_69d256687c31f .bklyn-btn { color:#ffffff !important; background-color:black !important; }<\/style><div id=\"bklyn_btn_69d256687c31f\" class=\"bklyn-btn-holder  bklyn-btn-center bklyn-btn-tablet-center bklyn-btn-mobile-center\"><a title=\"Contacto\"   href=\"\/contacto\" target=\"_self\" class=\"bklyn-btn  bklyn-btn-icon-left bklyn-btn-normal\" ><i class=\"fa fa-envelope\"><\/i><span class=\"ut-btn-text\">M\u00e9s informaci\u00f3<\/span><\/a><\/div>[\/vc_column_inner][\/vc_row_inner][\/vc_column][\/vc_row]<\/p>\n<\/div>","protected":false},"excerpt":{"rendered":"<p>[vc_row][vc_column][vc_column_text] Piazza de la prestigiosa firma Ligne Roset \u00e9s una espectacular taula de disseny contemporani patentada pel prestigi\u00f3s dissenyador Alemany Michael Koenig. Es tracta d\u2019una taula de forma el\u00b7l\u00edptica que destaca per la seva eleg\u00e0ncia i distinci\u00f3. L\u2019estructura incorpora un tal de sobretaula amb un costat recte que permet encastar-lo contra la paret per a [&hellip;]<\/p>\n","protected":false},"author":1,"featured_media":0,"parent":0,"menu_order":0,"comment_status":"closed","ping_status":"closed","template":"","meta":{"footnotes":""},"class_list":["post-50484","page","type-page","status-publish","hentry"],"aioseo_notices":[],"_links":{"self":[{"href":"https:\/\/www.mirsa.es\/ca\/wp-json\/wp\/v2\/pages\/50484","targetHints":{"allow":["GET"]}}],"collection":[{"href":"https:\/\/www.mirsa.es\/ca\/wp-json\/wp\/v2\/pages"}],"about":[{"href":"https:\/\/www.mirsa.es\/ca\/wp-json\/wp\/v2\/types\/page"}],"author":[{"embeddable":true,"href":"https:\/\/www.mirsa.es\/ca\/wp-json\/wp\/v2\/users\/1"}],"replies":[{"embeddable":true,"href":"https:\/\/www.mirsa.es\/ca\/wp-json\/wp\/v2\/comments?post=50484"}],"version-history":[{"count":0,"href":"https:\/\/www.mirsa.es\/ca\/wp-json\/wp\/v2\/pages\/50484\/revisions"}],"wp:attachment":[{"href":"https:\/\/www.mirsa.es\/ca\/wp-json\/wp\/v2\/media?parent=50484"}],"curies":[{"name":"wp","href":"https:\/\/api.w.org\/{rel}","templated":true}]}}