{"id":50475,"date":"2019-01-02T19:32:29","date_gmt":"2019-01-02T18:32:29","guid":{"rendered":"http:\/\/www.mirsa.es.mialias.net\/philippe-starck-colecciones\/"},"modified":"2024-06-07T08:57:59","modified_gmt":"2024-06-07T08:57:59","slug":"philippe-starck-colecciones","status":"publish","type":"page","link":"https:\/\/www.mirsa.es\/ca\/philippe-starck-colecciones\/","title":{"rendered":"Philippe Starck Col\u00b7leccions"},"content":{"rendered":"<div class=\"wpb-content-wrapper\"><p>[vc_section][vc_row full_width=&#8221;stretch_row_content&#8221;][vc_column][vc_column_text]<a style=\"color:black;\" href=\"javascript:history.go(-1)\" onmouseover=\"self.status=document.referrer;return true\">Enrere<\/a>[\/vc_column_text][\/vc_column][\/vc_row][vc_row full_width=&#8221;stretch_row_content&#8221; css=&#8221;.vc_custom_1589961005492{margin-top: -15px !important;}&#8221;][vc_column width=&#8221;1\/3&#8243;]<div  class=\"wpb_content_element   clearfix\"><style type=\"text\/css\">#ut_am_6a09239de8bf8 { opacity: 1; }#ut_am_wrap_6a09239de8bf9 { text-align: left; }@media (min-width: 768px) and (max-width: 1024px) { #ut_am_wrap_6a09239de8bf9 { text-align: left !important; } }@media (max-width: 767px) { #ut_am_wrap_6a09239de8bf9 { text-align: center !important; } }<\/style><div id=\"ut_am_wrap_6a09239de8bf9\" class=\"ut-image-gallery-image \"><div id=\"ut_reveal_6a09239de8bfa\"  data-appear-top-offset=\"auto\" class=\"ut-animated-image-item ut-image-gallery-item ut-animation-done \"><a class=\"ut-deactivated-link\" href=\"#\"><div class=\"ut-animated-image-zoom\">\r\n        <div class=\"ut-element-glitch-wrap\">\r\n\r\n            \r\n        <style type=\"text\/css\">\r\n\r\n                        \r\n        @media (min-width: 1025px) {\r\n\r\n        #ut-element-glitch-6a09239de8c1b543915759-30290 .ut-glitch-single-element {\r\n                                            \r\n                }\r\n        }\r\n\r\n        @media (min-width: 768px) and (max-width: 1024px) {\r\n\r\n        #ut-element-glitch-6a09239de8c1b543915759-30290 .ut-glitch-single-element {\r\n                                                \r\n                    }\r\n        }\r\n\r\n        @media (max-width: 767px) {\r\n\r\n        #ut-element-glitch-6a09239de8c1b543915759-30290 .ut-glitch-single-element {\r\n                                                \r\n                    }\r\n        }\r\n\r\n        \r\n        <\/style>\r\n\r\n        \r\n            <div id=\"ut-element-glitch-6a09239de8c1b543915759-30290\" class=\" ut-element-glitch ut-glitch-none ut-element-glitch-permanent\">\r\n                <div class=\"ut-glitch-single-element ut-lozad skip-lazy\" data-background-image=\"https:\/\/www.mirsa.es\/wp-content\/uploads\/2020\/05\/philippe_starck.jpg\"><\/div>\r\n                <div class=\"ut-glitch-single-element ut-lozad skip-lazy\" data-background-image=\"https:\/\/www.mirsa.es\/wp-content\/uploads\/2020\/05\/philippe_starck.jpg\"><\/div>\r\n                <div class=\"ut-glitch-single-element ut-lozad skip-lazy\" data-background-image=\"https:\/\/www.mirsa.es\/wp-content\/uploads\/2020\/05\/philippe_starck.jpg\"><\/div>\r\n                <div class=\"ut-glitch-single-element ut-lozad skip-lazy\" data-background-image=\"https:\/\/www.mirsa.es\/wp-content\/uploads\/2020\/05\/philippe_starck.jpg\"><\/div>\r\n                <div class=\"ut-glitch-single-element ut-lozad skip-lazy\" data-background-image=\"https:\/\/www.mirsa.es\/wp-content\/uploads\/2020\/05\/philippe_starck.jpg\"><\/div>\r\n            <\/div>\r\n\r\n        <\/div>\r\n\r\n        <img loading=\"lazy\" decoding=\"async\" class=\"ut-lazy skip-lazy ut-animated-image \"  id=\"ut_am_6a09239de8bf8\" src=\"data:image\/svg+xml;charset=utf-8,%3Csvg xmlns%3D'http%3A%2F%2Fwww.w3.org%2F2000%2Fsvg' viewBox%3D'0 0 600 600'%2F%3E\" data-src=\"https:\/\/www.mirsa.es\/wp-content\/uploads\/2020\/05\/philippe_starck.jpg\" width=\"600\" height=\"600\" alt=\"\"\/><\/div><\/a><\/div><\/div><\/div>[\/vc_column][vc_column width=&#8221;2\/3&#8243;][vc_column_text]Philippe Starck es un prestigi\u00f3s dissenyador franc\u00e9s nascut a Par\u00eds l\u2019any 1949, reconegut mundialment gr\u00e0cies al seu talent i a l\u2019estil contemporani de totes les seves col\u00b7leccions.<\/p>\n<p>Starck va estudiar a la prestigiosa escola de disseny Ecole Nissin de Camondo. Amb tan sols 19 anys, comen\u00e7a a treballar en els seus primers projectes i es consolida com una jove promesa del disseny gr\u00e0cies a la seva creativitat i a les seves innovadores col\u00b7leccions.<\/p>\n<p>Al 1969 Pierre Cardin el va nomenar cao de disseny del seu estudi, on va deixar un extens llegat de col\u00b7leccions de mobiliari, amb una gran acollida entre interioristes i arquitectes d\u2019arreu del m\u00f3n.<\/p>\n<p>Als anys 80 funda el seu propi estudi de disseny i presenta alguns dels seus projectes m\u00e9s famosos, com el sof\u00e0 Dr. Von Vogelsang o la l\u00e0mpada Easy Light. Al 1982 s\u2019encarrega del projecte de remodelaci\u00f3 del Eliseu de Par\u00eds.<\/p>\n<p>Philippe Stark ha treballat per a algunes de les firmes internacionals m\u00e9s prestigioses de mobiliari entre les que destaquen: Dedon, Kartell, Driade o Emeco.<\/p>\n<p>A MIRSA interiorisme &amp; mobiliari disposem d\u2019una selecci\u00f3n de les millors col\u00b7leccions de Philippe Starck. Per a m\u00e9s informaci\u00f3, visiti el nostre Showroom o contacti amb nosaltres.<br \/>\n[\/vc_column_text][\/vc_column][\/vc_row][vc_row full_width=&#8221;stretch_row_content_no_spaces&#8221; css=&#8221;.vc_custom_1589960397272{margin-top: -20px !important;}&#8221;][vc_column][vc_separator color=&#8221;custom&#8221; accent_color=&#8221;#c7c2ba&#8221;][\/vc_column][\/vc_row][vc_row full_width=&#8221;stretch_row_content&#8221; css=&#8221;.vc_custom_1589964968246{margin-top: -20px !important;}&#8221;][vc_column][vc_column_text]<iframe id=\"embedded-ads-iframe-website\" width=\"100%\" height=\"600\" data-originsrc=\"https:\/\/mirsa.daloom.com\/es\/productos\/disenadore_philippe-starck\"><\/iframe><br \/>\n<script defer src=\"https:\/\/mirsa.daloom.com\/js\/parent-embedded-script.min.js\"><\/script>[\/vc_column_text][\/vc_column][\/vc_row][\/vc_section]<\/p>\n<\/div>","protected":false},"excerpt":{"rendered":"<p>[vc_section][vc_row full_width=&#8221;stretch_row_content&#8221;][vc_column][vc_column_text]Enrere[\/vc_column_text][\/vc_column][\/vc_row][vc_row full_width=&#8221;stretch_row_content&#8221; css=&#8221;.vc_custom_1589961005492{margin-top: -15px !important;}&#8221;][vc_column width=&#8221;1\/3&#8243;][\/vc_column][vc_column width=&#8221;2\/3&#8243;][vc_column_text]Philippe Starck es un prestigi\u00f3s dissenyador franc\u00e9s nascut a Par\u00eds l\u2019any 1949, reconegut mundialment gr\u00e0cies al seu talent i a l\u2019estil contemporani de totes les seves col\u00b7leccions. Starck va estudiar a la prestigiosa escola de disseny Ecole Nissin de Camondo. Amb tan sols 19 anys, comen\u00e7a a treballar [&hellip;]<\/p>\n","protected":false},"author":1,"featured_media":0,"parent":0,"menu_order":0,"comment_status":"closed","ping_status":"closed","template":"","meta":{"footnotes":""},"class_list":["post-50475","page","type-page","status-publish","hentry"],"aioseo_notices":[],"_links":{"self":[{"href":"https:\/\/www.mirsa.es\/ca\/wp-json\/wp\/v2\/pages\/50475","targetHints":{"allow":["GET"]}}],"collection":[{"href":"https:\/\/www.mirsa.es\/ca\/wp-json\/wp\/v2\/pages"}],"about":[{"href":"https:\/\/www.mirsa.es\/ca\/wp-json\/wp\/v2\/types\/page"}],"author":[{"embeddable":true,"href":"https:\/\/www.mirsa.es\/ca\/wp-json\/wp\/v2\/users\/1"}],"replies":[{"embeddable":true,"href":"https:\/\/www.mirsa.es\/ca\/wp-json\/wp\/v2\/comments?post=50475"}],"version-history":[{"count":0,"href":"https:\/\/www.mirsa.es\/ca\/wp-json\/wp\/v2\/pages\/50475\/revisions"}],"wp:attachment":[{"href":"https:\/\/www.mirsa.es\/ca\/wp-json\/wp\/v2\/media?parent=50475"}],"curies":[{"name":"wp","href":"https:\/\/api.w.org\/{rel}","templated":true}]}}