{"id":50471,"date":"2018-12-29T19:53:07","date_gmt":"2018-12-29T18:53:07","guid":{"rendered":"http:\/\/www.mirsa.es.mialias.net\/philippe-nigro-colecciones\/"},"modified":"2024-05-31T13:09:59","modified_gmt":"2024-05-31T13:09:59","slug":"philippe-nigro-colecciones","status":"publish","type":"page","link":"https:\/\/www.mirsa.es\/ca\/philippe-nigro-colecciones\/","title":{"rendered":"Philippe Nigro Col\u00b7leccions"},"content":{"rendered":"<div class=\"wpb-content-wrapper\"><p>[vc_section][vc_row full_width=&#8221;stretch_row_content&#8221;][vc_column][vc_column_text]<a style=\"color:black;\" href=\"javascript:history.go(-1)\" onmouseover=\"self.status=document.referrer;return true\">Atr\u00e1s<\/a>[\/vc_column_text][\/vc_column][\/vc_row][vc_row full_width=&#8221;stretch_row_content&#8221; css=&#8221;.vc_custom_1589961005492{margin-top: -15px !important;}&#8221;][vc_column width=&#8221;1\/3&#8243;]<div  class=\"wpb_content_element   clearfix\"><style type=\"text\/css\">#ut_am_6a09239b8739e { opacity: 1; }#ut_am_wrap_6a09239b8739f { text-align: left; }@media (min-width: 768px) and (max-width: 1024px) { #ut_am_wrap_6a09239b8739f { text-align: left !important; } }@media (max-width: 767px) { #ut_am_wrap_6a09239b8739f { text-align: center !important; } }<\/style><div id=\"ut_am_wrap_6a09239b8739f\" class=\"ut-image-gallery-image \"><div id=\"ut_reveal_6a09239b873a0\"  data-appear-top-offset=\"auto\" class=\"ut-animated-image-item ut-image-gallery-item ut-animation-done \"><a class=\"ut-deactivated-link\" href=\"#\"><div class=\"ut-animated-image-zoom\">\r\n        <div class=\"ut-element-glitch-wrap\">\r\n\r\n            \r\n        <style type=\"text\/css\">\r\n\r\n                        \r\n        @media (min-width: 1025px) {\r\n\r\n        #ut-element-glitch-6a09239b873c3853200277-30288 .ut-glitch-single-element {\r\n                                            \r\n                }\r\n        }\r\n\r\n        @media (min-width: 768px) and (max-width: 1024px) {\r\n\r\n        #ut-element-glitch-6a09239b873c3853200277-30288 .ut-glitch-single-element {\r\n                                                \r\n                    }\r\n        }\r\n\r\n        @media (max-width: 767px) {\r\n\r\n        #ut-element-glitch-6a09239b873c3853200277-30288 .ut-glitch-single-element {\r\n                                                \r\n                    }\r\n        }\r\n\r\n        \r\n        <\/style>\r\n\r\n        \r\n            <div id=\"ut-element-glitch-6a09239b873c3853200277-30288\" class=\" ut-element-glitch ut-glitch-none ut-element-glitch-permanent\">\r\n                <div class=\"ut-glitch-single-element ut-lozad skip-lazy\" data-background-image=\"https:\/\/www.mirsa.es\/wp-content\/uploads\/2020\/05\/philippe-nigro.jpg\"><\/div>\r\n                <div class=\"ut-glitch-single-element ut-lozad skip-lazy\" data-background-image=\"https:\/\/www.mirsa.es\/wp-content\/uploads\/2020\/05\/philippe-nigro.jpg\"><\/div>\r\n                <div class=\"ut-glitch-single-element ut-lozad skip-lazy\" data-background-image=\"https:\/\/www.mirsa.es\/wp-content\/uploads\/2020\/05\/philippe-nigro.jpg\"><\/div>\r\n                <div class=\"ut-glitch-single-element ut-lozad skip-lazy\" data-background-image=\"https:\/\/www.mirsa.es\/wp-content\/uploads\/2020\/05\/philippe-nigro.jpg\"><\/div>\r\n                <div class=\"ut-glitch-single-element ut-lozad skip-lazy\" data-background-image=\"https:\/\/www.mirsa.es\/wp-content\/uploads\/2020\/05\/philippe-nigro.jpg\"><\/div>\r\n            <\/div>\r\n\r\n        <\/div>\r\n\r\n        <img loading=\"lazy\" decoding=\"async\" class=\"ut-lazy skip-lazy ut-animated-image \"  id=\"ut_am_6a09239b8739e\" src=\"data:image\/svg+xml;charset=utf-8,%3Csvg xmlns%3D'http%3A%2F%2Fwww.w3.org%2F2000%2Fsvg' viewBox%3D'0 0 600 600'%2F%3E\" data-src=\"https:\/\/www.mirsa.es\/wp-content\/uploads\/2020\/05\/philippe-nigro.jpg\" width=\"600\" height=\"600\" alt=\"\"\/><\/div><\/a><\/div><\/div><\/div>[\/vc_column][vc_column width=&#8221;2\/3&#8243;][vc_column_text]Philippe Nigro es un reconegut dissenyador franc\u00e8s que destaca per les seves col\u00b7leccions de mobiliari contemporani per a la firma francesa Ligne Roset.<\/p>\n<p>Nigro va estudiar Arts Aplicades a la prestigiosa escola d\u2019art La Martiniere de Li\u00f3, on de seguida va comen\u00e7ar a destacar pel seu talent i creativitat.<\/p>\n<p>La seva carrera profesional va comen\u00e7ar al 1999, quan va comen\u00e7ar a treballar com a dissenyador independent i nrealitzant alguns projectes pel reconegut estudi De Lucchi a Mil\u00e0, on va materialitzar nombrosos projectes de desenvolupament de mobiliari i il\u00b7luminaci\u00f3.<\/p>\n<p>Philippe Nigro ha treballat per a importants firmes internacionals com olivetti, Poltrona Frau, Artemide, Listone Giordano\u2026<\/p>\n<p>Alguns dels seus projectes de tapisseria m\u00e9s exitosos han passat a formar part de la ic\u00f2nica col\u00b7lecci\u00f3 Confluence produ\u00efda per Ligne Roset.<\/p>\n<p>A MIRSA interiorisme &amp; mobiliari disposem d\u2019una selecci\u00f3n de les millors col\u00b7leccions de Philippe Nigro. Per a m\u00e9s informaci\u00f3 visiti el nostre Showroom o contacti amb nosaltres.<\/p>\n<p>[\/vc_column_text][\/vc_column][\/vc_row][vc_row full_width=&#8221;stretch_row_content_no_spaces&#8221; css=&#8221;.vc_custom_1589960397272{margin-top: -20px !important;}&#8221;][vc_column][vc_separator color=&#8221;custom&#8221; accent_color=&#8221;#c7c2ba&#8221;][\/vc_column][\/vc_row][vc_row full_width=&#8221;stretch_row_content&#8221; css=&#8221;.vc_custom_1589964968246{margin-top: -20px !important;}&#8221;][vc_column][vc_column_text]<iframe id=\"embedded-ads-iframe-website\" width=\"100%\" height=\"600\" data-originsrc=\"https:\/\/mirsa.daloom.com\/es\/productos\/disenadore_philippe-nigro\"><\/iframe><br \/>\n<script defer src=\"https:\/\/mirsa.daloom.com\/js\/parent-embedded-script.min.js\"><\/script>[\/vc_column_text][\/vc_column][\/vc_row][\/vc_section]<\/p>\n<\/div>","protected":false},"excerpt":{"rendered":"<p>[vc_section][vc_row full_width=&#8221;stretch_row_content&#8221;][vc_column][vc_column_text]Atr\u00e1s[\/vc_column_text][\/vc_column][\/vc_row][vc_row full_width=&#8221;stretch_row_content&#8221; css=&#8221;.vc_custom_1589961005492{margin-top: -15px !important;}&#8221;][vc_column width=&#8221;1\/3&#8243;][\/vc_column][vc_column width=&#8221;2\/3&#8243;][vc_column_text]Philippe Nigro es un reconegut dissenyador franc\u00e8s que destaca per les seves col\u00b7leccions de mobiliari contemporani per a la firma francesa Ligne Roset. Nigro va estudiar Arts Aplicades a la prestigiosa escola d\u2019art La Martiniere de Li\u00f3, on de seguida va comen\u00e7ar a destacar pel seu talent i [&hellip;]<\/p>\n","protected":false},"author":1,"featured_media":0,"parent":0,"menu_order":0,"comment_status":"closed","ping_status":"closed","template":"","meta":{"footnotes":""},"class_list":["post-50471","page","type-page","status-publish","hentry"],"aioseo_notices":[],"_links":{"self":[{"href":"https:\/\/www.mirsa.es\/ca\/wp-json\/wp\/v2\/pages\/50471","targetHints":{"allow":["GET"]}}],"collection":[{"href":"https:\/\/www.mirsa.es\/ca\/wp-json\/wp\/v2\/pages"}],"about":[{"href":"https:\/\/www.mirsa.es\/ca\/wp-json\/wp\/v2\/types\/page"}],"author":[{"embeddable":true,"href":"https:\/\/www.mirsa.es\/ca\/wp-json\/wp\/v2\/users\/1"}],"replies":[{"embeddable":true,"href":"https:\/\/www.mirsa.es\/ca\/wp-json\/wp\/v2\/comments?post=50471"}],"version-history":[{"count":0,"href":"https:\/\/www.mirsa.es\/ca\/wp-json\/wp\/v2\/pages\/50471\/revisions"}],"wp:attachment":[{"href":"https:\/\/www.mirsa.es\/ca\/wp-json\/wp\/v2\/media?parent=50471"}],"curies":[{"name":"wp","href":"https:\/\/api.w.org\/{rel}","templated":true}]}}