{"id":50424,"date":"2018-12-29T18:01:10","date_gmt":"2018-12-29T17:01:10","guid":{"rendered":"http:\/\/www.mirsa.es.mialias.net\/patricia-urquiola-colecciones\/"},"modified":"2024-06-07T08:40:24","modified_gmt":"2024-06-07T08:40:24","slug":"patricia-urquiola-colecciones","status":"publish","type":"page","link":"https:\/\/www.mirsa.es\/ca\/patricia-urquiola-colecciones\/","title":{"rendered":"Patricia Urquiola Col\u00b7leccions"},"content":{"rendered":"<div class=\"wpb-content-wrapper\"><p>[vc_section][vc_row full_width=&#8221;stretch_row_content&#8221;][vc_column][vc_column_text]<a style=\"color: black;\">Atr\u00e1s<\/a>[\/vc_column_text][\/vc_column][\/vc_row][vc_row full_width=&#8221;stretch_row_content&#8221; css=&#8221;.vc_custom_1589961005492{margin-top: -15px !important;}&#8221;][vc_column width=&#8221;1\/3&#8243;]<div  class=\"wpb_content_element   clearfix\"><style type=\"text\/css\">#ut_am_6a091a2983ecb { opacity: 1; }#ut_am_wrap_6a091a2983ecc { text-align: left; }@media (min-width: 768px) and (max-width: 1024px) { #ut_am_wrap_6a091a2983ecc { text-align: left !important; } }@media (max-width: 767px) { #ut_am_wrap_6a091a2983ecc { text-align: center !important; } }<\/style><div id=\"ut_am_wrap_6a091a2983ecc\" class=\"ut-image-gallery-image \"><div id=\"ut_reveal_6a091a2983ecd\"  data-appear-top-offset=\"auto\" class=\"ut-animated-image-item ut-image-gallery-item ut-animation-done \"><a class=\"ut-deactivated-link\" href=\"#\"><div class=\"ut-animated-image-zoom\">\r\n        <div class=\"ut-element-glitch-wrap\">\r\n\r\n            \r\n        <style type=\"text\/css\">\r\n\r\n                        \r\n        @media (min-width: 1025px) {\r\n\r\n        #ut-element-glitch-6a091a2983eef222847191-30287 .ut-glitch-single-element {\r\n                                            \r\n                }\r\n        }\r\n\r\n        @media (min-width: 768px) and (max-width: 1024px) {\r\n\r\n        #ut-element-glitch-6a091a2983eef222847191-30287 .ut-glitch-single-element {\r\n                                                \r\n                    }\r\n        }\r\n\r\n        @media (max-width: 767px) {\r\n\r\n        #ut-element-glitch-6a091a2983eef222847191-30287 .ut-glitch-single-element {\r\n                                                \r\n                    }\r\n        }\r\n\r\n        \r\n        <\/style>\r\n\r\n        \r\n            <div id=\"ut-element-glitch-6a091a2983eef222847191-30287\" class=\" ut-element-glitch ut-glitch-none ut-element-glitch-permanent\">\r\n                <div class=\"ut-glitch-single-element ut-lozad skip-lazy\" data-background-image=\"https:\/\/www.mirsa.es\/wp-content\/uploads\/2020\/05\/patricia_urquiola-1.jpg\"><\/div>\r\n                <div class=\"ut-glitch-single-element ut-lozad skip-lazy\" data-background-image=\"https:\/\/www.mirsa.es\/wp-content\/uploads\/2020\/05\/patricia_urquiola-1.jpg\"><\/div>\r\n                <div class=\"ut-glitch-single-element ut-lozad skip-lazy\" data-background-image=\"https:\/\/www.mirsa.es\/wp-content\/uploads\/2020\/05\/patricia_urquiola-1.jpg\"><\/div>\r\n                <div class=\"ut-glitch-single-element ut-lozad skip-lazy\" data-background-image=\"https:\/\/www.mirsa.es\/wp-content\/uploads\/2020\/05\/patricia_urquiola-1.jpg\"><\/div>\r\n                <div class=\"ut-glitch-single-element ut-lozad skip-lazy\" data-background-image=\"https:\/\/www.mirsa.es\/wp-content\/uploads\/2020\/05\/patricia_urquiola-1.jpg\"><\/div>\r\n            <\/div>\r\n\r\n        <\/div>\r\n\r\n        <img loading=\"lazy\" decoding=\"async\" class=\"ut-lazy skip-lazy ut-animated-image \"  id=\"ut_am_6a091a2983ecb\" src=\"data:image\/svg+xml;charset=utf-8,%3Csvg xmlns%3D'http%3A%2F%2Fwww.w3.org%2F2000%2Fsvg' viewBox%3D'0 0 600 600'%2F%3E\" data-src=\"https:\/\/www.mirsa.es\/wp-content\/uploads\/2020\/05\/patricia_urquiola-1.jpg\" width=\"600\" height=\"600\" alt=\"\"\/><\/div><\/a><\/div><\/div><\/div>[\/vc_column][vc_column width=&#8221;2\/3&#8243;][vc_column_text]Patricia Urquiola \u00e9s una prestigiosa dissenyadora reconeguda mundialment gr\u00e0cies al seu talent i creativitat, que ha col\u00b7laborat amb algunes de les millors firmes internacionals de mobiliari.<\/p>\n<p>Urquiola va cursar bona part dels seus estudis en la Universitat Polit\u00e8cnica de Madrid i posteriorment es va graduar en arquitectura en la reconeguda Universitat Polit\u00e8cnica de Mil\u00e0.<\/p>\n<p>A partir de 1989 exerceix com a professora ajudant de Achille Castiglione que, com es veuria m\u00e9s endavant en els seus projectes, va influir de manera determinant a la carrera professional de la dissenyadora.<\/p>\n<p>Al 2001 decideix obrir el seu propi estudi de disseny, especialitzant-se en l\u2019elaboraci\u00f3 de projectes arquitect\u00f2nics i instal\u00b7lacions. Alguns dels seus projectes m\u00e9s prestigiosos s\u00f3n: L\u2019Hotel Mandar\u00edn Oriental de Barcelona, Das Stue Hotel a Berl\u00edn i el lux\u00f3s hotel Four Seasons de Mil\u00e0.<\/p>\n<p>Urquiola ha treballat per a algunes de les millors firmes de disseny com: Molteni &amp; C, B&amp;B Italia, Riva 1920, Driade, Agape, Moroso, Kartell\u2026<\/p>\n<p>Els seus projectes han estat exposats en alguns dels millors museus del m\u00f3n com el MoMa de Nova York, el museu de disseny de Z\u00farich o el fam\u00f3s museu Triennale de Mil\u00e0.<\/p>\n<p>Gracias a su talento y a su creatividad ha recibido algunos de los reconocimientos m\u00e1s importantes dentro del mundo de la arquitectura y el dise\u00f1o. La Medalla de Oro al M\u00e9rito en las Bellas Artes o el Elle Decor International son solo algunos ejemplos.<\/p>\n<p>Gr\u00e0cies al seu talent i a la seva creativitat ha rebut alguns dels reconeixements m\u00e9s importants dins el m\u00f3n de l&#8217;arquitectura i el disseny. La Medalla d&#8217;Or al M\u00e8rit en les Belles Arts o el &#8220;Elle Decor International&#8221; s\u00f3n alguns exemples.<\/p>\n<p>A MIRSA interiorisme &amp; mobiliari disposem d&#8217;una selecci\u00f3 de les millors col\u00b7leccions de Patricia Urquiola. Per a m\u00e9s informaci\u00f3, visiti el nostre Showroom o contacti amb nosaltres.<\/p>\n<p>[\/vc_column_text][\/vc_column][\/vc_row][vc_row full_width=&#8221;stretch_row_content_no_spaces&#8221; css=&#8221;.vc_custom_1589960397272{margin-top: -20px !important;}&#8221;][vc_column][vc_separator color=&#8221;custom&#8221; accent_color=&#8221;#c7c2ba&#8221;][\/vc_column][\/vc_row][vc_row full_width=&#8221;stretch_row_content&#8221; css=&#8221;.vc_custom_1589964968246{margin-top: -20px !important;}&#8221;][vc_column][vc_column_text]<iframe id=\"embedded-ads-iframe-website\" width=\"100%\" height=\"600\" data-originsrc=\"https:\/\/mirsa.daloom.com\/es\/productos\/disenadore_patricia-urquiola\"><\/iframe><br \/>\n<script defer src=\"https:\/\/mirsa.daloom.com\/js\/parent-embedded-script.min.js\"><\/script>[\/vc_column_text][\/vc_column][\/vc_row][\/vc_section]<\/p>\n<\/div>","protected":false},"excerpt":{"rendered":"<p>[vc_section][vc_row full_width=&#8221;stretch_row_content&#8221;][vc_column][vc_column_text]Atr\u00e1s[\/vc_column_text][\/vc_column][\/vc_row][vc_row full_width=&#8221;stretch_row_content&#8221; css=&#8221;.vc_custom_1589961005492{margin-top: -15px !important;}&#8221;][vc_column width=&#8221;1\/3&#8243;][\/vc_column][vc_column width=&#8221;2\/3&#8243;][vc_column_text]Patricia Urquiola \u00e9s una prestigiosa dissenyadora reconeguda mundialment gr\u00e0cies al seu talent i creativitat, que ha col\u00b7laborat amb algunes de les millors firmes internacionals de mobiliari. Urquiola va cursar bona part dels seus estudis en la Universitat Polit\u00e8cnica de Madrid i posteriorment es va graduar en arquitectura en [&hellip;]<\/p>\n","protected":false},"author":1,"featured_media":0,"parent":0,"menu_order":0,"comment_status":"closed","ping_status":"closed","template":"","meta":{"footnotes":""},"class_list":["post-50424","page","type-page","status-publish","hentry"],"aioseo_notices":[],"_links":{"self":[{"href":"https:\/\/www.mirsa.es\/ca\/wp-json\/wp\/v2\/pages\/50424","targetHints":{"allow":["GET"]}}],"collection":[{"href":"https:\/\/www.mirsa.es\/ca\/wp-json\/wp\/v2\/pages"}],"about":[{"href":"https:\/\/www.mirsa.es\/ca\/wp-json\/wp\/v2\/types\/page"}],"author":[{"embeddable":true,"href":"https:\/\/www.mirsa.es\/ca\/wp-json\/wp\/v2\/users\/1"}],"replies":[{"embeddable":true,"href":"https:\/\/www.mirsa.es\/ca\/wp-json\/wp\/v2\/comments?post=50424"}],"version-history":[{"count":0,"href":"https:\/\/www.mirsa.es\/ca\/wp-json\/wp\/v2\/pages\/50424\/revisions"}],"wp:attachment":[{"href":"https:\/\/www.mirsa.es\/ca\/wp-json\/wp\/v2\/media?parent=50424"}],"curies":[{"name":"wp","href":"https:\/\/api.w.org\/{rel}","templated":true}]}}