{"id":50410,"date":"2018-06-21T09:48:50","date_gmt":"2018-06-21T07:48:50","guid":{"rendered":"http:\/\/www.mirsa.es.mialias.net\/parri-design-sillas\/"},"modified":"2024-05-22T11:15:54","modified_gmt":"2024-05-22T11:15:54","slug":"parri-design-sillas","status":"publish","type":"page","link":"https:\/\/www.mirsa.es\/ca\/parri-design-sillas\/","title":{"rendered":"Parri Design Cadires"},"content":{"rendered":"<div class=\"wpb-content-wrapper\"><p>[vc_row css=&#8221;.vc_custom_1583596731269{margin-left: -50px !important;}&#8221;][vc_column][vc_column_text]<a href=\"javascript:history.go(-1)\" onmouseover=\"self.status=document.referrer;return true\" style=\"color: black;\">Enrere<\/a>[\/vc_column_text][\/vc_column][\/vc_row][vc_row][vc_column][vc_column_text]<\/p>\n<h5><img decoding=\"async\" class=\"wp-image-1077 size-large aligncenter\" title=\"Parri Design Sillas\" src=\"\/wp-content\/uploads\/2020\/06\/parri_design_sillas.jpg\" alt=\"Parri Design Sillas\" width=\"100%\" height=\"400\" \/><\/h5>\n<p style=\"font-size: 16px; text-align: left;\"><strong>Parri Design \u00e9s una reconeguda firma italiana dedicada a la fabricaci\u00f3 i distribuci\u00f3 de cadires de disseny contemporani.<\/strong><\/p>\n<p style=\"font-size: 16px; text-align: left;\">La marca destaca per l\u2019\u00e0mplia varietat de colors i variants que disposa per a cada una de les seves col\u00b7leccions, oferint aix\u00ed solucions personalitzades per a cada ambient. Els dissenys de Parri es caracteritzen per l\u00fas de materials i per l\u2019experimentaci\u00f3 amb processos de producci\u00f3 innovadors.<\/p>\n<p style=\"font-size: 16px; text-align: left;\">Alguns dels dissenyadors m\u00e9s prestigiosos d\u2019It\u00e0lia han treballat per a la firma, facilitant la seva consolidaci\u00f3 com un referent dins del disseny itali\u00e0. Les seves col\u00b7leccions m\u00e9s ic\u00f2niques han estat guardonades amb alguns del millors premis del sector, com l\u2019internacional GRANDESIGN Award o el Good Design Award al 2008.<\/p>\n<p style=\"font-size: 16px; text-align: left;\">A MIRSA interiorisme &#038; mobiliari som distribu\u00efdors oficials de cadires Parri Design. Per a m\u00e9s informaci\u00f3, visiti el nostre Showroom o contacti amb nosaltres.<\/p>\n<p>[\/vc_column_text][vc_row_inner][vc_column_inner width=&#8221;1\/3&#8243;][\/vc_column_inner][vc_column_inner width=&#8221;1\/3&#8243;]<style type=\"text\/css\">#bklyn_btn_6a0923cf3d6a0 .bklyn-btn { color:#ffffff !important; background-color:black !important; }<\/style><div id=\"bklyn_btn_6a0923cf3d6a0\" class=\"bklyn-btn-holder  bklyn-btn-center bklyn-btn-tablet-center bklyn-btn-mobile-center\"><a title=\"Contacto\"   href=\"\/contacto\" target=\"_self\" class=\"bklyn-btn  bklyn-btn-icon-left bklyn-btn-normal\" ><i class=\"fa fa-envelope\"><\/i><span class=\"ut-btn-text\">M\u00e9s informaci\u00f3<\/span><\/a><\/div>[\/vc_column_inner][vc_column_inner width=&#8221;1\/3&#8243;][\/vc_column_inner][\/vc_row_inner][\/vc_column][\/vc_row]<\/p>\n<\/div>","protected":false},"excerpt":{"rendered":"<p>[vc_row css=&#8221;.vc_custom_1583596731269{margin-left: -50px !important;}&#8221;][vc_column][vc_column_text]Enrere[\/vc_column_text][\/vc_column][\/vc_row][vc_row][vc_column][vc_column_text] Parri Design \u00e9s una reconeguda firma italiana dedicada a la fabricaci\u00f3 i distribuci\u00f3 de cadires de disseny contemporani. La marca destaca per l\u2019\u00e0mplia varietat de colors i variants que disposa per a cada una de les seves col\u00b7leccions, oferint aix\u00ed solucions personalitzades per a cada ambient. Els dissenys de Parri es [&hellip;]<\/p>\n","protected":false},"author":1,"featured_media":0,"parent":0,"menu_order":0,"comment_status":"closed","ping_status":"closed","template":"","meta":{"footnotes":""},"class_list":["post-50410","page","type-page","status-publish","hentry"],"aioseo_notices":[],"_links":{"self":[{"href":"https:\/\/www.mirsa.es\/ca\/wp-json\/wp\/v2\/pages\/50410","targetHints":{"allow":["GET"]}}],"collection":[{"href":"https:\/\/www.mirsa.es\/ca\/wp-json\/wp\/v2\/pages"}],"about":[{"href":"https:\/\/www.mirsa.es\/ca\/wp-json\/wp\/v2\/types\/page"}],"author":[{"embeddable":true,"href":"https:\/\/www.mirsa.es\/ca\/wp-json\/wp\/v2\/users\/1"}],"replies":[{"embeddable":true,"href":"https:\/\/www.mirsa.es\/ca\/wp-json\/wp\/v2\/comments?post=50410"}],"version-history":[{"count":0,"href":"https:\/\/www.mirsa.es\/ca\/wp-json\/wp\/v2\/pages\/50410\/revisions"}],"wp:attachment":[{"href":"https:\/\/www.mirsa.es\/ca\/wp-json\/wp\/v2\/media?parent=50410"}],"curies":[{"name":"wp","href":"https:\/\/api.w.org\/{rel}","templated":true}]}}