{"id":50406,"date":"2017-05-27T12:56:49","date_gmt":"2017-05-27T10:56:49","guid":{"rendered":"http:\/\/www.mirsa.es.mialias.net\/parquet-balterio\/"},"modified":"2021-03-16T17:23:59","modified_gmt":"2021-03-16T17:23:59","slug":"parquet-balterio","status":"publish","type":"page","link":"https:\/\/www.mirsa.es\/ca\/parquet-balterio\/","title":{"rendered":"Parquet Balterio"},"content":{"rendered":"<div class=\"wpb-content-wrapper\"><p>[vc_row css=&#8221;.vc_custom_1584610340310{margin-left: -70px !important;}&#8221;][vc_column][vc_column_text]<a style=\"color:black;\" href=\"javascript:history.go(-1)\" onmouseover=\"self.status=document.referrer;return true\">Enrere<\/a>[\/vc_column_text][\/vc_column][\/vc_row][vc_row css=&#8221;.vc_custom_1584609509397{margin-top: -20px !important;}&#8221;][vc_column][vc_column_text]<\/p>\n<p><img decoding=\"async\" class=\"wp-image-1077 size-large aligncenter\" title=\"Parquet Balterio\" src=\"http:\/\/www.mirsa.es\/wp-content\/uploads\/2018\/04\/balterio_suelos_laminados.jpg\" alt=\"Parquet Balterio\" width=\"100%\" height=\"400\"\/><\/p>\n<h2 style=\"font-size: 16px; text-align: left;><strong>Balterio \u00e9s una reconeguda marca de parquet amb m\u00e9s de 30 anys d\u2019experi\u00e8ncia en la fabricaci\u00f3 i distribuci\u00f3 de terres laminats.<\/strong><\/h2>\n<p style=\"font-size: 16px; text-align: left;\">La gran quantitat dels materials utilitzats per la firma per a la producci\u00f3 de terres lamitats, assegura una llarga vida \u00fatil de la instal\u201dlaci\u00f3. Balterio \u00e9s un referent en la producci\u00f3 de terres, tarimes i paviments, i ofereix una gran quantitat de solucions per a tot tipus de vivendes i instal\u00b7lacions.<\/p>\n<p style=\"font-size: 16px; text-align: left;\">Els productes de la marca es caracteritzen pel seu f\u00e0cil manteniment i pel seu aspecte natural, que transmet eleg\u00e0ncia i calidesa.<\/p>\n<p style=\"font-size: 16px; text-align: left;\">A MIRSA interiorisme &#038; mobiliari som distribu\u00efdors oficials Balterio. Per a m\u00e9s informaci\u00f3 visiti la nostra exposici\u00f3 o contacti amb nosaltres.<\/p>\n<p>[\/vc_column_text][vc_row_inner][vc_column_inner width=&#8221;1\/3&#8243;][\/vc_column_inner][vc_column_inner width=&#8221;1\/3&#8243;]<style type=\"text\/css\">#bklyn_btn_6a09239cd88ff .bklyn-btn { color:#ffffff !important; border-color:#ffffff !important; border-width:1px !important; background-color:rgba(0, 0, 0, 0.93) !important; }#bklyn_btn_6a09239cd88ff .bklyn-btn:hover{ color:#0a0a0a !important; background-color:#ffffff !important; }#bklyn_btn_6a09239cd88ff .bklyn-btn:focus{ color:#0a0a0a !important; background-color:#ffffff !important; }#bklyn_btn_6a09239cd88ff .bklyn-btn:active { color:#0a0a0a !important; background-color:#ffffff !important; }#bklyn_btn_6a09239cd88ff a.bklyn-btn { font-weight:600 !important; }#bklyn_btn_6a09239cd88ff.bklyn-btn-header a.bklyn-btn { font-weight:600 !important; }#bklyn_btn_6a09239cd88ff.bklyn-btn-header a.bklyn-btn span { font-weight:600 !important; }#bklyn_btn_6a09239cd88ff a.bklyn-btn { font-family:inherit !important; }#bklyn_btn_6a09239cd88ff a i:before { font-size:12px; }#bklyn_btn_6a09239cd88ff.bklyn-btn-holder a { margin-top:40px }<\/style><div id=\"bklyn_btn_6a09239cd88ff\" class=\"bklyn-btn-holder  bklyn-btn-center bklyn-btn-tablet-center bklyn-btn-mobile-center\"><a title=\"Contacto\"   href=\"\/contacte-con-nosotros\/\" target=\"_self\" class=\"bklyn-btn  bklyn-btn-outline bklyn-btn-icon-left bklyn-btn-small\" ><i class=\"fa fa-envelope-o\"><\/i><span class=\"ut-btn-text\">M\u00e9s informaci\u00f3<\/span><\/a><\/div>[\/vc_column_inner][vc_column_inner width=&#8221;1\/3&#8243;][\/vc_column_inner][\/vc_row_inner][\/vc_column][\/vc_row]<\/p>\n<\/div>","protected":false},"excerpt":{"rendered":"<p>[vc_row css=&#8221;.vc_custom_1584610340310{margin-left: -70px !important;}&#8221;][vc_column][vc_column_text]Enrere[\/vc_column_text][\/vc_column][\/vc_row][vc_row css=&#8221;.vc_custom_1584609509397{margin-top: -20px !important;}&#8221;][vc_column][vc_column_text]<\/p>\n","protected":false},"author":1,"featured_media":0,"parent":0,"menu_order":0,"comment_status":"closed","ping_status":"closed","template":"","meta":{"footnotes":""},"class_list":["post-50406","page","type-page","status-publish","hentry"],"aioseo_notices":[],"_links":{"self":[{"href":"https:\/\/www.mirsa.es\/ca\/wp-json\/wp\/v2\/pages\/50406","targetHints":{"allow":["GET"]}}],"collection":[{"href":"https:\/\/www.mirsa.es\/ca\/wp-json\/wp\/v2\/pages"}],"about":[{"href":"https:\/\/www.mirsa.es\/ca\/wp-json\/wp\/v2\/types\/page"}],"author":[{"embeddable":true,"href":"https:\/\/www.mirsa.es\/ca\/wp-json\/wp\/v2\/users\/1"}],"replies":[{"embeddable":true,"href":"https:\/\/www.mirsa.es\/ca\/wp-json\/wp\/v2\/comments?post=50406"}],"version-history":[{"count":0,"href":"https:\/\/www.mirsa.es\/ca\/wp-json\/wp\/v2\/pages\/50406\/revisions"}],"wp:attachment":[{"href":"https:\/\/www.mirsa.es\/ca\/wp-json\/wp\/v2\/media?parent=50406"}],"curies":[{"name":"wp","href":"https:\/\/api.w.org\/{rel}","templated":true}]}}