{"id":50369,"date":"2018-12-29T17:42:16","date_gmt":"2018-12-29T16:42:16","guid":{"rendered":"http:\/\/www.mirsa.es.mialias.net\/paolo-piva-colecciones\/"},"modified":"2024-06-07T08:04:32","modified_gmt":"2024-06-07T08:04:32","slug":"paolo-piva-colecciones","status":"publish","type":"page","link":"https:\/\/www.mirsa.es\/ca\/paolo-piva-colecciones\/","title":{"rendered":"Paolo Piva Col\u00b7leccions"},"content":{"rendered":"<div class=\"wpb-content-wrapper\"><p>[vc_section][vc_row full_width=&#8221;stretch_row_content&#8221;][vc_column][vc_column_text]<a style=\"color:black;\" href=\"javascript:history.go(-1)\" onmouseover=\"self.status=document.referrer;return true\">Atr\u00e1s<\/a>[\/vc_column_text][\/vc_column][\/vc_row][vc_row full_width=&#8221;stretch_row_content&#8221; css=&#8221;.vc_custom_1589961005492{margin-top: -15px !important;}&#8221;][vc_column width=&#8221;1\/3&#8243;]<div  class=\"wpb_content_element   clearfix\"><style type=\"text\/css\">#ut_am_6a09239c625b1 { opacity: 1; }#ut_am_wrap_6a09239c625b2 { text-align: left; }@media (min-width: 768px) and (max-width: 1024px) { #ut_am_wrap_6a09239c625b2 { text-align: left !important; } }@media (max-width: 767px) { #ut_am_wrap_6a09239c625b2 { text-align: center !important; } }<\/style><div id=\"ut_am_wrap_6a09239c625b2\" class=\"ut-image-gallery-image \"><div id=\"ut_reveal_6a09239c625b3\"  data-appear-top-offset=\"auto\" class=\"ut-animated-image-item ut-image-gallery-item ut-animation-done \"><a class=\"ut-deactivated-link\" href=\"#\"><div class=\"ut-animated-image-zoom\">\r\n        <div class=\"ut-element-glitch-wrap\">\r\n\r\n            \r\n        <style type=\"text\/css\">\r\n\r\n                        \r\n        @media (min-width: 1025px) {\r\n\r\n        #ut-element-glitch-6a09239c625d6541158968-30286 .ut-glitch-single-element {\r\n                                            \r\n                }\r\n        }\r\n\r\n        @media (min-width: 768px) and (max-width: 1024px) {\r\n\r\n        #ut-element-glitch-6a09239c625d6541158968-30286 .ut-glitch-single-element {\r\n                                                \r\n                    }\r\n        }\r\n\r\n        @media (max-width: 767px) {\r\n\r\n        #ut-element-glitch-6a09239c625d6541158968-30286 .ut-glitch-single-element {\r\n                                                \r\n                    }\r\n        }\r\n\r\n        \r\n        <\/style>\r\n\r\n        \r\n            <div id=\"ut-element-glitch-6a09239c625d6541158968-30286\" class=\" ut-element-glitch ut-glitch-none ut-element-glitch-permanent\">\r\n                <div class=\"ut-glitch-single-element ut-lozad skip-lazy\" data-background-image=\"https:\/\/www.mirsa.es\/wp-content\/uploads\/2020\/05\/paolo_piva.jpg\"><\/div>\r\n                <div class=\"ut-glitch-single-element ut-lozad skip-lazy\" data-background-image=\"https:\/\/www.mirsa.es\/wp-content\/uploads\/2020\/05\/paolo_piva.jpg\"><\/div>\r\n                <div class=\"ut-glitch-single-element ut-lozad skip-lazy\" data-background-image=\"https:\/\/www.mirsa.es\/wp-content\/uploads\/2020\/05\/paolo_piva.jpg\"><\/div>\r\n                <div class=\"ut-glitch-single-element ut-lozad skip-lazy\" data-background-image=\"https:\/\/www.mirsa.es\/wp-content\/uploads\/2020\/05\/paolo_piva.jpg\"><\/div>\r\n                <div class=\"ut-glitch-single-element ut-lozad skip-lazy\" data-background-image=\"https:\/\/www.mirsa.es\/wp-content\/uploads\/2020\/05\/paolo_piva.jpg\"><\/div>\r\n            <\/div>\r\n\r\n        <\/div>\r\n\r\n        <img loading=\"lazy\" decoding=\"async\" class=\"ut-lazy skip-lazy ut-animated-image \"  id=\"ut_am_6a09239c625b1\" src=\"data:image\/svg+xml;charset=utf-8,%3Csvg xmlns%3D'http%3A%2F%2Fwww.w3.org%2F2000%2Fsvg' viewBox%3D'0 0 600 600'%2F%3E\" data-src=\"https:\/\/www.mirsa.es\/wp-content\/uploads\/2020\/05\/paolo_piva.jpg\" width=\"600\" height=\"600\" alt=\"\"\/><\/div><\/a><\/div><\/div><\/div>[\/vc_column][vc_column width=&#8221;2\/3&#8243;][vc_column_text]Paolo Piva es un reconegut arquitecte i dissenyador itali\u00e0 nascut al 1950, actualmente considerat tota una referencia en el m\u00f3n del disseny.<\/p>\n<p>Al 1968 Pica comen\u00e7a els seus estudis a la facultat d\u2019arquitectura de la prestigiosa universitat de Venecia, especialitzant-se en la investigaci\u00f3n en el camp visual. Durant els anys 70 va realizar els seus primers projectes internacionals a les ciutats de Viena i Modena.<\/p>\n<p>Al 1975 va ser l\u2019encarregat de redissenyar l\u2019institut d\u2019hist\u00f2ria i arquitectura de Venecia i aquest mateix any va col\u00b7laborar amb la akademie f\u00fcr angewandten kunst de Viena per a planificar la gran exposici\u00f3n que va tenir lloc a la ciutat al 1980.<\/p>\n<p>Al 1980 Kuwait li assigna el projecte de la seva embaixada a Qtar. Al 1985 s\u2019encarrega de la remodelaci\u00f3 de la seu central de Lingotto Fiat de Tur\u00edn, i al 1986 presenta el projecte de restructuraci\u00f3 del Palau remer de Ven\u00e8cia.Al 1980 Kuwait li assigna el projecte de la seva embaixada a Qtar.<\/p>\n<p>Al 1987 va ser guardonat amb el XIII Compasso D\u2019Oro, un dels premis m\u00e9s prestigiosos del m\u00f3n del disseny. Des del 1988 es profesor associat de la Akademie f\u00fcr Angewandten Kunst de Viena.<\/p>\n<p>A MIRSA interiorisme &amp; mobiliari disposem d\u2019una slecci\u00f3 de les millors col\u00b7leccions de Paolo Piva. Per a m\u00e9s informaci\u00f3n, visiti el nostre Showroom o contacti amb nosaltres.<\/p>\n<p>[\/vc_column_text][\/vc_column][\/vc_row][vc_row full_width=&#8221;stretch_row_content_no_spaces&#8221; css=&#8221;.vc_custom_1589960397272{margin-top: -20px !important;}&#8221;][vc_column][vc_separator color=&#8221;custom&#8221; accent_color=&#8221;#c7c2ba&#8221;][\/vc_column][\/vc_row][vc_row full_width=&#8221;stretch_row_content&#8221; css=&#8221;.vc_custom_1589964968246{margin-top: -20px !important;}&#8221;][vc_column][vc_column_text]<iframe id=\"embedded-ads-iframe-website\" width=\"100%\" height=\"600\" data-originsrc=\"https:\/\/mirsa.daloom.com\/es\/productos\/disenadore_paolo-piva\"><\/iframe><br \/>\n<script defer src=\"https:\/\/mirsa.daloom.com\/js\/parent-embedded-script.min.js\"><\/script>[\/vc_column_text][\/vc_column][\/vc_row][\/vc_section]<\/p>\n<\/div>","protected":false},"excerpt":{"rendered":"<p>[vc_section][vc_row full_width=&#8221;stretch_row_content&#8221;][vc_column][vc_column_text]Atr\u00e1s[\/vc_column_text][\/vc_column][\/vc_row][vc_row full_width=&#8221;stretch_row_content&#8221; css=&#8221;.vc_custom_1589961005492{margin-top: -15px !important;}&#8221;][vc_column width=&#8221;1\/3&#8243;][\/vc_column][vc_column width=&#8221;2\/3&#8243;][vc_column_text]Paolo Piva es un reconegut arquitecte i dissenyador itali\u00e0 nascut al 1950, actualmente considerat tota una referencia en el m\u00f3n del disseny. Al 1968 Pica comen\u00e7a els seus estudis a la facultat d\u2019arquitectura de la prestigiosa universitat de Venecia, especialitzant-se en la investigaci\u00f3n en el camp visual. Durant [&hellip;]<\/p>\n","protected":false},"author":1,"featured_media":0,"parent":0,"menu_order":0,"comment_status":"closed","ping_status":"closed","template":"","meta":{"footnotes":""},"class_list":["post-50369","page","type-page","status-publish","hentry"],"aioseo_notices":[],"_links":{"self":[{"href":"https:\/\/www.mirsa.es\/ca\/wp-json\/wp\/v2\/pages\/50369","targetHints":{"allow":["GET"]}}],"collection":[{"href":"https:\/\/www.mirsa.es\/ca\/wp-json\/wp\/v2\/pages"}],"about":[{"href":"https:\/\/www.mirsa.es\/ca\/wp-json\/wp\/v2\/types\/page"}],"author":[{"embeddable":true,"href":"https:\/\/www.mirsa.es\/ca\/wp-json\/wp\/v2\/users\/1"}],"replies":[{"embeddable":true,"href":"https:\/\/www.mirsa.es\/ca\/wp-json\/wp\/v2\/comments?post=50369"}],"version-history":[{"count":0,"href":"https:\/\/www.mirsa.es\/ca\/wp-json\/wp\/v2\/pages\/50369\/revisions"}],"wp:attachment":[{"href":"https:\/\/www.mirsa.es\/ca\/wp-json\/wp\/v2\/media?parent=50369"}],"curies":[{"name":"wp","href":"https:\/\/api.w.org\/{rel}","templated":true}]}}