{"id":50365,"date":"2017-10-06T18:34:02","date_gmt":"2017-10-06T16:34:02","guid":{"rendered":"http:\/\/www.mirsa.es.mialias.net\/panna-cotta-molteni-c\/"},"modified":"2021-02-04T16:31:08","modified_gmt":"2021-02-04T16:31:08","slug":"panna-cotta-molteni-c","status":"publish","type":"page","link":"https:\/\/www.mirsa.es\/ca\/panna-cotta-molteni-c\/","title":{"rendered":"Panna Cotta Molteni &#038; C"},"content":{"rendered":"<div class=\"wpb-content-wrapper\"><p>[vc_row][vc_column][vc_column_text]<\/p>\n<h5><img decoding=\"async\" class=\"wp-image-1077 size-large aligncenter\" title=\"Panna Cotta Molteni &#038; C\" src=\"\/wp-content\/uploads\/2021\/02\/panna_cotta_molteni_c_portada.jpg\" alt=\"Panna Cotta Molteni &#038; C\" width=\"100%\" height=\"400\" \/><\/h5>\n<p style=\"font-size: 16px; text-align: left;\"><strong>Panna Cotta de Molteni &#038; c \u00e9s un elegant conjunt de tauletes de centre que encaixa a la perfecci\u00f3 en els salons i menjadors m\u00e9s exclusius.<br \/>\n<\/strong><\/p>\n<p style=\"font-size: 16px; text-align: left;\">El dissenyador Ron Gilad, converteix el marbre i el ferro en els principals protagonistes de la tauleta, aconseguint una estabilitat fr\u00e0gil i refinada.<\/p>\n<p style=\"font-size: 16px; text-align: left;\">La pe\u00e7a es presenta en una versi\u00f3 arrodonida i una altra ovalada i es caracteritza per la subtil vibraci\u00f3 del sobre, que recorda el tradicional postre de cullera itali\u00e0 en el qual s\u2019inspira la col\u00b7lecci\u00f3.<\/p>\n<p style=\"font-size: 16px; text-align: left;\">A MIRSA interiorisme &#038; mobiliari disposem en exclusiva de la col\u00b7lecci\u00f3 Panna Cotta. Per a m\u00e9s informaci\u00f3, visiti les nostres instal\u00b7lacions o contacti amb nosaltres.<\/p>\n<p>[\/vc_column_text][vc_row_inner][vc_column_inner]<style type=\"text\/css\">#bklyn_btn_69d18d3c7575c .bklyn-btn { color:#ffffff !important; background-color:black !important; }<\/style><div id=\"bklyn_btn_69d18d3c7575c\" class=\"bklyn-btn-holder  bklyn-btn-center bklyn-btn-tablet-center bklyn-btn-mobile-center\"><a title=\"Contacto\"   href=\"\/contacto\" target=\"_self\" class=\"bklyn-btn  bklyn-btn-icon-left bklyn-btn-normal\" ><i class=\"fa fa-envelope\"><\/i><span class=\"ut-btn-text\">M\u00e9s informaci\u00f3<\/span><\/a><\/div>[\/vc_column_inner][\/vc_row_inner][\/vc_column][\/vc_row]<\/p>\n<\/div>","protected":false},"excerpt":{"rendered":"<p>[vc_row][vc_column][vc_column_text] Panna Cotta de Molteni &#038; c \u00e9s un elegant conjunt de tauletes de centre que encaixa a la perfecci\u00f3 en els salons i menjadors m\u00e9s exclusius. El dissenyador Ron Gilad, converteix el marbre i el ferro en els principals protagonistes de la tauleta, aconseguint una estabilitat fr\u00e0gil i refinada. La pe\u00e7a es presenta en [&hellip;]<\/p>\n","protected":false},"author":1,"featured_media":0,"parent":0,"menu_order":0,"comment_status":"closed","ping_status":"closed","template":"","meta":{"footnotes":""},"class_list":["post-50365","page","type-page","status-publish","hentry"],"aioseo_notices":[],"_links":{"self":[{"href":"https:\/\/www.mirsa.es\/ca\/wp-json\/wp\/v2\/pages\/50365","targetHints":{"allow":["GET"]}}],"collection":[{"href":"https:\/\/www.mirsa.es\/ca\/wp-json\/wp\/v2\/pages"}],"about":[{"href":"https:\/\/www.mirsa.es\/ca\/wp-json\/wp\/v2\/types\/page"}],"author":[{"embeddable":true,"href":"https:\/\/www.mirsa.es\/ca\/wp-json\/wp\/v2\/users\/1"}],"replies":[{"embeddable":true,"href":"https:\/\/www.mirsa.es\/ca\/wp-json\/wp\/v2\/comments?post=50365"}],"version-history":[{"count":0,"href":"https:\/\/www.mirsa.es\/ca\/wp-json\/wp\/v2\/pages\/50365\/revisions"}],"wp:attachment":[{"href":"https:\/\/www.mirsa.es\/ca\/wp-json\/wp\/v2\/media?parent=50365"}],"curies":[{"name":"wp","href":"https:\/\/api.w.org\/{rel}","templated":true}]}}