{"id":50331,"date":"2019-07-23T19:47:42","date_gmt":"2019-07-23T17:47:42","guid":{"rendered":"http:\/\/www.mirsa.es.mialias.net\/pab-bb-italia\/"},"modified":"2021-02-04T11:10:53","modified_gmt":"2021-02-04T11:10:53","slug":"pab-bb-italia","status":"publish","type":"page","link":"https:\/\/www.mirsa.es\/ca\/pab-bb-italia\/","title":{"rendered":"Pab B&#038;B Italia"},"content":{"rendered":"<div class=\"wpb-content-wrapper\"><p>[vc_row][vc_column][vc_column_text]<\/p>\n<h5><img decoding=\"async\" class=\"wp-image-1077 size-large aligncenter\" title=\"Pab B&#038;B Italia\" src=\"\/wp-content\/uploads\/2020\/08\/armida_desalto.jpg\" alt=\"Pab B&#038;B Italia\" width=\"100%\" height=\"400\"\/><\/h5>\n<p style=\"font-size: 16px; text-align: left;\"><strong>Pab de la prestigiosa firma B&#038;B Italia \u00e9s un exclusiu sistema de contenidors per a la zona de dia patentat pel reconegut dissenyador itali\u00e0 Giuseppe Manente.<\/strong><\/p>\n<p style=\"font-size: 16px; text-align: left;\">El seu disseny transmet lleugeresa i eleg\u00e0ncia, que s\u2019aconsegueix mitjan\u00e7ant un complex proc\u00e9s de producci\u00f3, on s\u2019apliquen les t\u00e8cniques m\u00e9s innovadores i es treballa amb materials d\u2019alta qualitat.<\/p>\n<p style=\"font-size: 16px; text-align: left;\">Una veritable obra d\u2019enginyeria del llenguatge contemporani, que pot sintetitzar-se en senzillesa est\u00e8tica, eleg\u00e0ncia i qualitat. Gr\u00e0cies a la versatilitat del sistema, Pab pot instal\u00b7lar-se sense dificultats en qualsevol tipus d\u2019espai.<\/p>\n<p style=\"font-size: 16px; text-align: left;\">A MIRSA interiorisme &#038; mobiliari som distribu\u00efdors oficials B&#038;B Italia. Per a m\u00e9s informaci\u00f3, visiti el nostre Showroom o contacti amb nosaltres.<\/p>\n<p>[\/vc_column_text][vc_row_inner][vc_column_inner]<style type=\"text\/css\">#bklyn_btn_69d2113633dcf .bklyn-btn { color:#ffffff !important; background-color:black !important; }<\/style><div id=\"bklyn_btn_69d2113633dcf\" class=\"bklyn-btn-holder  bklyn-btn-center bklyn-btn-tablet-center bklyn-btn-mobile-center\"><a title=\"Contacto\"   href=\"\/contacto\" target=\"_self\" class=\"bklyn-btn  bklyn-btn-icon-left bklyn-btn-normal\" ><i class=\"fa fa-envelope\"><\/i><span class=\"ut-btn-text\">M\u00e9s informaci\u00f3<\/span><\/a><\/div>[\/vc_column_inner][\/vc_row_inner][\/vc_column][\/vc_row]<\/p>\n<\/div>","protected":false},"excerpt":{"rendered":"<p>[vc_row][vc_column][vc_column_text] Pab de la prestigiosa firma B&#038;B Italia \u00e9s un exclusiu sistema de contenidors per a la zona de dia patentat pel reconegut dissenyador itali\u00e0 Giuseppe Manente. El seu disseny transmet lleugeresa i eleg\u00e0ncia, que s\u2019aconsegueix mitjan\u00e7ant un complex proc\u00e9s de producci\u00f3, on s\u2019apliquen les t\u00e8cniques m\u00e9s innovadores i es treballa amb materials d\u2019alta qualitat. [&hellip;]<\/p>\n","protected":false},"author":1,"featured_media":0,"parent":0,"menu_order":0,"comment_status":"closed","ping_status":"closed","template":"","meta":{"footnotes":""},"class_list":["post-50331","page","type-page","status-publish","hentry"],"aioseo_notices":[],"_links":{"self":[{"href":"https:\/\/www.mirsa.es\/ca\/wp-json\/wp\/v2\/pages\/50331","targetHints":{"allow":["GET"]}}],"collection":[{"href":"https:\/\/www.mirsa.es\/ca\/wp-json\/wp\/v2\/pages"}],"about":[{"href":"https:\/\/www.mirsa.es\/ca\/wp-json\/wp\/v2\/types\/page"}],"author":[{"embeddable":true,"href":"https:\/\/www.mirsa.es\/ca\/wp-json\/wp\/v2\/users\/1"}],"replies":[{"embeddable":true,"href":"https:\/\/www.mirsa.es\/ca\/wp-json\/wp\/v2\/comments?post=50331"}],"version-history":[{"count":0,"href":"https:\/\/www.mirsa.es\/ca\/wp-json\/wp\/v2\/pages\/50331\/revisions"}],"wp:attachment":[{"href":"https:\/\/www.mirsa.es\/ca\/wp-json\/wp\/v2\/media?parent=50331"}],"curies":[{"name":"wp","href":"https:\/\/api.w.org\/{rel}","templated":true}]}}