{"id":50280,"date":"2018-06-20T12:04:38","date_gmt":"2018-06-20T10:04:38","guid":{"rendered":"http:\/\/www.mirsa.es.mialias.net\/ondarreta-mesas-y-sillas\/"},"modified":"2024-05-22T11:09:01","modified_gmt":"2024-05-22T11:09:01","slug":"ondarreta-mesas-y-sillas","status":"publish","type":"page","link":"https:\/\/www.mirsa.es\/ca\/ondarreta-mesas-y-sillas\/","title":{"rendered":"Ondarreta cadires i taules"},"content":{"rendered":"<div class=\"wpb-content-wrapper\"><p>[vc_row css=&#8221;.vc_custom_1583596731269{margin-left: -50px !important;}&#8221;][vc_column][vc_column_text]<a style=\"color:black;\" href=\"javascript:history.go(-1)\" onmouseover=\"self.status=document.referrer;return true\">Atr\u00e1s<\/a>[\/vc_column_text][\/vc_column][\/vc_row][vc_row][vc_column][vc_column_text]<br \/>\n<img decoding=\"async\" class=\"wp-image-1077 size-large aligncenter\" title=\"Ondarreta cadires i taules\" src=\"\/wp-content\/uploads\/2020\/06\/ondarreta_sillas_mesas.jpg\" alt=\"Ondarreta cadires i taules\" width=\"100%\" height=\"400\" \/><\/p>\n<h2 style=\"font-size: 16px; text-align: left;\"><strong>Ondarreta \u00e9s una reconeguda firma de mobiliari de disseny dedicada a la fabricaci\u00f3 de taules i cadires, fundada el 1976 a Sant Sebasti\u00e0.<br \/>\n<\/strong><\/h2>\n<p style=\"font-size: 16px; text-align: left;\">La marca, que porta el nom d\u2019una de les platges m\u00e9s famoses de la ciutat, destaca per les l\u00ednies rectes i equilibrades de totes les seves col\u00b7leccions, dins d\u2019un elegant estil minimalista.<\/p>\n<p style=\"font-size: 16px; text-align: left;\">Gr\u00e0cies a la qualitat dels seus productes i al seu disseny tan caracter\u00edstic, Ondarreta s\u2019ha convertit en tot un referent al m\u00f3n de l\u2019interiorisme, tant a nivell nacional com internacional.<\/p>\n<p style=\"font-size: 16px; text-align: left;\">A MIRSA interiorisme &amp; mobiliari som distribu\u00efdors oficials Ondarreta. Per a m\u00e9s informaci\u00f3, visiti la nostra exposici\u00f3 o contacti amb nosaltres.<\/p>\n<p>[\/vc_column_text][\/vc_column][\/vc_row][vc_section][vc_row full_width=&#8221;stretch_row_content_no_spaces&#8221;][vc_column][vc_column_text]<iframe id=\"embedded-ads-iframe-website\" width=\"100%\" height=\"600\" data-originsrc=\"https:\/\/mirsa.daloom.com\/productos\/mobiliario\/brand_ondarreta\"><\/iframe><script defer src=\"https:\/\/mirsa.daloom.com\/js\/parent-embedded-script.min.js\"><\/script>[\/vc_column_text][\/vc_column][\/vc_row][\/vc_section]<\/p>\n<\/div>","protected":false},"excerpt":{"rendered":"<p>[vc_row css=&#8221;.vc_custom_1583596731269{margin-left: -50px !important;}&#8221;][vc_column][vc_column_text]Atr\u00e1s[\/vc_column_text][\/vc_column][\/vc_row][vc_row][vc_column][vc_column_text] Ondarreta \u00e9s una reconeguda firma de mobiliari de disseny dedicada a la fabricaci\u00f3 de taules i cadires, fundada el 1976 a Sant Sebasti\u00e0. La marca, que porta el nom d\u2019una de les platges m\u00e9s famoses de la ciutat, destaca per les l\u00ednies rectes i equilibrades de totes les seves col\u00b7leccions, dins [&hellip;]<\/p>\n","protected":false},"author":1,"featured_media":0,"parent":0,"menu_order":0,"comment_status":"closed","ping_status":"closed","template":"","meta":{"footnotes":""},"class_list":["post-50280","page","type-page","status-publish","hentry"],"aioseo_notices":[],"_links":{"self":[{"href":"https:\/\/www.mirsa.es\/ca\/wp-json\/wp\/v2\/pages\/50280","targetHints":{"allow":["GET"]}}],"collection":[{"href":"https:\/\/www.mirsa.es\/ca\/wp-json\/wp\/v2\/pages"}],"about":[{"href":"https:\/\/www.mirsa.es\/ca\/wp-json\/wp\/v2\/types\/page"}],"author":[{"embeddable":true,"href":"https:\/\/www.mirsa.es\/ca\/wp-json\/wp\/v2\/users\/1"}],"replies":[{"embeddable":true,"href":"https:\/\/www.mirsa.es\/ca\/wp-json\/wp\/v2\/comments?post=50280"}],"version-history":[{"count":0,"href":"https:\/\/www.mirsa.es\/ca\/wp-json\/wp\/v2\/pages\/50280\/revisions"}],"wp:attachment":[{"href":"https:\/\/www.mirsa.es\/ca\/wp-json\/wp\/v2\/media?parent=50280"}],"curies":[{"name":"wp","href":"https:\/\/api.w.org\/{rel}","templated":true}]}}