{"id":50226,"date":"2018-06-20T09:49:52","date_gmt":"2018-06-20T07:49:52","guid":{"rendered":"http:\/\/www.mirsa.es.mialias.net\/occhio-iluminacion\/"},"modified":"2024-11-13T11:42:46","modified_gmt":"2024-11-13T11:42:46","slug":"occhio-iluminacion","status":"publish","type":"page","link":"https:\/\/www.mirsa.es\/ca\/occhio-iluminacion\/","title":{"rendered":"Occhio Il\u00b7luminaci\u00f3"},"content":{"rendered":"<div class=\"wpb-content-wrapper\"><p>[vc_row css=&#8221;.vc_custom_1583596731269{margin-left: -50px !important;}&#8221;][vc_column][vc_column_text]<a href=\"javascript:history.go(-1)\" onmouseover=\"self.status=document.referrer;return true\" style=\"color: black;\">Enrere<\/a>[\/vc_column_text][\/vc_column][\/vc_row][vc_row el_id=&#8221;Content&#8221;][vc_column][vc_column_text]<img decoding=\"async\" class=\"wp-image-1077 size-large aligncenter\" title=\"Occhio Il\u00b7luminaci\u00f3\" src=\"\/wp-content\/uploads\/2024\/11\/mito_sospeso_occhio.jpg\" alt=\"Occhio Il\u00b7luminaci\u00f3\" width=\"100%\" height=\"400\" \/><\/p>\n<h2 style=\"font-size: 16px; text-align: left;\"><strong>Occhio Il\u00b7luminaci\u00f3 destaca com una firma de refer\u00e8ncia en il\u00b7luminaci\u00f3 de disseny, combinant est\u00e8tica, tecnologia i personalitzaci\u00f3 avan\u00e7ada en cadascuna de les seves col\u00b7leccions.<\/strong><\/h2>\n<p style=\"font-size: 16px; text-align: left;\">Reconeguda per transformar la il\u00b7luminaci\u00f3 en una experi\u00e8ncia de luxe, Occhio ofereix una \u00e0mplia gamma de llumin\u00e0ries, des de sistemes d\u2019il\u00b7luminaci\u00f3 modular fins a l\u00e0mpades de peu i penjants que s\u2019adapten a les necessitats de projectes residencials i comercials d&#8217;alt nivell.<\/p>\n<p style=\"font-size: 16px; text-align: left;\">Cada pe\u00e7a d&#8217;Occhio Il\u00b7luminaci\u00f3 fusiona minimalisme, funcionalitat i control intel\u00b7ligent, permetent crear ambients vers\u00e0tils i d\u2019alt impacte visual.<\/p>\n<p style=\"font-size: 16px; text-align: left;\">Occhio compta amb diverses col\u00b7leccions destacades que han redefinit el concepte d\u2019il\u00b7luminaci\u00f3 contempor\u00e0nia:<\/p>\n<ul>\n<li><strong>S\u00e8rie Mito<\/strong>: La col\u00b7lecci\u00f3 ins\u00edgnia d\u2019Occhio, que combina disseny elegant amb tecnologia de control t\u00e0ctil i regulable. Les seves llumin\u00e0ries ofereixen diferents modes de llum i tonalitats que s\u2019adapten a l\u2019atmosfera desitjada.<\/li>\n<\/ul>\n<ul>\n<li><strong>Sistema Sento<\/strong>: Versatilitat i adaptabilitat defineixen aquesta s\u00e8rie, ideal per personalitzar la il\u00b7luminaci\u00f3 de qualsevol espai. Amb opcions de paret, sostre i penjants, Sento permet regular la intensitat i el color de la llum, perfecta per a un disseny flexible i sofisticat<\/li>\n<\/ul>\n<ul>\n<li><strong>S\u00e8rie io<\/strong>: Un model de llumin\u00e0ria compacta que equilibra perfectament est\u00e8tica i funcionalitat, ideal per a espais minimalistes. La tecnologia avan\u00e7ada de les seves l\u00e0mpades permet una il\u00b7luminaci\u00f3 precisa i c\u00e0lida.<\/li>\n<\/ul>\n<p>La tecnologia de control d&#8217;Occhio permet ajustar la intensitat i temperatura de la llum amb un simple gest o mitjan\u00e7ant aplicacions m\u00f2bils, creant una experi\u00e8ncia immersiva.<br \/>\nA m\u00e9s, el seu comprom\u00eds amb la sostenibilitat i l\u2019\u00fas de materials d\u2019alta qualitat garanteix una durabilitat excepcional. Descobreixi com Occhio Il\u00b7luminaci\u00f3 converteix cada espai en una obra mestra de llum i disseny.<br \/>\n[\/vc_column_text][vc_row_inner][vc_column_inner width=&#8221;1\/3&#8243;]<style type=\"text\/css\">#bklyn_btn_6a0921385d284 .bklyn-btn { color:#ffffff !important; background-color:black !important; }<\/style><div id=\"bklyn_btn_6a0921385d284\" class=\"bklyn-btn-holder  bklyn-btn-center bklyn-btn-tablet-center bklyn-btn-mobile-center\"><a title=\"Occhio Iluminaci\u00f3n\"   href=\"\/catalogo-productos\/?shrPrm=es\/8201494\/products\/2\/3210543\/1?usage=&#038;productgroup=&#038;manufacturer=3100015&#038;designer=\" target=\"_self\" class=\"bklyn-btn  bklyn-btn-icon-left bklyn-btn-normal\" ><i class=\"BklynIcons-Search\"><\/i><span class=\"ut-btn-text\">Productes<\/span><\/a><\/div>[\/vc_column_inner][vc_column_inner width=&#8221;1\/3&#8243;]<style type=\"text\/css\">#bklyn_btn_6a0921385d308 .bklyn-btn { color:#ffffff !important; background-color:black !important; }<\/style><div id=\"bklyn_btn_6a0921385d308\" class=\"bklyn-btn-holder  bklyn-btn-center bklyn-btn-tablet-center bklyn-btn-mobile-center\"><a title=\"Cat\u00e1logos Occhio Iluminaci\u00f3n\"   href=\"\/catalogo-productos\/?shrPrm=es\/8201494\/pdf\/3100015\" target=\"_self\" class=\"bklyn-btn  bklyn-btn-icon-left bklyn-btn-normal\" ><i class=\"BklynIcons-Download\"><\/i><span class=\"ut-btn-text\">Cat\u00e0legs<\/span><\/a><\/div>[\/vc_column_inner][vc_column_inner width=&#8221;1\/3&#8243;]<style type=\"text\/css\">#bklyn_btn_6a0921385d34b .bklyn-btn { color:#ffffff !important; background-color:black !important; }<\/style><div id=\"bklyn_btn_6a0921385d34b\" class=\"bklyn-btn-holder  bklyn-btn-center bklyn-btn-tablet-center bklyn-btn-mobile-center\"><a title=\"Contacto\"   href=\"\/contacto\" target=\"_self\" class=\"bklyn-btn  bklyn-btn-icon-left bklyn-btn-normal\" ><i class=\"\"><\/i><span class=\"ut-btn-text\">M\u00e9s informaci\u00f3<\/span><\/a><\/div>[\/vc_column_inner][\/vc_row_inner][\/vc_column][\/vc_row][vc_section][vc_row full_width=&#8221;stretch_row_content&#8221;][vc_column][vc_column_text]<iframe id=\"shrFrm\" style=\"width: 100%; margin: 0; border: none; overflow: hidden;\" src=\"#\"><\/iframe><br \/>\n<script src=\"https:\/\/vsr.architonic.com\/assets\/js\/shared\/jquery.responsiveiframe.js\"><\/script><br \/>\n<script type='text\/javascript'>jQuery(document).ready(function(){ var regex=new RegExp('[?&]shrPrm=([^&#]*)'); var res=regex.exec(window.location.href); var shrPrm=(res!=null?decodeURIComponent(res[1]):''); if(''!=shrPrm) document.getElementById('shrFrm').src='https:\/\/vsr.architonic.com\/'+shrPrm; else document.getElementById('shrFrm').src='https:\/\/vsr.architonic.com\/es\/8201494\/collections\/3100015\/1'; });(function(e){e(function(){e('#shrFrm').responsiveIframe()})})(jQuery);<\/script>[\/vc_column_text][\/vc_column][\/vc_row][\/vc_section]<\/p>\n<\/div>","protected":false},"excerpt":{"rendered":"<p>[vc_row css=&#8221;.vc_custom_1583596731269{margin-left: -50px !important;}&#8221;][vc_column][vc_column_text]Enrere[\/vc_column_text][\/vc_column][\/vc_row][vc_row el_id=&#8221;Content&#8221;][vc_column][vc_column_text] Occhio Il\u00b7luminaci\u00f3 destaca com una firma de refer\u00e8ncia en il\u00b7luminaci\u00f3 de disseny, combinant est\u00e8tica, tecnologia i personalitzaci\u00f3 avan\u00e7ada en cadascuna de les seves col\u00b7leccions. Reconeguda per transformar la il\u00b7luminaci\u00f3 en una experi\u00e8ncia de luxe, Occhio ofereix una \u00e0mplia gamma de llumin\u00e0ries, des de sistemes d\u2019il\u00b7luminaci\u00f3 modular fins a l\u00e0mpades de [&hellip;]<\/p>\n","protected":false},"author":1,"featured_media":0,"parent":0,"menu_order":0,"comment_status":"closed","ping_status":"closed","template":"","meta":{"footnotes":""},"class_list":["post-50226","page","type-page","status-publish","hentry"],"aioseo_notices":[],"_links":{"self":[{"href":"https:\/\/www.mirsa.es\/ca\/wp-json\/wp\/v2\/pages\/50226","targetHints":{"allow":["GET"]}}],"collection":[{"href":"https:\/\/www.mirsa.es\/ca\/wp-json\/wp\/v2\/pages"}],"about":[{"href":"https:\/\/www.mirsa.es\/ca\/wp-json\/wp\/v2\/types\/page"}],"author":[{"embeddable":true,"href":"https:\/\/www.mirsa.es\/ca\/wp-json\/wp\/v2\/users\/1"}],"replies":[{"embeddable":true,"href":"https:\/\/www.mirsa.es\/ca\/wp-json\/wp\/v2\/comments?post=50226"}],"version-history":[{"count":0,"href":"https:\/\/www.mirsa.es\/ca\/wp-json\/wp\/v2\/pages\/50226\/revisions"}],"wp:attachment":[{"href":"https:\/\/www.mirsa.es\/ca\/wp-json\/wp\/v2\/media?parent=50226"}],"curies":[{"name":"wp","href":"https:\/\/api.w.org\/{rel}","templated":true}]}}