{"id":50215,"date":"2020-07-18T10:47:29","date_gmt":"2020-07-18T10:47:29","guid":{"rendered":"http:\/\/www.mirsa.es.mialias.net\/obelisco-cattelan-italia\/"},"modified":"2021-02-02T11:01:09","modified_gmt":"2021-02-02T11:01:09","slug":"obelisco-cattelan-italia","status":"publish","type":"page","link":"https:\/\/www.mirsa.es\/ca\/obelisco-cattelan-italia\/","title":{"rendered":"Obelisco Cattelan Italia"},"content":{"rendered":"<div class=\"wpb-content-wrapper\"><p>[vc_row][vc_column][vc_column_text]<\/p>\n<h5><img decoding=\"async\" class=\"wp-image-1077 size-large aligncenter\" title=\"Obelisco Cattelan Italia\" src=\"\/wp-content\/uploads\/2020\/07\/mesa_obelisco_cattelan_italia.jpg\" alt=\"Obelisco Cattelan Italia\" width=\"100%\" height=\"400\"\/><\/h5>\n<p style=\"font-size: 16px; text-align: left;\"><strong>Obelisco de Cattelan Italia \u00e9s una elegant i exclusiva taula d\u2019estil contemporani patentada pel prestigi\u00f3s dissenyador Oriano Favaretto.<br \/>\n<\/strong><\/p>\n<p style=\"font-size: 16px; text-align: left;\">La pe\u00e7a incorpora una espectacular base en acer inoxidable setinat o envernissat gofrat graphite, que serveix de suport a la base que, com el seu propi nom indica, s\u2019inspira en un obelisc per a donar-li forma.<\/p>\n<p style=\"font-size: 16px; text-align: left;\">La base est\u00e1 formada per una resistent estructura de ciment disponible en diversos acabats. El sobre es presenta en un elegant i resistent sobre de vidre transparent de 15mm de gruix.<\/p>\n<p style=\"font-size: 16px; text-align: left;\">A MIRSA interiorisme &#038; mobiliari som distribu\u00efdors oficials Cattelan Italia. Per a m\u00e9s informaci\u00f3, visiti el nostre Showroom o contacti amb nosaltres.<\/p>\n<p>[\/vc_column_text][vc_row_inner][vc_column_inner]<style type=\"text\/css\">#bklyn_btn_69d1e68c2b0b2 .bklyn-btn { color:#ffffff !important; background-color:black !important; }<\/style><div id=\"bklyn_btn_69d1e68c2b0b2\" class=\"bklyn-btn-holder  bklyn-btn-center bklyn-btn-tablet-center bklyn-btn-mobile-center\"><a title=\"Contacto\"   href=\"\/contacto\" target=\"_self\" class=\"bklyn-btn  bklyn-btn-icon-left bklyn-btn-normal\" ><i class=\"fa fa-envelope\"><\/i><span class=\"ut-btn-text\">M\u00e9s informaci\u00f3<\/span><\/a><\/div>[\/vc_column_inner][\/vc_row_inner][\/vc_column][\/vc_row]<\/p>\n<\/div>","protected":false},"excerpt":{"rendered":"<p>[vc_row][vc_column][vc_column_text] Obelisco de Cattelan Italia \u00e9s una elegant i exclusiva taula d\u2019estil contemporani patentada pel prestigi\u00f3s dissenyador Oriano Favaretto. La pe\u00e7a incorpora una espectacular base en acer inoxidable setinat o envernissat gofrat graphite, que serveix de suport a la base que, com el seu propi nom indica, s\u2019inspira en un obelisc per a donar-li forma. [&hellip;]<\/p>\n","protected":false},"author":1,"featured_media":0,"parent":0,"menu_order":0,"comment_status":"closed","ping_status":"closed","template":"","meta":{"footnotes":""},"class_list":["post-50215","page","type-page","status-publish","hentry"],"aioseo_notices":[],"_links":{"self":[{"href":"https:\/\/www.mirsa.es\/ca\/wp-json\/wp\/v2\/pages\/50215","targetHints":{"allow":["GET"]}}],"collection":[{"href":"https:\/\/www.mirsa.es\/ca\/wp-json\/wp\/v2\/pages"}],"about":[{"href":"https:\/\/www.mirsa.es\/ca\/wp-json\/wp\/v2\/types\/page"}],"author":[{"embeddable":true,"href":"https:\/\/www.mirsa.es\/ca\/wp-json\/wp\/v2\/users\/1"}],"replies":[{"embeddable":true,"href":"https:\/\/www.mirsa.es\/ca\/wp-json\/wp\/v2\/comments?post=50215"}],"version-history":[{"count":0,"href":"https:\/\/www.mirsa.es\/ca\/wp-json\/wp\/v2\/pages\/50215\/revisions"}],"wp:attachment":[{"href":"https:\/\/www.mirsa.es\/ca\/wp-json\/wp\/v2\/media?parent=50215"}],"curies":[{"name":"wp","href":"https:\/\/api.w.org\/{rel}","templated":true}]}}