{"id":50192,"date":"2019-09-17T12:52:04","date_gmt":"2019-09-17T10:52:04","guid":{"rendered":"http:\/\/www.mirsa.es.mialias.net\/noomi-ligne-roset\/"},"modified":"2021-01-30T18:11:51","modified_gmt":"2021-01-30T18:11:51","slug":"noomi-ligne-roset","status":"publish","type":"page","link":"https:\/\/www.mirsa.es\/ca\/noomi-ligne-roset\/","title":{"rendered":"Noomi Ligne Roset"},"content":{"rendered":"<div class=\"wpb-content-wrapper\"><p>[vc_row][vc_column][vc_column_text]<\/p>\n<h5><img decoding=\"async\" class=\"wp-image-1077 size-large aligncenter\" title=\"Noomi Ligne Roset\" src=\"\/wp-content\/uploads\/2020\/07\/noomi_ligne_roset.jpg\" alt=\"Noomi Ligne Roset\" width=\"100%\" height=\"400\" \/><\/h5>\n<p style=\"font-size: 16px; text-align: left;\"><strong>Noomi de la prestigiosa firma Ligne Roset \u00e9s una elegant i exclusiva tauleta auxiliar patentada pel reconegut despatx d\u2019interiorisme franc\u00e8s Tous Les Trois.<\/strong><\/p>\n<p style=\"font-size: 16px; text-align: left;\">La pe\u00e7a destaca pel seu pr\u00e0ctic taulell circular basculant de 10mm, que s\u2019inclina amb facilitat per a estalviar espai quan no s\u2019utilitza.<\/p>\n<p style=\"font-size: 16px; text-align: left;\">L\u2019estructura de la taula incorpora un mecanisme s\u00f2lid de pol\u00edmer recarregat que garanteix la m\u00e0xima resist\u00e8ncia en terrasses i jardins.<\/p>\n<p style=\"font-size: 16px; text-align: left;\">A MIRSA interiorisme &#038; mobiliari som distribu\u00efdors oficials Ligne Roset. Per a m\u00e9s informaci\u00f3, visiti el nostre Showroom o contacti amb nosaltres.<\/p>\n<p>[\/vc_column_text][vc_row_inner][vc_column_inner]<style type=\"text\/css\">#bklyn_btn_69d23d4664fcd .bklyn-btn { color:#ffffff !important; background-color:black !important; }<\/style><div id=\"bklyn_btn_69d23d4664fcd\" class=\"bklyn-btn-holder  bklyn-btn-center bklyn-btn-tablet-center bklyn-btn-mobile-center\"><a title=\"Contacto\"   href=\"\/contacto\" target=\"_self\" class=\"bklyn-btn  bklyn-btn-icon-left bklyn-btn-normal\" ><i class=\"fa fa-envelope\"><\/i><span class=\"ut-btn-text\">M\u00e9s informaci\u00f3<\/span><\/a><\/div>[\/vc_column_inner][\/vc_row_inner][\/vc_column][\/vc_row]<\/p>\n<\/div>","protected":false},"excerpt":{"rendered":"<p>[vc_row][vc_column][vc_column_text] Noomi de la prestigiosa firma Ligne Roset \u00e9s una elegant i exclusiva tauleta auxiliar patentada pel reconegut despatx d\u2019interiorisme franc\u00e8s Tous Les Trois. La pe\u00e7a destaca pel seu pr\u00e0ctic taulell circular basculant de 10mm, que s\u2019inclina amb facilitat per a estalviar espai quan no s\u2019utilitza. L\u2019estructura de la taula incorpora un mecanisme s\u00f2lid de [&hellip;]<\/p>\n","protected":false},"author":1,"featured_media":0,"parent":0,"menu_order":0,"comment_status":"closed","ping_status":"closed","template":"","meta":{"footnotes":""},"class_list":["post-50192","page","type-page","status-publish","hentry"],"aioseo_notices":[],"_links":{"self":[{"href":"https:\/\/www.mirsa.es\/ca\/wp-json\/wp\/v2\/pages\/50192","targetHints":{"allow":["GET"]}}],"collection":[{"href":"https:\/\/www.mirsa.es\/ca\/wp-json\/wp\/v2\/pages"}],"about":[{"href":"https:\/\/www.mirsa.es\/ca\/wp-json\/wp\/v2\/types\/page"}],"author":[{"embeddable":true,"href":"https:\/\/www.mirsa.es\/ca\/wp-json\/wp\/v2\/users\/1"}],"replies":[{"embeddable":true,"href":"https:\/\/www.mirsa.es\/ca\/wp-json\/wp\/v2\/comments?post=50192"}],"version-history":[{"count":0,"href":"https:\/\/www.mirsa.es\/ca\/wp-json\/wp\/v2\/pages\/50192\/revisions"}],"wp:attachment":[{"href":"https:\/\/www.mirsa.es\/ca\/wp-json\/wp\/v2\/media?parent=50192"}],"curies":[{"name":"wp","href":"https:\/\/api.w.org\/{rel}","templated":true}]}}