{"id":50187,"date":"2016-09-29T19:16:37","date_gmt":"2016-09-29T17:16:37","guid":{"rendered":"http:\/\/www.mirsa.es.mialias.net\/nook-camas-infantiles-personalizadas\/"},"modified":"2024-05-22T10:23:55","modified_gmt":"2024-05-22T10:23:55","slug":"nook-camas-infantiles-personalizadas","status":"publish","type":"page","link":"https:\/\/www.mirsa.es\/ca\/nook-camas-infantiles-personalizadas\/","title":{"rendered":"Nook llits juvenils"},"content":{"rendered":"<div class=\"wpb-content-wrapper\"><p>[vc_row css=&#8221;.vc_custom_1583596731269{margin-left: -50px !important;}&#8221;][vc_column][vc_column_text]<a href=\"javascript:history.go(-1)\" onmouseover=\"self.status=document.referrer;return true\" style=\"color: black;\">Enrere<\/a>[\/vc_column_text][\/vc_column][\/vc_row][vc_row][vc_column][vc_column_text]<\/p>\n<h5><img decoding=\"async\" class=\"wp-image-1077 size-large aligncenter\" title=\"Nook llits juvenils\" src=\"\/wp-content\/uploads\/2020\/06\/nook_cama_juvenil.jpg\" alt=\"Nook llits juvenils\" width=\"100%\" height=\"400\"\/><\/h5>\n<p style=\"font-size: 16px; text-align: left;\"><strong>Nook \u00e9s el nou concepte de llit infantil que es postula com una excel\u2022lent alternativa als dormitoris juvenils tradicionals.<\/strong><\/p>\n<p style=\"font-size: 16px; text-align: left;\">Es tracta d\u2019un llit 100% personalitzable, format per una elegant estructura central a la qual se li poden afegir una gran quantitat de m\u00f2duls de manera molt pr\u00e0ctica.<\/p>\n<p style=\"font-size: 16px; text-align: left;\">Nook ens permetr\u00e0 configurar el dormitori segons el nostre propi criteri, podent afegir al llit infinitat de peces i accessoris per a que els m\u00e9s petits puguin gaudir al m\u00e0xim de la seva habitaci\u00f3.<\/p>\n<p style=\"font-size: 16px; text-align: left;\">Habilitar un espai per a l\u2019ordinador o la videoconsola, afegir penja-robes, lleixes, prestatgeries\u2026 S\u00f3n nom\u00e9s un petit exemple de les infinites possibilitats de personalitzaci\u00f3 que ens ofereixen els Nook.<\/p>\n<p style=\"font-size: 16px; text-align: left;\">Gr\u00e0cies a aquest extens ventall de possibilitats, la vida \u00fatil dels dormitoris s\u2019allarga considerablement, ja que permet adaptar la seva estructura en funci\u00f3 de l\u2019edat i els gustos del petit.<\/p>\n<p style=\"font-size: 16px; text-align: left;\">A MIRSA interiorisme &#038; mobiliari som distribu\u00efdors oficials de llits Nook. Per a m\u00e9s informaci\u00f3, contacti amb nosaltres o visiti el nostre Showroom.<\/p>\n<p>[\/vc_column_text][vc_row_inner][vc_column_inner width=&#8221;1\/3&#8243;][\/vc_column_inner][vc_column_inner width=&#8221;1\/3&#8243;]<style type=\"text\/css\">#bklyn_btn_6a092367bdd5c .bklyn-btn { color:#ffffff !important; background-color:black !important; }<\/style><div id=\"bklyn_btn_6a092367bdd5c\" class=\"bklyn-btn-holder  bklyn-btn-center bklyn-btn-tablet-center bklyn-btn-mobile-center\"><a title=\"Contacto\"   href=\"\/contacto\" target=\"_self\" class=\"bklyn-btn  bklyn-btn-icon-left bklyn-btn-normal\" ><i class=\"fa fa-envelope\"><\/i><span class=\"ut-btn-text\">M\u00e9s informaci\u00f3<\/span><\/a><\/div>[\/vc_column_inner][vc_column_inner width=&#8221;1\/3&#8243;][\/vc_column_inner][\/vc_row_inner][\/vc_column][\/vc_row]<\/p>\n<\/div>","protected":false},"excerpt":{"rendered":"<p>[vc_row css=&#8221;.vc_custom_1583596731269{margin-left: -50px !important;}&#8221;][vc_column][vc_column_text]Enrere[\/vc_column_text][\/vc_column][\/vc_row][vc_row][vc_column][vc_column_text] Nook \u00e9s el nou concepte de llit infantil que es postula com una excel\u2022lent alternativa als dormitoris juvenils tradicionals. Es tracta d\u2019un llit 100% personalitzable, format per una elegant estructura central a la qual se li poden afegir una gran quantitat de m\u00f2duls de manera molt pr\u00e0ctica. Nook ens permetr\u00e0 configurar [&hellip;]<\/p>\n","protected":false},"author":1,"featured_media":0,"parent":0,"menu_order":0,"comment_status":"closed","ping_status":"closed","template":"","meta":{"footnotes":""},"class_list":["post-50187","page","type-page","status-publish","hentry"],"aioseo_notices":[],"_links":{"self":[{"href":"https:\/\/www.mirsa.es\/ca\/wp-json\/wp\/v2\/pages\/50187","targetHints":{"allow":["GET"]}}],"collection":[{"href":"https:\/\/www.mirsa.es\/ca\/wp-json\/wp\/v2\/pages"}],"about":[{"href":"https:\/\/www.mirsa.es\/ca\/wp-json\/wp\/v2\/types\/page"}],"author":[{"embeddable":true,"href":"https:\/\/www.mirsa.es\/ca\/wp-json\/wp\/v2\/users\/1"}],"replies":[{"embeddable":true,"href":"https:\/\/www.mirsa.es\/ca\/wp-json\/wp\/v2\/comments?post=50187"}],"version-history":[{"count":0,"href":"https:\/\/www.mirsa.es\/ca\/wp-json\/wp\/v2\/pages\/50187\/revisions"}],"wp:attachment":[{"href":"https:\/\/www.mirsa.es\/ca\/wp-json\/wp\/v2\/media?parent=50187"}],"curies":[{"name":"wp","href":"https:\/\/api.w.org\/{rel}","templated":true}]}}