{"id":50162,"date":"2019-04-20T11:23:10","date_gmt":"2019-04-20T09:23:10","guid":{"rendered":"http:\/\/www.mirsa.es.mialias.net\/night-fever-arketipo\/"},"modified":"2021-01-30T12:40:11","modified_gmt":"2021-01-30T12:40:11","slug":"night-fever-arketipo","status":"publish","type":"page","link":"https:\/\/www.mirsa.es\/ca\/night-fever-arketipo\/","title":{"rendered":"Night Fever Arketipo"},"content":{"rendered":"<div class=\"wpb-content-wrapper\"><p>[vc_row][vc_column][vc_column_text]<\/p>\n<h5><img decoding=\"async\" class=\"wp-image-1077 size-large aligncenter\" title=\"Night Fever - Arketipo\" src=\"\/wp-content\/uploads\/2020\/06\/night_fever_arketipo.jpg\" alt=\"Night Fever\" width=\"100%\" height=\"400\" \/><\/h5>\n<p style=\"font-size: 16px; text-align: left;\"><strong>Night Fever \u00e9s un elegant i exclusiu sof\u00e0 d\u2019estil contemporani dissenyat pel prestigi\u00f3s dissenyador itali\u00e0 Giuseppe Vigano per a la firma Arketipo.<\/strong><\/p>\n<p style=\"font-size: 16px; text-align: left;\">Es tracta d\u2019una pe\u00e7a vers\u00e0til i polivalent, que permet una total llibertat de composici\u00f3 gr\u00e0cies al seu innovador sistema modular. El dissenyador ens proposa un sof\u00e0 que es caracteritza per la seva subjectivitat, que preten potenciar la imaginaci\u00f3 i la creativitat.<\/p>\n<p style=\"font-size: 16px; text-align: left;\">La col\u00b7lecci\u00f3 est\u00e0 disponible en diferents colors i acabats, adaptant-se amb facilitat a qualsevol tipus d\u2019espai interior.<\/p>\n<p style=\"font-size: 16px; text-align: left;\">A MIRSA interiorisme &#038; mobiliari som distribu\u00efdors oficials Arketipo. Per a m\u00e9s informaci\u00f3, visiti el nostre Showroom o contacti amb nosaltres.<\/p>\n<p>[\/vc_column_text][vc_row_inner][vc_column_inner]<style type=\"text\/css\">#bklyn_btn_69d1eca12d517 .bklyn-btn { color:#ffffff !important; background-color:black !important; }<\/style><div id=\"bklyn_btn_69d1eca12d517\" class=\"bklyn-btn-holder  bklyn-btn-center bklyn-btn-tablet-center bklyn-btn-mobile-center\"><a title=\"Contacto\"   href=\"\/contacto\" target=\"_self\" class=\"bklyn-btn  bklyn-btn-icon-left bklyn-btn-normal\" ><i class=\"fa fa-envelope\"><\/i><span class=\"ut-btn-text\">M\u00e9s informaci\u00f3<\/span><\/a><\/div>[\/vc_column_inner][\/vc_row_inner][\/vc_column][\/vc_row]<\/p>\n<\/div>","protected":false},"excerpt":{"rendered":"<p>[vc_row][vc_column][vc_column_text] Night Fever \u00e9s un elegant i exclusiu sof\u00e0 d\u2019estil contemporani dissenyat pel prestigi\u00f3s dissenyador itali\u00e0 Giuseppe Vigano per a la firma Arketipo. Es tracta d\u2019una pe\u00e7a vers\u00e0til i polivalent, que permet una total llibertat de composici\u00f3 gr\u00e0cies al seu innovador sistema modular. El dissenyador ens proposa un sof\u00e0 que es caracteritza per la seva [&hellip;]<\/p>\n","protected":false},"author":1,"featured_media":0,"parent":0,"menu_order":0,"comment_status":"closed","ping_status":"closed","template":"","meta":{"footnotes":""},"class_list":["post-50162","page","type-page","status-publish","hentry"],"aioseo_notices":[],"_links":{"self":[{"href":"https:\/\/www.mirsa.es\/ca\/wp-json\/wp\/v2\/pages\/50162","targetHints":{"allow":["GET"]}}],"collection":[{"href":"https:\/\/www.mirsa.es\/ca\/wp-json\/wp\/v2\/pages"}],"about":[{"href":"https:\/\/www.mirsa.es\/ca\/wp-json\/wp\/v2\/types\/page"}],"author":[{"embeddable":true,"href":"https:\/\/www.mirsa.es\/ca\/wp-json\/wp\/v2\/users\/1"}],"replies":[{"embeddable":true,"href":"https:\/\/www.mirsa.es\/ca\/wp-json\/wp\/v2\/comments?post=50162"}],"version-history":[{"count":0,"href":"https:\/\/www.mirsa.es\/ca\/wp-json\/wp\/v2\/pages\/50162\/revisions"}],"wp:attachment":[{"href":"https:\/\/www.mirsa.es\/ca\/wp-json\/wp\/v2\/media?parent=50162"}],"curies":[{"name":"wp","href":"https:\/\/api.w.org\/{rel}","templated":true}]}}