{"id":50135,"date":"2016-07-30T19:43:06","date_gmt":"2016-07-30T17:43:06","guid":{"rendered":"http:\/\/www.mirsa.es.mialias.net\/neolith-encimeras-de-cocina\/"},"modified":"2024-05-22T10:15:16","modified_gmt":"2024-05-22T10:15:16","slug":"neolith-encimeras-de-cocina","status":"publish","type":"page","link":"https:\/\/www.mirsa.es\/ca\/neolith-encimeras-de-cocina\/","title":{"rendered":"Neolith encimeres de cuina"},"content":{"rendered":"<div class=\"wpb-content-wrapper\"><p>[vc_row css=&#8221;.vc_custom_1583596731269{margin-left: -50px !important;}&#8221;][vc_column][vc_column_text]<a href=\"javascript:history.go(-1)\" onmouseover=\"self.status=document.referrer;return true\" style=\"color: black;\">Enrere<\/a>[\/vc_column_text][\/vc_column][\/vc_row][vc_row][vc_column][vc_column_text]<br \/>\n<img decoding=\"async\" class=\"wp-image-1077 size-large aligncenter\" title=\"Neolith Encimeras\" src=\"\/wp-content\/uploads\/2020\/06\/neolithencimeras.jpg\" alt=\"Neolith Encimeras\" width=\"100%\" height=\"400\"\/><\/p>\n<h2 style=\"font-size: 16px; text-align: left;\"><strong>Neolith \u00e9s una firma jove e innovadora, que treballa per a oferir sempre les solucions m\u00e9s moderes i efectives en el sector de l\u2019arquitectura i l\u2019interiorisme.<\/strong><\/h2>\n<p style=\"font-size: 16px; text-align: left;\">Les superf\u00edcies per a cuines i encimeres Neolith destaquen per la gran qualitat del material utilitzat en els seus dissenys, que garanteixen una gran resist\u00e8ncia a cops, ratllades i a les altes temperatures.<\/p>\n<p style=\"font-size: 16px; text-align: left;\">A m\u00e9s a m\u00e9s, les superf\u00edcies Neolith es caracteritzen per la seva resist\u00e8ncia a les taques i per la seva nul\u00b7la absorci\u00f3, facilitant aix\u00ed la neteja de cuines i encimeres.<\/p>\n<p style=\"font-size: 16px; text-align: left;\">A MIRSA interiorisme &#038; mobiliari som distribu\u00efdors oficials de superf\u00edcies Neolith. Per a m\u00e9s informaci\u00f3 visiti el nostre Showroom o contacti amb nosaltres.<\/p>\n<p>[\/vc_column_text][vc_row_inner][vc_column_inner width=&#8221;1\/3&#8243;][\/vc_column_inner][vc_column_inner width=&#8221;1\/3&#8243;]<style type=\"text\/css\">#bklyn_btn_6a092367911fa .bklyn-btn { color:#ffffff !important; background-color:black !important; }<\/style><div id=\"bklyn_btn_6a092367911fa\" class=\"bklyn-btn-holder  bklyn-btn-center bklyn-btn-tablet-center bklyn-btn-mobile-center\"><a title=\"Contacto\"   href=\"\/contacto\" target=\"_self\" class=\"bklyn-btn  bklyn-btn-icon-left bklyn-btn-normal\" ><i class=\"fa fa-envelope\"><\/i><span class=\"ut-btn-text\">M\u00e9s informaci\u00f3<\/span><\/a><\/div>[\/vc_column_inner][vc_column_inner width=&#8221;1\/3&#8243;][\/vc_column_inner][\/vc_row_inner][\/vc_column][\/vc_row]<\/p>\n<\/div>","protected":false},"excerpt":{"rendered":"<p>[vc_row css=&#8221;.vc_custom_1583596731269{margin-left: -50px !important;}&#8221;][vc_column][vc_column_text]Enrere[\/vc_column_text][\/vc_column][\/vc_row][vc_row][vc_column][vc_column_text] Neolith \u00e9s una firma jove e innovadora, que treballa per a oferir sempre les solucions m\u00e9s moderes i efectives en el sector de l\u2019arquitectura i l\u2019interiorisme. Les superf\u00edcies per a cuines i encimeres Neolith destaquen per la gran qualitat del material utilitzat en els seus dissenys, que garanteixen una gran resist\u00e8ncia [&hellip;]<\/p>\n","protected":false},"author":1,"featured_media":0,"parent":0,"menu_order":0,"comment_status":"closed","ping_status":"closed","template":"","meta":{"footnotes":""},"class_list":["post-50135","page","type-page","status-publish","hentry"],"aioseo_notices":[],"_links":{"self":[{"href":"https:\/\/www.mirsa.es\/ca\/wp-json\/wp\/v2\/pages\/50135","targetHints":{"allow":["GET"]}}],"collection":[{"href":"https:\/\/www.mirsa.es\/ca\/wp-json\/wp\/v2\/pages"}],"about":[{"href":"https:\/\/www.mirsa.es\/ca\/wp-json\/wp\/v2\/types\/page"}],"author":[{"embeddable":true,"href":"https:\/\/www.mirsa.es\/ca\/wp-json\/wp\/v2\/users\/1"}],"replies":[{"embeddable":true,"href":"https:\/\/www.mirsa.es\/ca\/wp-json\/wp\/v2\/comments?post=50135"}],"version-history":[{"count":0,"href":"https:\/\/www.mirsa.es\/ca\/wp-json\/wp\/v2\/pages\/50135\/revisions"}],"wp:attachment":[{"href":"https:\/\/www.mirsa.es\/ca\/wp-json\/wp\/v2\/media?parent=50135"}],"curies":[{"name":"wp","href":"https:\/\/api.w.org\/{rel}","templated":true}]}}