{"id":50094,"date":"2018-12-20T19:05:20","date_gmt":"2018-12-20T18:05:20","guid":{"rendered":"http:\/\/www.mirsa.es.mialias.net\/nanimarquina-colecciones\/"},"modified":"2022-11-22T11:44:37","modified_gmt":"2022-11-22T11:44:37","slug":"nanimarquina-colecciones","status":"publish","type":"page","link":"https:\/\/www.mirsa.es\/ca\/nanimarquina-colecciones\/","title":{"rendered":"Nanimarquina Col\u00b7leccions"},"content":{"rendered":"<div class=\"wpb-content-wrapper\"><p>[vc_section][vc_row full_width=&#8221;stretch_row_content&#8221;][vc_column][vc_column_text]<a href=\"javascript:history.go(-1)\" onmouseover=\"self.status=document.referrer;return true\" style=\"color: black;\">Atr\u00e1s<\/a>[\/vc_column_text][\/vc_column][\/vc_row][vc_row full_width=&#8221;stretch_row_content&#8221; css=&#8221;.vc_custom_1589961005492{margin-top: -15px !important;}&#8221;][vc_column width=&#8221;1\/3&#8243;]<div  class=\"wpb_content_element   clearfix\"><style type=\"text\/css\">#ut_am_6a092384209fc { opacity: 1; }#ut_am_wrap_6a092384209fd { text-align: left; }@media (min-width: 768px) and (max-width: 1024px) { #ut_am_wrap_6a092384209fd { text-align: left !important; } }@media (max-width: 767px) { #ut_am_wrap_6a092384209fd { text-align: center !important; } }<\/style><div id=\"ut_am_wrap_6a092384209fd\" class=\"ut-image-gallery-image \"><div id=\"ut_reveal_6a092384209fe\"  data-appear-top-offset=\"auto\" class=\"ut-animated-image-item ut-image-gallery-item ut-animation-done \"><a class=\"ut-deactivated-link\" href=\"#\"><div class=\"ut-animated-image-zoom\">\r\n        <div class=\"ut-element-glitch-wrap\">\r\n\r\n            \r\n        <style type=\"text\/css\">\r\n\r\n                        \r\n        @media (min-width: 1025px) {\r\n\r\n        #ut-element-glitch-6a09238420a21702808672-30280 .ut-glitch-single-element {\r\n                                            \r\n                }\r\n        }\r\n\r\n        @media (min-width: 768px) and (max-width: 1024px) {\r\n\r\n        #ut-element-glitch-6a09238420a21702808672-30280 .ut-glitch-single-element {\r\n                                                \r\n                    }\r\n        }\r\n\r\n        @media (max-width: 767px) {\r\n\r\n        #ut-element-glitch-6a09238420a21702808672-30280 .ut-glitch-single-element {\r\n                                                \r\n                    }\r\n        }\r\n\r\n        \r\n        <\/style>\r\n\r\n        \r\n            <div id=\"ut-element-glitch-6a09238420a21702808672-30280\" class=\" ut-element-glitch ut-glitch-none ut-element-glitch-permanent\">\r\n                <div class=\"ut-glitch-single-element ut-lozad skip-lazy\" data-background-image=\"https:\/\/www.mirsa.es\/wp-content\/uploads\/2020\/05\/nanimarquina.jpg\"><\/div>\r\n                <div class=\"ut-glitch-single-element ut-lozad skip-lazy\" data-background-image=\"https:\/\/www.mirsa.es\/wp-content\/uploads\/2020\/05\/nanimarquina.jpg\"><\/div>\r\n                <div class=\"ut-glitch-single-element ut-lozad skip-lazy\" data-background-image=\"https:\/\/www.mirsa.es\/wp-content\/uploads\/2020\/05\/nanimarquina.jpg\"><\/div>\r\n                <div class=\"ut-glitch-single-element ut-lozad skip-lazy\" data-background-image=\"https:\/\/www.mirsa.es\/wp-content\/uploads\/2020\/05\/nanimarquina.jpg\"><\/div>\r\n                <div class=\"ut-glitch-single-element ut-lozad skip-lazy\" data-background-image=\"https:\/\/www.mirsa.es\/wp-content\/uploads\/2020\/05\/nanimarquina.jpg\"><\/div>\r\n            <\/div>\r\n\r\n        <\/div>\r\n\r\n        <img loading=\"lazy\" decoding=\"async\" class=\"ut-lazy skip-lazy ut-animated-image \"  id=\"ut_am_6a092384209fc\" src=\"data:image\/svg+xml;charset=utf-8,%3Csvg xmlns%3D'http%3A%2F%2Fwww.w3.org%2F2000%2Fsvg' viewBox%3D'0 0 600 600'%2F%3E\" data-src=\"https:\/\/www.mirsa.es\/wp-content\/uploads\/2020\/05\/nanimarquina.jpg\" width=\"600\" height=\"600\" alt=\"\"\/><\/div><\/a><\/div><\/div><\/div>[\/vc_column][vc_column width=&#8221;2\/3&#8243;][vc_column_text]Nani Marquina \u00e9s una prestigiosa dissenyadora espa\u00f1ola especialitzada en la creaci\u00f3 de catifes de disseny contemporani.<\/p>\n<p>Despr\u00e9s de graduar-se en disseny industrial a la prestigiosa Escola Massana de Barcelona, al 1987 funda la firma Nanimarquina, una marca dedicada al diseny de t\u00e8xtils i a la edici\u00f3n de catifes per a la llar.<\/p>\n<p>Al 1993 Nani Marquina decideix trasladar la producci\u00f3n de la seva firma a la India, potenciant l\u2019artesania i les t\u00e8cniques de producci\u00f3n tradicionals i oferint un producte innovador i funcional.<\/p>\n<p>Nanimarquina es caracteriza per la seva constant investigaci\u00f3n en el tractament de materias primes i en els processos de producci\u00f3n, un fet diferencial que marca la diferencia i garanteix la m\u00e1xima qualitat dels seus productes.<\/p>\n<p>Pocs anys despr\u00e9s, Nani Marquina va decidir incorporar dissenyadors externs de gran prestigi internacional per a duur a terme els seus productes, esdevenint una de les pioneres al m\u00f3n de l\u2019interiorisme en apostar per les catifes d\u2019autor.<\/p>\n<p>A MIRSA interiorisme &#038; mobiliari disposem d\u2019una selecci\u00f3n de les millors firmes de Nanimarquina. Per a m\u00e9s informaci\u00f3n, visiti el nostre Showroom o contacti amb nosaltres.<\/p>\n<p>[\/vc_column_text][\/vc_column][\/vc_row][vc_row full_width=&#8221;stretch_row_content_no_spaces&#8221; css=&#8221;.vc_custom_1589960397272{margin-top: -20px !important;}&#8221;][vc_column][vc_separator color=&#8221;custom&#8221; accent_color=&#8221;#c7c2ba&#8221;][\/vc_column][\/vc_row][vc_row full_width=&#8221;stretch_row_content&#8221; css=&#8221;.vc_custom_1589964968246{margin-top: -20px !important;}&#8221;][vc_column][vc_column_text]<\/p>\n<div id=\"shrAnchor\" style=\"position: relative; top: -125px;\"><\/div>\n<p><iframe id=\"shrFrm\" style=\"width: 100%; margin: 0; border: none; overflow: hidden;\" src=\"https:\/\/vsr.architonic.com\/es\/8201494\/products\/2\/3220753\/1?PHPSESSID=tn982png8s9428hv02a0h095m4&#038;usage=&#038;productgroup=&#038;manufacturer=3100473&#038;designer=#pro_1007024\"><\/iframe><br \/>\n<script src=\"https:\/\/vsr.architonic.com\/assets\/js\/shared\/jquery.responsiveiframe_inhp.js\"><\/script><script type='text\/javascript'>var regex=new RegExp('[\\?]shrPrm=([^#]*)');var res=regex.exec(window.location.href);var shrPrm=(res!=null?decodeURIComponent(res[1]):'');if(''!=shrPrm)document.getElementById('shrFrm').src='https:\/\/vsr.architonic.com\/'+shrPrm;(function(e){e(function(){e('#shrFrm').responsiveIframe()})})(jQuery)<\/script>[\/vc_column_text][\/vc_column][\/vc_row][\/vc_section]<\/p>\n<\/div>","protected":false},"excerpt":{"rendered":"<p>[vc_section][vc_row full_width=&#8221;stretch_row_content&#8221;][vc_column][vc_column_text]Atr\u00e1s[\/vc_column_text][\/vc_column][\/vc_row][vc_row full_width=&#8221;stretch_row_content&#8221; css=&#8221;.vc_custom_1589961005492{margin-top: -15px !important;}&#8221;][vc_column width=&#8221;1\/3&#8243;][\/vc_column][vc_column width=&#8221;2\/3&#8243;][vc_column_text]Nani Marquina \u00e9s una prestigiosa dissenyadora espa\u00f1ola especialitzada en la creaci\u00f3 de catifes de disseny contemporani. Despr\u00e9s de graduar-se en disseny industrial a la prestigiosa Escola Massana de Barcelona, al 1987 funda la firma Nanimarquina, una marca dedicada al diseny de t\u00e8xtils i a la edici\u00f3n de catifes [&hellip;]<\/p>\n","protected":false},"author":1,"featured_media":0,"parent":0,"menu_order":0,"comment_status":"closed","ping_status":"closed","template":"","meta":{"footnotes":""},"class_list":["post-50094","page","type-page","status-publish","hentry"],"aioseo_notices":[],"_links":{"self":[{"href":"https:\/\/www.mirsa.es\/ca\/wp-json\/wp\/v2\/pages\/50094","targetHints":{"allow":["GET"]}}],"collection":[{"href":"https:\/\/www.mirsa.es\/ca\/wp-json\/wp\/v2\/pages"}],"about":[{"href":"https:\/\/www.mirsa.es\/ca\/wp-json\/wp\/v2\/types\/page"}],"author":[{"embeddable":true,"href":"https:\/\/www.mirsa.es\/ca\/wp-json\/wp\/v2\/users\/1"}],"replies":[{"embeddable":true,"href":"https:\/\/www.mirsa.es\/ca\/wp-json\/wp\/v2\/comments?post=50094"}],"version-history":[{"count":0,"href":"https:\/\/www.mirsa.es\/ca\/wp-json\/wp\/v2\/pages\/50094\/revisions"}],"wp:attachment":[{"href":"https:\/\/www.mirsa.es\/ca\/wp-json\/wp\/v2\/media?parent=50094"}],"curies":[{"name":"wp","href":"https:\/\/api.w.org\/{rel}","templated":true}]}}