{"id":50051,"date":"2018-03-02T11:54:49","date_gmt":"2018-03-02T10:54:49","guid":{"rendered":"http:\/\/www.mirsa.es.mialias.net\/muebles-swedese\/"},"modified":"2024-05-23T08:06:41","modified_gmt":"2024-05-23T08:06:41","slug":"muebles-swedese","status":"publish","type":"page","link":"https:\/\/www.mirsa.es\/ca\/muebles-swedese\/","title":{"rendered":"Mobles Swedese"},"content":{"rendered":"<div class=\"wpb-content-wrapper\"><p>[vc_row css=&#8221;.vc_custom_1583596731269{margin-left: -50px !important;}&#8221;][vc_column][vc_column_text]<a href=\"javascript:history.go(-1)\" onmouseover=\"self.status=document.referrer;return true\" style=\"color: black;\" style=\"color: black;\">Enrere<\/a>[\/vc_column_text][\/vc_column][\/vc_row][vc_row][vc_column][vc_column_text]<br \/>\n<img decoding=\"async\" class=\"wp-image-1077 size-large aligncenter\" title=\"Mobles Swedese\" src=\"\/wp-content\/uploads\/2020\/06\/swedese_muebles_portada.jpg\" alt=\"Mobles Swedese\" width=\"100%\" height=\"400\" \/><\/p>\n<h2 style=\"font-size: 16px; text-align: left;\"><strong>Swedese \u00e9s una reconeguda firma de mobles suecs d\u2019estil cl\u00e0ssic, que disposa d\u2019un extens cat\u00e0leg de col\u00b7leccions per a la llar.<\/strong><\/h2>\n<p style=\"font-size: 16px; text-align: left;\">La marca, fundada l\u2019any 1945, s\u2019ha convertit en una refer\u00e8ncia del mobiliari n\u00f2rdic, gr\u00e0cies a la varietat i la qualitat dels seus productes.<\/p>\n<p style=\"font-size: 16px; text-align: left;\">Alguns dels dissenyadors n\u00f2rdics m\u00e9s prestigiosos han treballat per la marca, entre els que destaquen Alvar Aalto, Bruno Mathsson o Yngve Ekstr\u00f6m, responsables d\u2019introdu\u00efr el concepte d\u2019estil n\u00f2rdic tal com es coneixen avui en dia.<\/p>\n<p style=\"font-size: 16px; text-align: left;\">A MIRSA interiorisme &#038; mobiliari som distribu\u00efdors oficials Swedese. Per a m\u00e9s informaci\u00f3, visiti el nostre Showroom o contacti amb nosaltres.<\/p>\n<p>[\/vc_column_text][vc_row_inner][vc_column_inner width=&#8221;1\/3&#8243;][\/vc_column_inner][vc_column_inner width=&#8221;1\/3&#8243;]<style type=\"text\/css\">#bklyn_btn_6a092271afa71 .bklyn-btn { color:#ffffff !important; background-color:black !important; }<\/style><div id=\"bklyn_btn_6a092271afa71\" class=\"bklyn-btn-holder  bklyn-btn-center bklyn-btn-tablet-center bklyn-btn-mobile-center\"><a title=\"Contacto\"   href=\"\/contacto\" target=\"_self\" class=\"bklyn-btn  bklyn-btn-icon-left bklyn-btn-normal\" ><i class=\"fa fa-envelope\"><\/i><span class=\"ut-btn-text\">M\u00e9s informaci\u00f3<\/span><\/a><\/div>[\/vc_column_inner][vc_column_inner width=&#8221;1\/3&#8243;][\/vc_column_inner][\/vc_row_inner][\/vc_column][\/vc_row]<\/p>\n<\/div>","protected":false},"excerpt":{"rendered":"<p>[vc_row css=&#8221;.vc_custom_1583596731269{margin-left: -50px !important;}&#8221;][vc_column][vc_column_text]Enrere[\/vc_column_text][\/vc_column][\/vc_row][vc_row][vc_column][vc_column_text] Swedese \u00e9s una reconeguda firma de mobles suecs d\u2019estil cl\u00e0ssic, que disposa d\u2019un extens cat\u00e0leg de col\u00b7leccions per a la llar. La marca, fundada l\u2019any 1945, s\u2019ha convertit en una refer\u00e8ncia del mobiliari n\u00f2rdic, gr\u00e0cies a la varietat i la qualitat dels seus productes. Alguns dels dissenyadors n\u00f2rdics m\u00e9s prestigiosos han [&hellip;]<\/p>\n","protected":false},"author":1,"featured_media":0,"parent":0,"menu_order":0,"comment_status":"closed","ping_status":"closed","template":"","meta":{"footnotes":""},"class_list":["post-50051","page","type-page","status-publish","hentry"],"aioseo_notices":[],"_links":{"self":[{"href":"https:\/\/www.mirsa.es\/ca\/wp-json\/wp\/v2\/pages\/50051","targetHints":{"allow":["GET"]}}],"collection":[{"href":"https:\/\/www.mirsa.es\/ca\/wp-json\/wp\/v2\/pages"}],"about":[{"href":"https:\/\/www.mirsa.es\/ca\/wp-json\/wp\/v2\/types\/page"}],"author":[{"embeddable":true,"href":"https:\/\/www.mirsa.es\/ca\/wp-json\/wp\/v2\/users\/1"}],"replies":[{"embeddable":true,"href":"https:\/\/www.mirsa.es\/ca\/wp-json\/wp\/v2\/comments?post=50051"}],"version-history":[{"count":0,"href":"https:\/\/www.mirsa.es\/ca\/wp-json\/wp\/v2\/pages\/50051\/revisions"}],"wp:attachment":[{"href":"https:\/\/www.mirsa.es\/ca\/wp-json\/wp\/v2\/media?parent=50051"}],"curies":[{"name":"wp","href":"https:\/\/api.w.org\/{rel}","templated":true}]}}