{"id":50047,"date":"2017-10-04T19:02:16","date_gmt":"2017-10-04T17:02:16","guid":{"rendered":"http:\/\/www.mirsa.es.mialias.net\/muebles-selva\/"},"modified":"2024-05-22T16:23:14","modified_gmt":"2024-05-22T16:23:14","slug":"muebles-selva","status":"publish","type":"page","link":"https:\/\/www.mirsa.es\/ca\/muebles-selva\/","title":{"rendered":"Mobles Selva"},"content":{"rendered":"<div class=\"wpb-content-wrapper\"><p>[vc_row css=&#8221;.vc_custom_1583596731269{margin-left: -50px !important;}&#8221;][vc_column][vc_column_text]<a href=\"javascript:history.go(-1)\" onmouseover=\"self.status=document.referrer;return true\" style=\"color: black;\">Enrere<\/a>[\/vc_column_text][\/vc_column][\/vc_row][vc_row][vc_column][vc_column_text]<br \/>\n<img decoding=\"async\" class=\"wp-image-1077 size-large aligncenter\" title=\"Mobles Selva\" src=\"\/wp-content\/uploads\/2020\/06\/selva_muebles.jpg\" alt=\"Mobles Selva\" width=\"100%\" height=\"400\" \/><\/p>\n<h2 style=\"font-size: 16px; text-align: left;\"><strong>Selva \u00e9s sin\u00f2nim de creativitat, varietat i artesania italiana. Des de la seva fundaci\u00f3 al 1968, la companyia s\u2019ha convertit en un referent del mobiliari cl\u00e0ssic d\u2019alta qualitat.<\/strong><\/h2>\n<p style=\"font-size: 16px; text-align: left;\">Els mobles de Selva es caracteritzen per la seva elegant estructura i la seva perfecta execuci\u00f3 artesanal. La seva col\u00b7lecci\u00f3 \u201cTimeless\u201d presenta un disseny cl\u00e0ssic i atemporal que, com el seu propi nom indica, roman inalterable al pas del temps.<\/p>\n<p style=\"font-size: 16px; text-align: left;\">Philipp Selva \u00e9s una altra de les l\u00ednies de la firma, en la que s\u2019aposta per una est\u00e8tica contempor\u00e0nia en col\u00b7laboraci\u00f3 amb alguns dels dissenyadors m\u00e9s prestigiosos del moment.<\/p>\n<p style=\"font-size: 16px; text-align: left;\">A MIRSA interiorisme &#038; mobiliari som distribu\u00efdors oficials Selva. Per a m\u00e9s informaci\u00f3, visiti el nostre Showroom o contacti amb nosaltres.<\/p>\n<p>[\/vc_column_text][vc_row_inner][vc_column_inner width=&#8221;1\/3&#8243;][\/vc_column_inner][vc_column_inner width=&#8221;1\/3&#8243;]<style type=\"text\/css\">#bklyn_btn_6a092253c3776 .bklyn-btn { color:#ffffff !important; background-color:black !important; }<\/style><div id=\"bklyn_btn_6a092253c3776\" class=\"bklyn-btn-holder  bklyn-btn-center bklyn-btn-tablet-center bklyn-btn-mobile-center\"><a title=\"Contacto\"   href=\"\/contacto\" target=\"_self\" class=\"bklyn-btn  bklyn-btn-icon-left bklyn-btn-normal\" ><i class=\"fa fa-envelope\"><\/i><span class=\"ut-btn-text\">M\u00e9s informaci\u00f3<\/span><\/a><\/div>[\/vc_column_inner][vc_column_inner width=&#8221;1\/3&#8243;][\/vc_column_inner][\/vc_row_inner][\/vc_column][\/vc_row]<\/p>\n<\/div>","protected":false},"excerpt":{"rendered":"<p>[vc_row css=&#8221;.vc_custom_1583596731269{margin-left: -50px !important;}&#8221;][vc_column][vc_column_text]Enrere[\/vc_column_text][\/vc_column][\/vc_row][vc_row][vc_column][vc_column_text] Selva \u00e9s sin\u00f2nim de creativitat, varietat i artesania italiana. Des de la seva fundaci\u00f3 al 1968, la companyia s\u2019ha convertit en un referent del mobiliari cl\u00e0ssic d\u2019alta qualitat. Els mobles de Selva es caracteritzen per la seva elegant estructura i la seva perfecta execuci\u00f3 artesanal. La seva col\u00b7lecci\u00f3 \u201cTimeless\u201d presenta un [&hellip;]<\/p>\n","protected":false},"author":1,"featured_media":0,"parent":0,"menu_order":0,"comment_status":"closed","ping_status":"closed","template":"","meta":{"footnotes":""},"class_list":["post-50047","page","type-page","status-publish","hentry"],"aioseo_notices":[],"_links":{"self":[{"href":"https:\/\/www.mirsa.es\/ca\/wp-json\/wp\/v2\/pages\/50047","targetHints":{"allow":["GET"]}}],"collection":[{"href":"https:\/\/www.mirsa.es\/ca\/wp-json\/wp\/v2\/pages"}],"about":[{"href":"https:\/\/www.mirsa.es\/ca\/wp-json\/wp\/v2\/types\/page"}],"author":[{"embeddable":true,"href":"https:\/\/www.mirsa.es\/ca\/wp-json\/wp\/v2\/users\/1"}],"replies":[{"embeddable":true,"href":"https:\/\/www.mirsa.es\/ca\/wp-json\/wp\/v2\/comments?post=50047"}],"version-history":[{"count":0,"href":"https:\/\/www.mirsa.es\/ca\/wp-json\/wp\/v2\/pages\/50047\/revisions"}],"wp:attachment":[{"href":"https:\/\/www.mirsa.es\/ca\/wp-json\/wp\/v2\/media?parent=50047"}],"curies":[{"name":"wp","href":"https:\/\/api.w.org\/{rel}","templated":true}]}}