{"id":50040,"date":"2016-07-02T17:43:19","date_gmt":"2016-07-02T15:43:19","guid":{"rendered":"http:\/\/www.mirsa.es.mialias.net\/muebles-pianca\/"},"modified":"2024-05-22T13:10:20","modified_gmt":"2024-05-22T13:10:20","slug":"muebles-pianca","status":"publish","type":"page","link":"https:\/\/www.mirsa.es\/ca\/muebles-pianca\/","title":{"rendered":"Mobles Pianca"},"content":{"rendered":"<div class=\"wpb-content-wrapper\"><p>[vc_row css=&#8221;.vc_custom_1583596731269{margin-left: -50px !important;}&#8221;][vc_column][vc_column_text]<a style=\"color:black;\" href=\"javascript:history.go(-1)\" onmouseover=\"self.status=document.referrer;return true\">Atr\u00e1s<\/a>[\/vc_column_text][\/vc_column][\/vc_row][vc_row][vc_column][vc_column_text]<\/p>\n<h5><img decoding=\"async\" class=\"wp-image-1077 size-large aligncenter\" title=\"Mobles Pianca\" src=\"\/wp-content\/uploads\/2020\/06\/muebles_pianca_2020.jpg\" alt=\"Mobles Pianca\" width=\"100%\" height=\"400\" \/><\/h5>\n<p style=\"font-size: 16px; text-align: left;\"><strong>Pianca \u00e9s una important firma italiana de mobles de disseny amb m\u00e9s de 65 anys d\u2019hist\u00f2ria. Els seus sof\u00e0s, butaques i armaris s\u00f3n exportats a m\u00e9s de 50 pa\u00efsos.<\/strong><\/p>\n<p style=\"font-size: 16px; text-align: left;\">La marca disposa d\u2019un complert cat\u00e0leg de mobiliari d\u2019interiorisme de gran qualitat. Reconeguts dissenyadors com Aldo Cibic, Alessandra Pasetti, Ferruccio Lavinu col\u00b7laboren activament en el disseny de les col\u00b7leccions de Pianca.<\/p>\n<p style=\"font-size: 16px; text-align: left;\">La firma italiana representa la combinaci\u00f3 perfecta entre el disseny i la funcionalitat. A MIRSA interiorisme &amp; mobiliari som distribu\u00efdors oficials PIANCA. Per a m\u00e9s informaci\u00f3, visiti el nostre Showroom o ontacti amb nosaltres.<\/p>\n<p>[\/vc_column_text][\/vc_column][\/vc_row][vc_section][vc_row full_width=&#8221;stretch_row_content_no_spaces&#8221;][vc_column][vc_column_text]<iframe id=\"embedded-ads-iframe-website\" width=\"100%\" height=\"600\" data-originsrc=\"https:\/\/mirsa.daloom.com\/productos\/mobiliario\/brand_pianca\"><\/iframe><br \/>\n<script defer src=\"https:\/\/mirsa.daloom.com\/js\/parent-embedded-script.min.js\"><\/script>[\/vc_column_text][\/vc_column][\/vc_row][\/vc_section]<\/p>\n<\/div>","protected":false},"excerpt":{"rendered":"<p>[vc_row css=&#8221;.vc_custom_1583596731269{margin-left: -50px !important;}&#8221;][vc_column][vc_column_text]Atr\u00e1s[\/vc_column_text][\/vc_column][\/vc_row][vc_row][vc_column][vc_column_text] Pianca \u00e9s una important firma italiana de mobles de disseny amb m\u00e9s de 65 anys d\u2019hist\u00f2ria. Els seus sof\u00e0s, butaques i armaris s\u00f3n exportats a m\u00e9s de 50 pa\u00efsos. La marca disposa d\u2019un complert cat\u00e0leg de mobiliari d\u2019interiorisme de gran qualitat. Reconeguts dissenyadors com Aldo Cibic, Alessandra Pasetti, Ferruccio Lavinu col\u00b7laboren [&hellip;]<\/p>\n","protected":false},"author":1,"featured_media":0,"parent":0,"menu_order":0,"comment_status":"closed","ping_status":"closed","template":"","meta":{"footnotes":""},"class_list":["post-50040","page","type-page","status-publish","hentry"],"aioseo_notices":[],"_links":{"self":[{"href":"https:\/\/www.mirsa.es\/ca\/wp-json\/wp\/v2\/pages\/50040","targetHints":{"allow":["GET"]}}],"collection":[{"href":"https:\/\/www.mirsa.es\/ca\/wp-json\/wp\/v2\/pages"}],"about":[{"href":"https:\/\/www.mirsa.es\/ca\/wp-json\/wp\/v2\/types\/page"}],"author":[{"embeddable":true,"href":"https:\/\/www.mirsa.es\/ca\/wp-json\/wp\/v2\/users\/1"}],"replies":[{"embeddable":true,"href":"https:\/\/www.mirsa.es\/ca\/wp-json\/wp\/v2\/comments?post=50040"}],"version-history":[{"count":0,"href":"https:\/\/www.mirsa.es\/ca\/wp-json\/wp\/v2\/pages\/50040\/revisions"}],"wp:attachment":[{"href":"https:\/\/www.mirsa.es\/ca\/wp-json\/wp\/v2\/media?parent=50040"}],"curies":[{"name":"wp","href":"https:\/\/api.w.org\/{rel}","templated":true}]}}