{"id":50036,"date":"2017-09-29T10:24:12","date_gmt":"2017-09-29T08:24:12","guid":{"rendered":"http:\/\/www.mirsa.es.mialias.net\/muebles-pedrali\/"},"modified":"2024-05-22T11:27:45","modified_gmt":"2024-05-22T11:27:45","slug":"muebles-pedrali","status":"publish","type":"page","link":"https:\/\/www.mirsa.es\/ca\/muebles-pedrali\/","title":{"rendered":"Mobles Pedrali"},"content":{"rendered":"<div class=\"wpb-content-wrapper\"><p>[vc_row css=&#8221;.vc_custom_1583596731269{margin-left: -50px !important;}&#8221;][vc_column][vc_column_text]<a style=\"color:black;\" href=\"javascript:history.go(-1)\" onmouseover=\"self.status=document.referrer;return true\">Atr\u00e1s<\/a>[\/vc_column_text][\/vc_column][\/vc_row][vc_row][vc_column][vc_column_text]<br \/>\n<img decoding=\"async\" class=\"wp-image-1077 size-large aligncenter\" title=\"Mobles Pedrali\" src=\"\/wp-content\/uploads\/2020\/06\/muebles_pedralli_portada.jpg\" alt=\"Mobles Pedrali\" width=\"100%\" height=\"400\" \/><\/p>\n<h2 style=\"font-size: 16px; text-align: left;\"><strong>Pedrali es una prestigiosa firma de dise\u00f1o italiano que se caracteriza por su estilo elegante y contempor\u00e1neo.<\/strong><\/h2>\n<p style=\"font-size: 16px; text-align: left;\">El proceso de fabricaci\u00f3n de los productos se caracteriza por combinar con maestr\u00eda tradici\u00f3n e innovaci\u00f3n, concibiendo as\u00ed productos \u00fanicos.<\/p>\n<p style=\"font-size: 16px; text-align: left;\">La firma italiana dispone de un extenso cat\u00e1logo en el cual nos ofrece soluciones para completar cualquier tipo de espacio: Despachos, oficinas, espacios p\u00fablicos y hogares particulares.<\/p>\n<p style=\"font-size: 16px; text-align: left;\">En MIRSA interiorismo &amp; mobiliario somos distribuidores oficiales Pedrali. Para m\u00e1s informaci\u00f3n visite nuestro Showroom o contacte con nosotros.<\/p>\n<p>[\/vc_column_text][vc_row_inner][vc_column_inner width=&#8221;1\/3&#8243;][\/vc_column_inner][vc_column_inner width=&#8221;1\/3&#8243;]<style type=\"text\/css\">#bklyn_btn_6a09226af2d4f .bklyn-btn { color:#ffffff !important; background-color:black !important; }<\/style><div id=\"bklyn_btn_6a09226af2d4f\" class=\"bklyn-btn-holder  bklyn-btn-center bklyn-btn-tablet-center bklyn-btn-mobile-center\"><a title=\"Contacto\"   href=\"\/contacto\" target=\"_self\" class=\"bklyn-btn  bklyn-btn-icon-left bklyn-btn-normal\" ><i class=\"fa fa-envelope\"><\/i><span class=\"ut-btn-text\">M\u00e9s informaci\u00f3<\/span><\/a><\/div>[\/vc_column_inner][vc_column_inner width=&#8221;1\/3&#8243;][\/vc_column_inner][\/vc_row_inner][\/vc_column][\/vc_row][vc_section][vc_row full_width=&#8221;stretch_row_content_no_spaces&#8221;][vc_column][vc_column_text]<iframe id=\"embedded-ads-iframe-website\" width=\"100%\" height=\"600\" data-originsrc=\"https:\/\/mirsa.daloom.com\/productos\/mobiliario\/brand_pedrali\"><\/iframe><br \/>\n<script defer src=\"https:\/\/mirsa.daloom.com\/js\/parent-embedded-script.min.js\"><\/script>[\/vc_column_text][\/vc_column][\/vc_row][\/vc_section]<\/p>\n<\/div>","protected":false},"excerpt":{"rendered":"<p>[vc_row css=&#8221;.vc_custom_1583596731269{margin-left: -50px !important;}&#8221;][vc_column][vc_column_text]Atr\u00e1s[\/vc_column_text][\/vc_column][\/vc_row][vc_row][vc_column][vc_column_text] Pedrali es una prestigiosa firma de dise\u00f1o italiano que se caracteriza por su estilo elegante y contempor\u00e1neo. El proceso de fabricaci\u00f3n de los productos se caracteriza por combinar con maestr\u00eda tradici\u00f3n e innovaci\u00f3n, concibiendo as\u00ed productos \u00fanicos. La firma italiana dispone de un extenso cat\u00e1logo en el cual nos ofrece soluciones [&hellip;]<\/p>\n","protected":false},"author":1,"featured_media":0,"parent":0,"menu_order":0,"comment_status":"closed","ping_status":"closed","template":"","meta":{"footnotes":""},"class_list":["post-50036","page","type-page","status-publish","hentry"],"aioseo_notices":[],"_links":{"self":[{"href":"https:\/\/www.mirsa.es\/ca\/wp-json\/wp\/v2\/pages\/50036","targetHints":{"allow":["GET"]}}],"collection":[{"href":"https:\/\/www.mirsa.es\/ca\/wp-json\/wp\/v2\/pages"}],"about":[{"href":"https:\/\/www.mirsa.es\/ca\/wp-json\/wp\/v2\/types\/page"}],"author":[{"embeddable":true,"href":"https:\/\/www.mirsa.es\/ca\/wp-json\/wp\/v2\/users\/1"}],"replies":[{"embeddable":true,"href":"https:\/\/www.mirsa.es\/ca\/wp-json\/wp\/v2\/comments?post=50036"}],"version-history":[{"count":0,"href":"https:\/\/www.mirsa.es\/ca\/wp-json\/wp\/v2\/pages\/50036\/revisions"}],"wp:attachment":[{"href":"https:\/\/www.mirsa.es\/ca\/wp-json\/wp\/v2\/media?parent=50036"}],"curies":[{"name":"wp","href":"https:\/\/api.w.org\/{rel}","templated":true}]}}