{"id":50030,"date":"2018-05-04T12:15:19","date_gmt":"2018-05-04T10:15:19","guid":{"rendered":"http:\/\/www.mirsa.es.mialias.net\/midj-italy-muebles\/"},"modified":"2024-05-22T08:27:20","modified_gmt":"2024-05-22T08:27:20","slug":"midj-italy-muebles","status":"publish","type":"page","link":"https:\/\/www.mirsa.es\/ca\/midj-italy-muebles\/","title":{"rendered":"Mobles Midj Italy"},"content":{"rendered":"<div class=\"wpb-content-wrapper\"><p>[vc_row css=&#8221;.vc_custom_1583596731269{margin-left: -50px !important;}&#8221;][vc_column][vc_column_text]<a style=\"color: black;\">Enrere<\/a>[\/vc_column_text][\/vc_column][\/vc_row][vc_row][vc_column][vc_column_text]<br \/>\n<img decoding=\"async\" class=\"wp-image-1077 size-large aligncenter\" title=\"Mobles Midj Italy\" src=\"\/wp-content\/uploads\/2020\/06\/silla_suite_midj_italy.jpg\" alt=\"Mobles Midj Italy\" width=\"100%\" height=\"400\" \/><\/p>\n<h2 style=\"font-size: 16px; text-align: left;\"><strong>Midj Italy \u00e9s una prestigiosa firma de mobiliari de disseny que es caracteritza per la gran qualitat i exclusivitat de totes les seves col\u00b7leccions.<\/strong><\/h2>\n<p style=\"font-size: 16px; text-align: left;\">Les l\u00ednies fluides, les cantonades arrodonides i les estructures lleugeres formen part de l\u2019ADN de Midj Italy, com queda reflectit en totes les peces del seu extens cat\u00e0leg. Les col\u00b7leccions de la firma busquen constantment la versatilitat i la possibilitat d\u2019oferir solucions completes per espais p\u00fablics i privats.<\/p>\n<p style=\"font-size: 16px; text-align: left;\">A MIRSA interiorisme &amp; mobiliari som distribu\u00efdors oficials de mobles Midj Italy. Per a m\u00e9s informaci\u00f3, visiti el nostre Showroom o contacti amb nosaltres.<\/p>\n<p>[\/vc_column_text][\/vc_column][\/vc_row]<\/p>\n<\/div>","protected":false},"excerpt":{"rendered":"<p>[vc_row css=&#8221;.vc_custom_1583596731269{margin-left: -50px !important;}&#8221;][vc_column][vc_column_text]Enrere[\/vc_column_text][\/vc_column][\/vc_row][vc_row][vc_column][vc_column_text] Midj Italy \u00e9s una prestigiosa firma de mobiliari de disseny que es caracteritza per la gran qualitat i exclusivitat de totes les seves col\u00b7leccions. Les l\u00ednies fluides, les cantonades arrodonides i les estructures lleugeres formen part de l\u2019ADN de Midj Italy, com queda reflectit en totes les peces del seu extens [&hellip;]<\/p>\n","protected":false},"author":1,"featured_media":0,"parent":0,"menu_order":0,"comment_status":"closed","ping_status":"closed","template":"","meta":{"footnotes":""},"class_list":["post-50030","page","type-page","status-publish","hentry"],"aioseo_notices":[],"_links":{"self":[{"href":"https:\/\/www.mirsa.es\/ca\/wp-json\/wp\/v2\/pages\/50030","targetHints":{"allow":["GET"]}}],"collection":[{"href":"https:\/\/www.mirsa.es\/ca\/wp-json\/wp\/v2\/pages"}],"about":[{"href":"https:\/\/www.mirsa.es\/ca\/wp-json\/wp\/v2\/types\/page"}],"author":[{"embeddable":true,"href":"https:\/\/www.mirsa.es\/ca\/wp-json\/wp\/v2\/users\/1"}],"replies":[{"embeddable":true,"href":"https:\/\/www.mirsa.es\/ca\/wp-json\/wp\/v2\/comments?post=50030"}],"version-history":[{"count":0,"href":"https:\/\/www.mirsa.es\/ca\/wp-json\/wp\/v2\/pages\/50030\/revisions"}],"wp:attachment":[{"href":"https:\/\/www.mirsa.es\/ca\/wp-json\/wp\/v2\/media?parent=50030"}],"curies":[{"name":"wp","href":"https:\/\/api.w.org\/{rel}","templated":true}]}}