{"id":50019,"date":"2016-06-21T20:02:03","date_gmt":"2016-06-21T18:02:03","guid":{"rendered":"http:\/\/www.mirsa.es.mialias.net\/muebles-kristalia\/"},"modified":"2024-05-17T14:59:11","modified_gmt":"2024-05-17T14:59:11","slug":"muebles-kristalia","status":"publish","type":"page","link":"https:\/\/www.mirsa.es\/ca\/muebles-kristalia\/","title":{"rendered":"Mobles Kristalia"},"content":{"rendered":"<div class=\"wpb-content-wrapper\"><p>[vc_row css=&#8221;.vc_custom_1583596731269{margin-left: -50px !important;}&#8221;][vc_column][vc_column_text]<a style=\"color:black;\" href=\"javascript:history.go(-1)\" onmouseover=\"self.status=document.referrer;return true\">Enrere<\/a>[\/vc_column_text][\/vc_column][\/vc_row][vc_row][vc_column][vc_column_text]<\/p>\n<h5><img decoding=\"async\" class=\"wp-image-1077 size-large aligncenter\" title=\"Mobles Kristalia\" src=\"\/wp-content\/uploads\/2020\/06\/muebles_kristalia.jpg\" alt=\"Mobles Kristalia\" width=\"100%\" height=\"400\" \/><\/h5>\n<p style=\"font-size: 16px; text-align: left;\"><strong>Kristalia \u00e9s una prestigiosa firma de mobiliari fundada al 1994 per joves empresaris units per dues passions comuns: el disseny i el jazz.<\/strong><\/p>\n<p style=\"font-size: 16px; text-align: left;\">A la d\u00e8cada dels 90, l\u2019empresa aposta per una nova l\u00ednia creativa, oferint un producte amb caracter\u00edstiques est\u00e8tiques i qualitatives especialment inspirades en el disseny itali\u00e0 contemporani.<\/p>\n<p style=\"font-size: 16px; text-align: left;\">En l\u2019actualitat, la marca s\u2019ha convertit en tota una refer\u00e8ncia del disseny i de l\u2019interiorisme, i les seves col\u00b7leccions s\u00f3n reconegudes internacionalment.<\/p>\n<p style=\"font-size: 16px; text-align: left;\">Algunes de les col\u00b7leccions de Kristalia s\u2019han convertit en aut\u00e8ntiques icones de l\u2019interiorisme, com la taula \u201cSushi\u201d de Bartoli Design, el tamburet \u201cBCN\u201d dissenyat per Harry &#038; Camila o la m\u00edtica cadira Elephant.<\/p>\n<p style=\"font-size: 16px; text-align: left;\">A MIRSA interiorisme &#038; mobiliari som distribu\u00efdors oficials Kristalia. Per a m\u00e9s informaci\u00f3, visiti el nostre Showroom o contacti amb nosaltres.<\/p>\n<p>[\/vc_column_text][\/vc_column][\/vc_row][vc_section][vc_row full_width=&#8221;stretch_row_content_no_spaces&#8221;][vc_column][vc_column_text]<iframe id=\"embedded-ads-iframe-website\" width=\"100%\" height=\"600\" data-originsrc=\"https:\/\/mirsa.daloom.com\/es\/productos\/mobiliario\/brand_kristalia\"><\/iframe><br \/>\n<script defer src=\"https:\/\/mirsa.daloom.com\/js\/parent-embedded-script.min.js\"><\/script>[\/vc_column_text][\/vc_column][\/vc_row][\/vc_section]<\/p>\n<\/div>","protected":false},"excerpt":{"rendered":"<p>[vc_row css=&#8221;.vc_custom_1583596731269{margin-left: -50px !important;}&#8221;][vc_column][vc_column_text]Enrere[\/vc_column_text][\/vc_column][\/vc_row][vc_row][vc_column][vc_column_text] Kristalia \u00e9s una prestigiosa firma de mobiliari fundada al 1994 per joves empresaris units per dues passions comuns: el disseny i el jazz. A la d\u00e8cada dels 90, l\u2019empresa aposta per una nova l\u00ednia creativa, oferint un producte amb caracter\u00edstiques est\u00e8tiques i qualitatives especialment inspirades en el disseny itali\u00e0 contemporani. En [&hellip;]<\/p>\n","protected":false},"author":1,"featured_media":0,"parent":0,"menu_order":0,"comment_status":"closed","ping_status":"closed","template":"","meta":{"footnotes":""},"class_list":["post-50019","page","type-page","status-publish","hentry"],"aioseo_notices":[],"_links":{"self":[{"href":"https:\/\/www.mirsa.es\/ca\/wp-json\/wp\/v2\/pages\/50019","targetHints":{"allow":["GET"]}}],"collection":[{"href":"https:\/\/www.mirsa.es\/ca\/wp-json\/wp\/v2\/pages"}],"about":[{"href":"https:\/\/www.mirsa.es\/ca\/wp-json\/wp\/v2\/types\/page"}],"author":[{"embeddable":true,"href":"https:\/\/www.mirsa.es\/ca\/wp-json\/wp\/v2\/users\/1"}],"replies":[{"embeddable":true,"href":"https:\/\/www.mirsa.es\/ca\/wp-json\/wp\/v2\/comments?post=50019"}],"version-history":[{"count":0,"href":"https:\/\/www.mirsa.es\/ca\/wp-json\/wp\/v2\/pages\/50019\/revisions"}],"wp:attachment":[{"href":"https:\/\/www.mirsa.es\/ca\/wp-json\/wp\/v2\/media?parent=50019"}],"curies":[{"name":"wp","href":"https:\/\/api.w.org\/{rel}","templated":true}]}}