{"id":50000,"date":"2016-07-07T19:39:56","date_gmt":"2016-07-07T17:39:56","guid":{"rendered":"http:\/\/www.mirsa.es.mialias.net\/muebles-italianos-porada\/"},"modified":"2024-05-22T13:52:12","modified_gmt":"2024-05-22T13:52:12","slug":"muebles-italianos-porada","status":"publish","type":"page","link":"https:\/\/www.mirsa.es\/ca\/muebles-italianos-porada\/","title":{"rendered":"Mobles italians Porada"},"content":{"rendered":"<div class=\"wpb-content-wrapper\"><p>[vc_row css=&#8221;.vc_custom_1583596731269{margin-left: -50px !important;}&#8221;][vc_column][vc_column_text]<a style=\"color:black;\" href=\"javascript:history.go(-1)\" onmouseover=\"self.status=document.referrer;return true\">Enrere<\/a>[\/vc_column_text][\/vc_column][\/vc_row][vc_row][vc_column][vc_column_text]<\/p>\n<h5><img decoding=\"async\" class=\"wp-image-1077 size-large aligncenter\" title=\"Mobles italians Porada\" src=\"\/wp-content\/uploads\/2020\/06\/mobiliario_porada.jpg\" alt=\"Mobles italians Porada\" width=\"100%\" height=\"400\" \/><\/h5>\n<p style=\"font-size: 16px; text-align: left;\"><strong>Porada \u00e9s una prestigiosa i reconeguda firma italiana de mobiliari contemporani d&#8217;alta gamma que es caracteritza pels seus dissenys sobris i elegants en fusta massissa.<\/strong><\/p>\n<p style=\"font-size: 16px; text-align: left;\">Fundada oficialment al 1960 per Luigi Allievi, els seus inicis es remunten al 1948, quan va iniciar la seva activitat sent una petita f\u00e0brica dedicada a la producci\u00f3 i distribuci\u00f3 de cadires.<\/p>\n<p style=\"font-size: 16px; text-align: left;\">Actualment Porada s&#8217;ha convertit en una firma de prestigi internacional, amb delegacions als cinc continents i amb flagships a les grans capitals mundials.<\/p>\n<p style=\"font-size: 16px; text-align: left;\">L&#8217;\u00e8xit de la marca radica en la capacitat d&#8217;adaptaci\u00f3 als nous temps sense renunciat a l&#8217;ess\u00e8ncia tradicional dels seus or\u00edgens. Les seves col\u00b7leccions es conceben com una combinaci\u00f3 entre innovaci\u00f3 i tradici\u00f3, creant productes \u00fanics.<\/p>\n<p style=\"font-size: 16px; text-align: left;\">L&#8217;\u00fas de la fusta massissa combinat amb altres materials de gran qualitat com l&#8217;acer o el vidre temperat \u00e9s una constant en els productes de la firma, que garanteixen la m\u00e1xima eleg\u00e0ncia i funcionalitat.<\/p>\n<p style=\"font-size: 16px; text-align: left;\">Dissenyadors com T. Colzani, Zappa &amp; Marconato o els germans G &amp; O Buratti, han col\u00b7laborat amb la firma, que sempre ha treballat amb arquitectes i dissenyadors de prestigi internacional.<\/p>\n<p style=\"font-size: 16px; text-align: left;\">A MIRSA interiorisme &amp; mobiliari som distribu\u00efdors oficials Porada. Per a m\u00e9s informaci\u00f3, visiti el nostre Showroom o contacti amb nosaltres.<\/p>\n<p>[\/vc_column_text][\/vc_column][\/vc_row][vc_section][vc_row full_width=&#8221;stretch_row_content&#8221;][vc_column][vc_column_text]<a style=\"color:black;\" href=\"javascript:history.go(-1)\" onmouseover=\"self.status=document.referrer;return true\">Atr\u00e1s<\/a>[\/vc_column_text][\/vc_column][\/vc_row][vc_row full_width=&#8221;stretch_row_content_no_spaces&#8221; css=&#8221;.vc_custom_1714640401793{margin-top: -20px !important;}&#8221;][vc_column][vc_column_text]<iframe id=\"embedded-ads-iframe-website\" width=\"100%\" height=\"600\" data-originsrc=\"https:\/\/mirsa.daloom.com\/productos\/mobiliario\/brand_porada\"><\/iframe><script defer src=\"https:\/\/mirsa.daloom.com\/js\/parent-embedded-script.min.js\"><\/script>[\/vc_column_text][\/vc_column][\/vc_row][\/vc_section]<\/p>\n<\/div>","protected":false},"excerpt":{"rendered":"<p>[vc_row css=&#8221;.vc_custom_1583596731269{margin-left: -50px !important;}&#8221;][vc_column][vc_column_text]Enrere[\/vc_column_text][\/vc_column][\/vc_row][vc_row][vc_column][vc_column_text] Porada \u00e9s una prestigiosa i reconeguda firma italiana de mobiliari contemporani d&#8217;alta gamma que es caracteritza pels seus dissenys sobris i elegants en fusta massissa. Fundada oficialment al 1960 per Luigi Allievi, els seus inicis es remunten al 1948, quan va iniciar la seva activitat sent una petita f\u00e0brica dedicada a [&hellip;]<\/p>\n","protected":false},"author":1,"featured_media":0,"parent":0,"menu_order":0,"comment_status":"closed","ping_status":"closed","template":"","meta":{"footnotes":""},"class_list":["post-50000","page","type-page","status-publish","hentry"],"aioseo_notices":[],"_links":{"self":[{"href":"https:\/\/www.mirsa.es\/ca\/wp-json\/wp\/v2\/pages\/50000","targetHints":{"allow":["GET"]}}],"collection":[{"href":"https:\/\/www.mirsa.es\/ca\/wp-json\/wp\/v2\/pages"}],"about":[{"href":"https:\/\/www.mirsa.es\/ca\/wp-json\/wp\/v2\/types\/page"}],"author":[{"embeddable":true,"href":"https:\/\/www.mirsa.es\/ca\/wp-json\/wp\/v2\/users\/1"}],"replies":[{"embeddable":true,"href":"https:\/\/www.mirsa.es\/ca\/wp-json\/wp\/v2\/comments?post=50000"}],"version-history":[{"count":0,"href":"https:\/\/www.mirsa.es\/ca\/wp-json\/wp\/v2\/pages\/50000\/revisions"}],"wp:attachment":[{"href":"https:\/\/www.mirsa.es\/ca\/wp-json\/wp\/v2\/media?parent=50000"}],"curies":[{"name":"wp","href":"https:\/\/api.w.org\/{rel}","templated":true}]}}