{"id":49993,"date":"2017-07-05T10:59:48","date_gmt":"2017-07-05T08:59:48","guid":{"rendered":"http:\/\/www.mirsa.es.mialias.net\/muebles-horm-group\/"},"modified":"2024-05-15T10:19:43","modified_gmt":"2024-05-15T10:19:43","slug":"muebles-horm-group","status":"publish","type":"page","link":"https:\/\/www.mirsa.es\/ca\/muebles-horm-group\/","title":{"rendered":"Mobles Horm Group"},"content":{"rendered":"<div class=\"wpb-content-wrapper\"><p>[vc_row css=&#8221;.vc_custom_1583596731269{margin-left: -50px !important;}&#8221;][vc_column][vc_column_text]<a style=\"color:black;\" href=\"javascript:history.go(-1)\" onmouseover=\"self.status=document.referrer;return true\">Enrere<\/a>[\/vc_column_text][\/vc_column][\/vc_row][vc_row][vc_column][vc_column_text]<br \/>\n<img decoding=\"async\" class=\"wp-image-1077 size-large aligncenter\" title=\"Mobles Horm Group\" src=\"\/wp-content\/uploads\/2020\/06\/horm_it_mobiliario_portada.jpg\" alt=\"Mobles Horm Group\" width=\"100%\" height=\"400\" \/><\/p>\n<h2 style=\"font-size: 16px; text-align: left;\"><strong>Horm Group \u00e9s una important companyia dedicada a la fabricaci\u00f3 i distribuci\u00f3 de mobiliari de disseny d\u2019alta gamma.<\/strong><\/h2>\n<p style=\"font-size: 16px; text-align: left;\">La corporaci\u00f3 est\u00e0 integrada a la vegada per tres sucursals independents, cada una d\u2019elles amb estil propi.<\/p>\n<p style=\"font-size: 16px; text-align: left;\"><b>Horm.ITb<\/b><\/p>\n<p style=\"font-size: 16px; text-align: left;\">La firma ofereix una amplia col\u00b7lecci\u00f3 de mobiliari de disseny per aquells m\u00e9s exigents, sempre cuidant fins al m\u00e9s m\u00ednim detall i dotant les seves creacions d\u2019un car\u00e0cter \u00fanic i exclusiu. Les col\u00b7leccions de Horm.It destaquen per la seva forta personalitat, que combina est\u00e8tica, funcionalitat i innovaci\u00f3.<\/p>\n<p style=\"font-size: 16px; text-align: left;\"><b>Casamania<\/b><\/p>\n<p style=\"font-size: 16px; text-align: left;\">La marca imprimeix un aspecte contemporani i de vanguardia que es tradueix en projectes de mobiliari d\u2019alta gamma per a complexos residencials, comercials, botigues, hostaleria\u2026<\/p>\n<p style=\"font-size: 16px; text-align: left;\">Les seves col\u00b7leccions abracen una \u00e0mplia gamma de productes: des dels sistemes modulars per a cadires, fins solucions decoratives o d\u2019il\u00b7luminaci\u00f3.<\/p>\n<p style=\"font-size: 16px; text-align: left;\">Orizzonti<\/p>\n<p style=\"font-size: 16px; text-align: left;\">La companyia ofereix com a principal valor el disseny artesanal i de primera qualitat de totes les seves col\u00b7leccions. Especialitzada en la producci\u00f3 de llits, sof\u00e0s-llit, matalassos, coixins i edredons.<\/p>\n<p>[\/vc_column_text][\/vc_column][\/vc_row][vc_section][vc_row full_width=&#8221;stretch_row_content_no_spaces&#8221;][vc_column][vc_column_text]<iframe id=\"embedded-ads-iframe-website\" width=\"100%\" height=\"600\" data-originsrc=\"https:\/\/mirsa.daloom.com\/es\/productos\/mobiliario\/brand_casamania-horm\"><\/iframe><br \/>\n<script defer src=\"https:\/\/mirsa.daloom.com\/js\/parent-embedded-script.min.js\"><\/script>[\/vc_column_text][\/vc_column][\/vc_row][\/vc_section]<\/p>\n<\/div>","protected":false},"excerpt":{"rendered":"<p>[vc_row css=&#8221;.vc_custom_1583596731269{margin-left: -50px !important;}&#8221;][vc_column][vc_column_text]Enrere[\/vc_column_text][\/vc_column][\/vc_row][vc_row][vc_column][vc_column_text] Horm Group \u00e9s una important companyia dedicada a la fabricaci\u00f3 i distribuci\u00f3 de mobiliari de disseny d\u2019alta gamma. La corporaci\u00f3 est\u00e0 integrada a la vegada per tres sucursals independents, cada una d\u2019elles amb estil propi. Horm.ITb La firma ofereix una amplia col\u00b7lecci\u00f3 de mobiliari de disseny per aquells m\u00e9s exigents, sempre [&hellip;]<\/p>\n","protected":false},"author":1,"featured_media":0,"parent":0,"menu_order":0,"comment_status":"closed","ping_status":"closed","template":"","meta":{"footnotes":""},"class_list":["post-49993","page","type-page","status-publish","hentry"],"aioseo_notices":[],"_links":{"self":[{"href":"https:\/\/www.mirsa.es\/ca\/wp-json\/wp\/v2\/pages\/49993","targetHints":{"allow":["GET"]}}],"collection":[{"href":"https:\/\/www.mirsa.es\/ca\/wp-json\/wp\/v2\/pages"}],"about":[{"href":"https:\/\/www.mirsa.es\/ca\/wp-json\/wp\/v2\/types\/page"}],"author":[{"embeddable":true,"href":"https:\/\/www.mirsa.es\/ca\/wp-json\/wp\/v2\/users\/1"}],"replies":[{"embeddable":true,"href":"https:\/\/www.mirsa.es\/ca\/wp-json\/wp\/v2\/comments?post=49993"}],"version-history":[{"count":0,"href":"https:\/\/www.mirsa.es\/ca\/wp-json\/wp\/v2\/pages\/49993\/revisions"}],"wp:attachment":[{"href":"https:\/\/www.mirsa.es\/ca\/wp-json\/wp\/v2\/media?parent=49993"}],"curies":[{"name":"wp","href":"https:\/\/api.w.org\/{rel}","templated":true}]}}