{"id":49977,"date":"2017-09-16T13:12:27","date_gmt":"2017-09-16T11:12:27","guid":{"rendered":"http:\/\/www.mirsa.es.mialias.net\/muebles-gallotti-radice\/"},"modified":"2024-05-21T16:15:22","modified_gmt":"2024-05-21T16:15:22","slug":"muebles-gallotti-radice","status":"publish","type":"page","link":"https:\/\/www.mirsa.es\/ca\/muebles-gallotti-radice\/","title":{"rendered":"Mobles Gallotti &#038; Radice"},"content":{"rendered":"<div class=\"wpb-content-wrapper\"><p>[vc_row css=&#8221;.vc_custom_1583596731269{margin-left: -50px !important;}&#8221;][vc_column][vc_column_text]<a style=\"color:black;\" href=\"javascript:history.go(-1)\" onmouseover=\"self.status=document.referrer;return true\">Enrere<\/a>[\/vc_column_text][\/vc_column][\/vc_row][vc_row][vc_column][vc_column_text]<\/p>\n<h5><img decoding=\"async\" class=\"wp-image-1077 size-large aligncenter\" title=\"Gallotti &amp; Radice\" src=\"\/wp-content\/uploads\/2020\/06\/galloti_radice_portada.jpg\" alt=\"Gallotti &amp; Radice\" width=\"100%\" height=\"400\" \/><\/h5>\n<p style=\"font-size: 16px; text-align: left;\"><strong>La firma Italiana Gallote &#038; Radice \u00e9s considerada per molts dissenyadors una de les marques amb m\u00e9s prestigi en el m\u00f3n de l\u2019interiorisme.<\/strong><\/p>\n<p style=\"font-size: 16px; text-align: left;\">Fundada l\u2019any 1955 per Pierangelo Gallotti e Luigi Radice, la corporaci\u00f3 ha sabut adaptar-se al pas del temps, contextualitzant les seves col\u00b7leccions i adequant-les a les necessitats del present.<\/p>\n<p style=\"font-size: 16px; text-align: left;\">Si per alguna cosa es caracteritzen les seves peces \u00e9s per l\u2019eleg\u00e0ncia i serenitat que transmeten totes les seves col\u00b7leccions. Dissenys fluids i lleugers d\u2019inspiraci\u00f3 cl\u00e0ssica que ofereixen una gran quantitat d\u2019opcions de configuraci\u00f3.<\/p>\n<p style=\"font-size: 16px; text-align: left;\">A MIRSA interiorisme &#038; mobiliari disposem d\u2019un extens cat\u00e0leg de col\u00b7leccions Gallotti &#038; Radice. Per a m\u00e9s informaci\u00f3, visiti el nostre Showroom o contacti amb nosaltres.<\/p>\n<p>[\/vc_column_text][\/vc_column][\/vc_row]<\/p>\n<\/div>","protected":false},"excerpt":{"rendered":"<p>[vc_row css=&#8221;.vc_custom_1583596731269{margin-left: -50px !important;}&#8221;][vc_column][vc_column_text]Enrere[\/vc_column_text][\/vc_column][\/vc_row][vc_row][vc_column][vc_column_text] La firma Italiana Gallote &#038; Radice \u00e9s considerada per molts dissenyadors una de les marques amb m\u00e9s prestigi en el m\u00f3n de l\u2019interiorisme. Fundada l\u2019any 1955 per Pierangelo Gallotti e Luigi Radice, la corporaci\u00f3 ha sabut adaptar-se al pas del temps, contextualitzant les seves col\u00b7leccions i adequant-les a les necessitats del [&hellip;]<\/p>\n","protected":false},"author":1,"featured_media":0,"parent":0,"menu_order":0,"comment_status":"closed","ping_status":"closed","template":"","meta":{"footnotes":""},"class_list":["post-49977","page","type-page","status-publish","hentry"],"aioseo_notices":[],"_links":{"self":[{"href":"https:\/\/www.mirsa.es\/ca\/wp-json\/wp\/v2\/pages\/49977","targetHints":{"allow":["GET"]}}],"collection":[{"href":"https:\/\/www.mirsa.es\/ca\/wp-json\/wp\/v2\/pages"}],"about":[{"href":"https:\/\/www.mirsa.es\/ca\/wp-json\/wp\/v2\/types\/page"}],"author":[{"embeddable":true,"href":"https:\/\/www.mirsa.es\/ca\/wp-json\/wp\/v2\/users\/1"}],"replies":[{"embeddable":true,"href":"https:\/\/www.mirsa.es\/ca\/wp-json\/wp\/v2\/comments?post=49977"}],"version-history":[{"count":0,"href":"https:\/\/www.mirsa.es\/ca\/wp-json\/wp\/v2\/pages\/49977\/revisions"}],"wp:attachment":[{"href":"https:\/\/www.mirsa.es\/ca\/wp-json\/wp\/v2\/media?parent=49977"}],"curies":[{"name":"wp","href":"https:\/\/api.w.org\/{rel}","templated":true}]}}