{"id":49969,"date":"2016-10-18T19:45:45","date_gmt":"2016-10-18T17:45:45","guid":{"rendered":"http:\/\/www.mirsa.es.mialias.net\/muebles-devina-nais\/"},"modified":"2024-05-15T16:21:45","modified_gmt":"2024-05-15T16:21:45","slug":"muebles-devina-nais","status":"publish","type":"page","link":"https:\/\/www.mirsa.es\/ca\/muebles-devina-nais\/","title":{"rendered":"Mobles Devina Nais"},"content":{"rendered":"<div class=\"wpb-content-wrapper\"><p>[vc_row css=&#8221;.vc_custom_1583596731269{margin-left: -50px !important;}&#8221;][vc_column][vc_column_text]<a style=\"color:black;\" href=\"javascript:history.go(-1)\" onmouseover=\"self.status=document.referrer;return true\">Enrere<\/a>[\/vc_column_text][\/vc_column][\/vc_row][vc_row][vc_column][vc_column_text]<\/p>\n<h5><img decoding=\"async\" class=\"wp-image-1077 size-large aligncenter\" title=\"Devina Nais Mobles\" src=\"\/wp-content\/uploads\/2020\/06\/devina_nais.jpg\" alt=\"Devina Nais Mobles\" width=\"100%\" height=\"400\" \/><\/h5>\n<p style=\"font-size: 16px; text-align: left;\"><strong>Els mobles de la firma italiana Devina Nais, es caracteritzen pel seu estil \u00fanic e inconfusible.<\/strong><\/p>\n<p style=\"font-size: 16px; text-align: left;\">Encara que en la majoria de col\u00b7leccions de la firma podem trobar clares refer\u00e8ncies al mobiliari cl\u00e0ssic, els seus mobles destaquen pel seu disseny innovador i minimalista.<\/p>\n<p style=\"font-size: 16px; text-align: left;\">\u00c9s precisament aquesta perfecta combinaci\u00f3 entre l\u2019estil artesanal i minimalista el que fan de la marca una firma exclusiva i de reconegut prestigi internacional.<\/p>\n<p style=\"font-size: 16px; text-align: left;\">A MIRSA interiorisme &#038; mobiliari som distribu\u00efdors oficials de productes Devina Nais, per a m\u00e9s informaci\u00f3 visiti el nostre Showroom o contacti amb nosaltres.<\/p>\n<p>[\/vc_column_text][\/vc_column][\/vc_row][vc_section][vc_row full_width=&#8221;stretch_row_content_no_spaces&#8221;][vc_column][vc_column_text]<iframe id=\"embedded-ads-iframe-website\" width=\"100%\" height=\"600\" data-originsrc=\"https:\/\/mirsa.daloom.com\/es\/productos\/mobiliario\/brand_devina-nais\"><\/iframe><br \/>\n<script defer src=\"https:\/\/mirsa.daloom.com\/js\/parent-embedded-script.min.js\"><\/script>[\/vc_column_text][\/vc_column][\/vc_row][\/vc_section]<\/p>\n<\/div>","protected":false},"excerpt":{"rendered":"<p>[vc_row css=&#8221;.vc_custom_1583596731269{margin-left: -50px !important;}&#8221;][vc_column][vc_column_text]Enrere[\/vc_column_text][\/vc_column][\/vc_row][vc_row][vc_column][vc_column_text] Els mobles de la firma italiana Devina Nais, es caracteritzen pel seu estil \u00fanic e inconfusible. Encara que en la majoria de col\u00b7leccions de la firma podem trobar clares refer\u00e8ncies al mobiliari cl\u00e0ssic, els seus mobles destaquen pel seu disseny innovador i minimalista. \u00c9s precisament aquesta perfecta combinaci\u00f3 entre l\u2019estil artesanal [&hellip;]<\/p>\n","protected":false},"author":1,"featured_media":0,"parent":0,"menu_order":0,"comment_status":"closed","ping_status":"closed","template":"","meta":{"footnotes":""},"class_list":["post-49969","page","type-page","status-publish","hentry"],"aioseo_notices":[],"_links":{"self":[{"href":"https:\/\/www.mirsa.es\/ca\/wp-json\/wp\/v2\/pages\/49969","targetHints":{"allow":["GET"]}}],"collection":[{"href":"https:\/\/www.mirsa.es\/ca\/wp-json\/wp\/v2\/pages"}],"about":[{"href":"https:\/\/www.mirsa.es\/ca\/wp-json\/wp\/v2\/types\/page"}],"author":[{"embeddable":true,"href":"https:\/\/www.mirsa.es\/ca\/wp-json\/wp\/v2\/users\/1"}],"replies":[{"embeddable":true,"href":"https:\/\/www.mirsa.es\/ca\/wp-json\/wp\/v2\/comments?post=49969"}],"version-history":[{"count":0,"href":"https:\/\/www.mirsa.es\/ca\/wp-json\/wp\/v2\/pages\/49969\/revisions"}],"wp:attachment":[{"href":"https:\/\/www.mirsa.es\/ca\/wp-json\/wp\/v2\/media?parent=49969"}],"curies":[{"name":"wp","href":"https:\/\/api.w.org\/{rel}","templated":true}]}}