{"id":49960,"date":"2016-07-06T18:50:08","date_gmt":"2016-07-06T16:50:08","guid":{"rendered":"http:\/\/www.mirsa.es.mialias.net\/muebles-de-jardin-emu\/"},"modified":"2024-05-16T15:47:23","modified_gmt":"2024-05-16T15:47:23","slug":"muebles-de-jardin-emu","status":"publish","type":"page","link":"https:\/\/www.mirsa.es\/ca\/muebles-de-jardin-emu\/","title":{"rendered":"Mobles de jard\u00ed Emu"},"content":{"rendered":"<div class=\"wpb-content-wrapper\"><p>[vc_row css=&#8221;.vc_custom_1583596731269{margin-left: -50px !important;}&#8221;][vc_column][vc_column_text]<a style=\"color:black;\" href=\"javascript:history.go(-1)\" onmouseover=\"self.status=document.referrer;return true\">Enrere<\/a>[\/vc_column_text][\/vc_column][\/vc_row][vc_row][vc_column][vc_column_text]<br \/>\n<img decoding=\"async\" class=\"wp-image-1077 size-large aligncenter\" title=\"Mobles de jard\u00ed Emu\" src=\"\/wp-content\/uploads\/2020\/06\/emu_muebles_jardin.jpg\" alt=\"Mobles de jard\u00ed Emu\" width=\"100%\" height=\"400\" \/><\/p>\n<h2 style=\"font-size: 16px; text-align: left;\"><strong>Emu \u00e9s una firma italiana de mobiliari d\u2019exterior. Amb una \u00e0mplia traject\u00f2ria a la seva esquena, la personalitat dels seus dissenys fan que les seves col\u00b7leccions siguin aptes per a tot tipus de jardins i terrasses.<\/strong><\/h2>\n<p style=\"font-size: 16px; text-align: left;\">La seva amplia gamma de productes \u00e9s reconeguda a tot el m\u00f3n, des dels pa\u00efsos mediterranis fins a Austr\u00e0lia o el continent americ\u00e0.<\/p>\n<p style=\"font-size: 16px; text-align: left;\">La forta aposta per l\u2019 i+D+i que ha portat a terme EMU durant les \u00faltimes dos d\u00e8cades l\u2019han convertit en una firma de ref\u00e8rencia pel que fa al mobiliari d\u2019exterior.<\/p>\n<p style=\"font-size: 16px; text-align: left;\">El disseny dels seus productes es caracteritza per la puresa de les seves l\u00ednies i pels peculiars volums utilitzat.<\/p>\n<p style=\"font-size: 16px; text-align: left;\">A MIRSA interiorisme &#038; mobiliari, som distribu\u00efdors oficials de EMU. Per a m\u00e9s informaci\u00f3, visiti el nostre Showroom o contacti amb nosaltres.<\/p>\n<p>[\/vc_column_text][\/vc_column][\/vc_row][vc_section][vc_row full_width=&#8221;stretch_row_content_no_spaces&#8221;][vc_column][vc_column_text]<iframe id=\"embedded-ads-iframe-website\" width=\"100%\" height=\"600\" data-originsrc=\"https:\/\/mirsa.daloom.com\/es\/productos\/mobiliario\/brand_emu\"><\/iframe><script defer src=\"https:\/\/mirsa.daloom.com\/js\/parent-embedded-script.min.js\"><\/script>[\/vc_column_text][\/vc_column][\/vc_row][\/vc_section]<\/p>\n<\/div>","protected":false},"excerpt":{"rendered":"<p>[vc_row css=&#8221;.vc_custom_1583596731269{margin-left: -50px !important;}&#8221;][vc_column][vc_column_text]Enrere[\/vc_column_text][\/vc_column][\/vc_row][vc_row][vc_column][vc_column_text] Emu \u00e9s una firma italiana de mobiliari d\u2019exterior. Amb una \u00e0mplia traject\u00f2ria a la seva esquena, la personalitat dels seus dissenys fan que les seves col\u00b7leccions siguin aptes per a tot tipus de jardins i terrasses. La seva amplia gamma de productes \u00e9s reconeguda a tot el m\u00f3n, des dels pa\u00efsos [&hellip;]<\/p>\n","protected":false},"author":1,"featured_media":0,"parent":0,"menu_order":0,"comment_status":"closed","ping_status":"closed","template":"","meta":{"footnotes":""},"class_list":["post-49960","page","type-page","status-publish","hentry"],"aioseo_notices":[],"_links":{"self":[{"href":"https:\/\/www.mirsa.es\/ca\/wp-json\/wp\/v2\/pages\/49960","targetHints":{"allow":["GET"]}}],"collection":[{"href":"https:\/\/www.mirsa.es\/ca\/wp-json\/wp\/v2\/pages"}],"about":[{"href":"https:\/\/www.mirsa.es\/ca\/wp-json\/wp\/v2\/types\/page"}],"author":[{"embeddable":true,"href":"https:\/\/www.mirsa.es\/ca\/wp-json\/wp\/v2\/users\/1"}],"replies":[{"embeddable":true,"href":"https:\/\/www.mirsa.es\/ca\/wp-json\/wp\/v2\/comments?post=49960"}],"version-history":[{"count":0,"href":"https:\/\/www.mirsa.es\/ca\/wp-json\/wp\/v2\/pages\/49960\/revisions"}],"wp:attachment":[{"href":"https:\/\/www.mirsa.es\/ca\/wp-json\/wp\/v2\/media?parent=49960"}],"curies":[{"name":"wp","href":"https:\/\/api.w.org\/{rel}","templated":true}]}}