{"id":49956,"date":"2016-07-13T19:40:00","date_gmt":"2016-07-13T17:40:00","guid":{"rendered":"http:\/\/www.mirsa.es.mialias.net\/muebles-de-jardin-dedon\/"},"modified":"2025-10-01T16:48:45","modified_gmt":"2025-10-01T16:48:45","slug":"muebles-de-jardin-dedon","status":"publish","type":"page","link":"https:\/\/www.mirsa.es\/ca\/muebles-de-jardin-dedon\/","title":{"rendered":"Mobles de jard\u00ed Dedon"},"content":{"rendered":"<div class=\"wpb-content-wrapper\"><p>[vc_row css=&#8221;.vc_custom_1583596731269{margin-left: -50px !important;}&#8221;][vc_column][vc_column_text]<a style=\"color:black;\" href=\"javascript:history.go(-1)\" onmouseover=\"self.status=document.referrer;return true\">Enrere<\/a>[\/vc_column_text][\/vc_column][\/vc_row][vc_row][vc_column][vc_column_text]<br \/>\n<img decoding=\"async\" class=\"wp-image-1077 size-large aligncenter\" title=\"Mobles de jard\u00ed Dedon\" src=\"\/wp-content\/uploads\/2020\/06\/dedon.jpg\" alt=\"Mobles de jard\u00ed Dedon\" width=\"100%\" height=\"400\" \/><\/p>\n<h2 style=\"font-size: 16px; text-align: left;\"><strong>Dedon \u00e9s una prestigiosa firma alemanya de mobiliari d\u2019exterior fundada l\u2019any 1991.<\/strong><\/h2>\n<p style=\"font-size: 16px; text-align: left;\">Les seves col\u00b7leccions de mobles, ideals per a jardins i terrasses, es caracteritzen per la seva fabricaci\u00f3 artesanal i per la seva eleg\u00e0ncia i exclusivitat.<\/p>\n<p style=\"font-size: 16px; text-align: left;\">Els productes de Dedon, estan elaborats amb materials de primera qualitat, el que els fa molt resistents al vent o la pluja i a allargar considerablement la seva vida \u00fatil.<\/p>\n<p style=\"font-size: 16px; text-align: left;\">Malgrat de caracteritzar-se per l\u2019estil artesanal dels seus productes, Dedon incorpora a les seves col\u00b7leccions les \u00faltimes innovacions tecnol\u00f2giques en els seus dissenys, de la m\u00e0 de Harry &amp; Camilla o Philipe Starck.<\/p>\n<p style=\"font-size: 16px; text-align: left;\">A MIRSA interiorisme &amp; mobiliari som distribu\u00efdors oficials Dedon. Per a m\u00e9s informaci\u00f3, visiti el nostre Showroom o contacti amb nosaltres.<\/p>\n<p>[\/vc_column_text][\/vc_column][\/vc_row][vc_section][vc_row full_width=&#8221;stretch_row_content_no_spaces&#8221;][vc_column][vc_column_text]<iframe id=\"embedded-ads-iframe-website\" width=\"100%\" height=\"600\" data-originsrc=\"https:\/\/mirsa.daloom.com\/es\/dedon\"><\/iframe><br \/>\n<script defer src=\"https:\/\/mirsa.daloom.com\/js\/parent-embedded-script.min.js\"><\/script>[\/vc_column_text][\/vc_column][\/vc_row][\/vc_section]<\/p>\n<\/div>","protected":false},"excerpt":{"rendered":"<p>[vc_row css=&#8221;.vc_custom_1583596731269{margin-left: -50px !important;}&#8221;][vc_column][vc_column_text]Enrere[\/vc_column_text][\/vc_column][\/vc_row][vc_row][vc_column][vc_column_text] Dedon \u00e9s una prestigiosa firma alemanya de mobiliari d\u2019exterior fundada l\u2019any 1991. Les seves col\u00b7leccions de mobles, ideals per a jardins i terrasses, es caracteritzen per la seva fabricaci\u00f3 artesanal i per la seva eleg\u00e0ncia i exclusivitat. Els productes de Dedon, estan elaborats amb materials de primera qualitat, el que els [&hellip;]<\/p>\n","protected":false},"author":1,"featured_media":0,"parent":0,"menu_order":0,"comment_status":"closed","ping_status":"closed","template":"","meta":{"footnotes":""},"class_list":["post-49956","page","type-page","status-publish","hentry"],"aioseo_notices":[],"_links":{"self":[{"href":"https:\/\/www.mirsa.es\/ca\/wp-json\/wp\/v2\/pages\/49956","targetHints":{"allow":["GET"]}}],"collection":[{"href":"https:\/\/www.mirsa.es\/ca\/wp-json\/wp\/v2\/pages"}],"about":[{"href":"https:\/\/www.mirsa.es\/ca\/wp-json\/wp\/v2\/types\/page"}],"author":[{"embeddable":true,"href":"https:\/\/www.mirsa.es\/ca\/wp-json\/wp\/v2\/users\/1"}],"replies":[{"embeddable":true,"href":"https:\/\/www.mirsa.es\/ca\/wp-json\/wp\/v2\/comments?post=49956"}],"version-history":[{"count":0,"href":"https:\/\/www.mirsa.es\/ca\/wp-json\/wp\/v2\/pages\/49956\/revisions"}],"wp:attachment":[{"href":"https:\/\/www.mirsa.es\/ca\/wp-json\/wp\/v2\/media?parent=49956"}],"curies":[{"name":"wp","href":"https:\/\/api.w.org\/{rel}","templated":true}]}}