{"id":49937,"date":"2017-08-11T12:06:37","date_gmt":"2017-08-11T10:06:37","guid":{"rendered":"http:\/\/www.mirsa.es.mialias.net\/muebles-bonaldo\/"},"modified":"2022-09-22T08:37:15","modified_gmt":"2022-09-22T08:37:15","slug":"muebles-bonaldo","status":"publish","type":"page","link":"https:\/\/www.mirsa.es\/ca\/muebles-bonaldo\/","title":{"rendered":"Mobles Bonaldo"},"content":{"rendered":"<div class=\"wpb-content-wrapper\"><p>[vc_row css=&#8221;.vc_custom_1583596731269{margin-left: -50px !important;}&#8221;][vc_column][vc_column_text]<a href=\"javascript:history.go(-1)\" onmouseover=\"self.status=document.referrer;return true\" style=\"color: black;\">Enrere<\/a>[\/vc_column_text][\/vc_column][\/vc_row][vc_row][vc_column][vc_column_text]<\/p>\n<h5><img decoding=\"async\" class=\"wp-image-1077 size-large aligncenter\" title=\"Mobles Bonaldo\" src=\"\/wp-content\/uploads\/2020\/05\/bonaldo_portada.jpg\" alt=\"Mobles Bonaldo\" width=\"100%\" height=\"400\" \/><\/h5>\n<p style=\"font-size: 16px; text-align: left;\"><strong>Bonaldo \u00e9s una prestigiosa firma italiana de mobiliari de disseny. Des de 1936, la firma ha anat evolucionant i perfeccionant les seves t\u00e8cniques de producci\u00f3 i desenvolupament.<\/strong><\/p>\n<p style=\"font-size: 16px; text-align: left;\">La firma es caracteritza per l\u2019eleg\u00e0ncia i l\u2019originalitat de totes les seves col\u00b7leccions, mantenint intactes els seus valors de sempre: Creativitat, qualitat i innovaci\u00f3.<\/p>\n<p style=\"font-size: 16px; text-align: left;\">Alguns dels dissenyadors m\u00e9s prestigiosos del m\u00f3n de l\u2019interiorisme com Mauro Lipparini, Giuseppe Vigan\u00f2 o Gino Carollo col\u00b7laboren habitualment amb la firma.<\/p>\n<p style=\"font-size: 16px; text-align: left;\">A MIRSA interiorisme &#038; mobiliari som distribu\u00efdors oficials Bonaldo. Per a m\u00e9s informaci\u00f3 visiti la nostra exposici\u00f3 o contacti amb nosaltres.<\/p>\n<p>[\/vc_column_text][vc_row_inner][vc_column_inner width=&#8221;1\/3&#8243;]<style type=\"text\/css\">#bklyn_btn_6a0923706ce34 .bklyn-btn { color:#ffffff !important; background-color:black !important; }<\/style><div id=\"bklyn_btn_6a0923706ce34\" class=\"bklyn-btn-holder  bklyn-btn-center bklyn-btn-tablet-center bklyn-btn-mobile-center\"><a title=\"Mobles Bonaldo\"   href=\"\/catalogo-productos\/?shrPrm=es\/8201494\/products\/2\/3210002\/1?usage=&#038;productgroup=&#038;manufacturer=3101048&#038;designer=\" target=\"_self\" class=\"bklyn-btn  bklyn-btn-icon-left bklyn-btn-normal\" ><i class=\"BklynIcons-Search\"><\/i><span class=\"ut-btn-text\">Productes<\/span><\/a><\/div>[\/vc_column_inner][vc_column_inner width=&#8221;1\/3&#8243;]<style type=\"text\/css\">#bklyn_btn_6a0923706ce9d .bklyn-btn { color:#ffffff !important; background-color:black !important; }<\/style><div id=\"bklyn_btn_6a0923706ce9d\" class=\"bklyn-btn-holder  bklyn-btn-center bklyn-btn-tablet-center bklyn-btn-mobile-center\"><a title=\"Cat\u00e1logos\"   href=\"\/catalogo-productos\/?shrPrm=es\/8201494\/pdf\/3101048\" target=\"_self\" class=\"bklyn-btn  bklyn-btn-icon-left bklyn-btn-normal\" ><i class=\"BklynIcons-Download\"><\/i><span class=\"ut-btn-text\">Cat\u00e0legs<\/span><\/a><\/div>[\/vc_column_inner][vc_column_inner width=&#8221;1\/3&#8243;]<style type=\"text\/css\">#bklyn_btn_6a0923706cee0 .bklyn-btn { color:#ffffff !important; background-color:black !important; }<\/style><div id=\"bklyn_btn_6a0923706cee0\" class=\"bklyn-btn-holder  bklyn-btn-center bklyn-btn-tablet-center bklyn-btn-mobile-center\"><a title=\"Contacto\"   href=\"\/contacto\" target=\"_self\" class=\"bklyn-btn  bklyn-btn-icon-left bklyn-btn-normal\" ><i class=\"fa fa-envelope\"><\/i><span class=\"ut-btn-text\">M\u00e9s informaci\u00f3<\/span><\/a><\/div>[\/vc_column_inner][\/vc_row_inner][\/vc_column][\/vc_row][vc_section][vc_row full_width=&#8221;stretch_row_content&#8221;][vc_column][vc_column_text]<iframe id=\"shrFrm\" style=\"width: 100%; margin: 0; border: none; overflow: hidden;\"><\/iframe><br \/>\n<script src=\"https:\/\/vsr.architonic.com\/assets\/js\/shared\/jquery.responsiveiframe_inhp.js\"><\/script><br \/>\n<script type='text\/javascript'>jQuery(document).ready(function(){ var regex=new RegExp('[?&]shrPrm=([^&#]*)'); var res=regex.exec(window.location.href); var shrPrm=(res!=null?decodeURIComponent(res[1]):''); if(''!=shrPrm) document.getElementById('shrFrm').src='https:\/\/vsr.architonic.com\/'+shrPrm; else document.getElementById('shrFrm').src='https:\/\/vsr.architonic.com\/es\/8201494\/collections\/3101048\/1'; });(function(e){e(function(){e('#shrFrm').responsiveIframe()})})(jQuery);<\/script>[\/vc_column_text][\/vc_column][\/vc_row][\/vc_section]<\/p>\n<\/div>","protected":false},"excerpt":{"rendered":"<p>[vc_row css=&#8221;.vc_custom_1583596731269{margin-left: -50px !important;}&#8221;][vc_column][vc_column_text]Enrere[\/vc_column_text][\/vc_column][\/vc_row][vc_row][vc_column][vc_column_text] Bonaldo \u00e9s una prestigiosa firma italiana de mobiliari de disseny. Des de 1936, la firma ha anat evolucionant i perfeccionant les seves t\u00e8cniques de producci\u00f3 i desenvolupament. La firma es caracteritza per l\u2019eleg\u00e0ncia i l\u2019originalitat de totes les seves col\u00b7leccions, mantenint intactes els seus valors de sempre: Creativitat, qualitat i innovaci\u00f3. [&hellip;]<\/p>\n","protected":false},"author":1,"featured_media":0,"parent":0,"menu_order":0,"comment_status":"closed","ping_status":"closed","template":"","meta":{"footnotes":""},"class_list":["post-49937","page","type-page","status-publish","hentry"],"aioseo_notices":[],"_links":{"self":[{"href":"https:\/\/www.mirsa.es\/ca\/wp-json\/wp\/v2\/pages\/49937","targetHints":{"allow":["GET"]}}],"collection":[{"href":"https:\/\/www.mirsa.es\/ca\/wp-json\/wp\/v2\/pages"}],"about":[{"href":"https:\/\/www.mirsa.es\/ca\/wp-json\/wp\/v2\/types\/page"}],"author":[{"embeddable":true,"href":"https:\/\/www.mirsa.es\/ca\/wp-json\/wp\/v2\/users\/1"}],"replies":[{"embeddable":true,"href":"https:\/\/www.mirsa.es\/ca\/wp-json\/wp\/v2\/comments?post=49937"}],"version-history":[{"count":0,"href":"https:\/\/www.mirsa.es\/ca\/wp-json\/wp\/v2\/pages\/49937\/revisions"}],"wp:attachment":[{"href":"https:\/\/www.mirsa.es\/ca\/wp-json\/wp\/v2\/media?parent=49937"}],"curies":[{"name":"wp","href":"https:\/\/api.w.org\/{rel}","templated":true}]}}