{"id":49933,"date":"2016-06-09T19:20:03","date_gmt":"2016-06-09T17:20:03","guid":{"rendered":"http:\/\/www.mirsa.es.mialias.net\/muebles-bb-italia\/"},"modified":"2024-05-14T16:01:55","modified_gmt":"2024-05-14T16:01:55","slug":"muebles-bb-italia","status":"publish","type":"page","link":"https:\/\/www.mirsa.es\/ca\/muebles-bb-italia\/","title":{"rendered":"Mobles B&#038;B Italia"},"content":{"rendered":"<div class=\"wpb-content-wrapper\"><p>[vc_row css=&#8221;.vc_custom_1583596731269{margin-left: -50px !important;}&#8221;][vc_column][vc_column_text]<a style=\"color:black;\" href=\"javascript:history.go(-1)\" onmouseover=\"self.status=document.referrer;return true\">Enrere<\/a>[\/vc_column_text][\/vc_column][\/vc_row][vc_row][vc_column][vc_column_text]<\/p>\n<p><img decoding=\"async\" class=\"wp-image-1077 size-large aligncenter\" title=\"B&amp;B Italia Mobiliario\" src=\"\/wp-content\/uploads\/2020\/05\/bb_italia_mobiliario.jpg\" alt=\"B&amp;B Italia Mobiliario\" width=\"100%\" height=\"400\" \/><\/p>\n<h2 style=\"font-size: 16px; text-align: left;\"><strong>B&amp;B Italia es una prestigiosa firma de mobiliari contemporani fundada al 1966 pel reconegut empresari i dissenyador Piero Ambrogio Busnelli, considerat un dels grans pioners del disseny contemporani a It\u00e0lia.<\/strong><\/h2>\n<p style=\"font-size: 16px; text-align: left;\">Originalment Businelli es va associar amb Cesare Cassina per a crear la compa\u00f1\u00eda C&amp;B Italia, amb l\u2019objectiu de convertir-se en un referent del disseny contemporani a It\u00e0lia.<\/p>\n<p style=\"font-size: 16px; text-align: left;\">No obstant, al 1973, Businelli i Cesare Cassina van decidir separar-se i emprendre camins divergents al m\u00f3n del disseny. Es aix\u00ed com neix l\u2019actual firma B&amp;B Italia.<\/p>\n<p style=\"font-size: 16px; text-align: left;\">Des dels seus inicis B&amp;B Italia s\u2019ha caracteritzat per treballar amb dissenyadors internacionals de gran renom com Mario Bellini, Antonio Citterio o Naoto Fukasawa, creant col\u00b7leccions de mobiliari \u00faniques que han marcat un abans i un despr\u00e9s al m\u00f3n de l\u2019interiorisme.<\/p>\n<p style=\"font-size: 16px; text-align: left;\">B&amp;B Italia ha estat guardonada amb alguns dels premis m\u00e9s importants al m\u00f3n del disseny i de l\u2019interiorisme, com el Compasso d\u2019Oro o el Wallpaper Design Award.<\/p>\n<p style=\"font-size: 16px; text-align: left;\">A MIRSA interiorisme &amp; mobiliari som distribu\u00efdors oficials B&amp;B Italia. Per a m\u00e9s informaci\u00f3, contacti amb nosaltres o visiti el nostre Showroom.<\/p>\n<p>[\/vc_column_text][\/vc_column][\/vc_row][vc_section][vc_row full_width=&#8221;stretch_row_content_no_spaces&#8221;][vc_column][vc_column_text]<iframe id=\"embedded-ads-iframe-website\" width=\"100%\" height=\"600\" data-originsrc=\"https:\/\/mirsa.daloom.com\/es\/productos\/brand_b-b-italia\"><\/iframe><script defer src=\"https:\/\/mirsa.daloom.com\/js\/parent-embedded-script.min.js\"><\/script>[\/vc_column_text][\/vc_column][\/vc_row][\/vc_section]<\/p>\n<\/div>","protected":false},"excerpt":{"rendered":"<p>[vc_row css=&#8221;.vc_custom_1583596731269{margin-left: -50px !important;}&#8221;][vc_column][vc_column_text]Enrere[\/vc_column_text][\/vc_column][\/vc_row][vc_row][vc_column][vc_column_text] B&amp;B Italia es una prestigiosa firma de mobiliari contemporani fundada al 1966 pel reconegut empresari i dissenyador Piero Ambrogio Busnelli, considerat un dels grans pioners del disseny contemporani a It\u00e0lia. Originalment Businelli es va associar amb Cesare Cassina per a crear la compa\u00f1\u00eda C&amp;B Italia, amb l\u2019objectiu de convertir-se en un [&hellip;]<\/p>\n","protected":false},"author":1,"featured_media":0,"parent":0,"menu_order":0,"comment_status":"closed","ping_status":"closed","template":"","meta":{"footnotes":""},"class_list":["post-49933","page","type-page","status-publish","hentry"],"aioseo_notices":[],"_links":{"self":[{"href":"https:\/\/www.mirsa.es\/ca\/wp-json\/wp\/v2\/pages\/49933","targetHints":{"allow":["GET"]}}],"collection":[{"href":"https:\/\/www.mirsa.es\/ca\/wp-json\/wp\/v2\/pages"}],"about":[{"href":"https:\/\/www.mirsa.es\/ca\/wp-json\/wp\/v2\/types\/page"}],"author":[{"embeddable":true,"href":"https:\/\/www.mirsa.es\/ca\/wp-json\/wp\/v2\/users\/1"}],"replies":[{"embeddable":true,"href":"https:\/\/www.mirsa.es\/ca\/wp-json\/wp\/v2\/comments?post=49933"}],"version-history":[{"count":0,"href":"https:\/\/www.mirsa.es\/ca\/wp-json\/wp\/v2\/pages\/49933\/revisions"}],"wp:attachment":[{"href":"https:\/\/www.mirsa.es\/ca\/wp-json\/wp\/v2\/media?parent=49933"}],"curies":[{"name":"wp","href":"https:\/\/api.w.org\/{rel}","templated":true}]}}