{"id":49925,"date":"2018-03-08T12:23:45","date_gmt":"2018-03-08T11:23:45","guid":{"rendered":"http:\/\/www.mirsa.es.mialias.net\/moooi-muebles\/"},"modified":"2024-05-22T09:32:24","modified_gmt":"2024-05-22T09:32:24","slug":"moooi-muebles","status":"publish","type":"page","link":"https:\/\/www.mirsa.es\/ca\/moooi-muebles\/","title":{"rendered":"Moooi mobles"},"content":{"rendered":"<div class=\"wpb-content-wrapper\"><p>[vc_row css=&#8221;.vc_custom_1583596731269{margin-left: -50px !important;}&#8221;][vc_column][vc_column_text]<a href=\"javascript:history.go(-1)\" onmouseover=\"self.status=document.referrer;return true\" style=\"color: black;\">Enrere<\/a>[\/vc_column_text][\/vc_column][\/vc_row][vc_row][vc_column][vc_column_text]<\/p>\n<h5><img decoding=\"async\" class=\"wp-image-1077 size-large aligncenter\" title=\"Moooi mobles\" src=\"\/wp-content\/uploads\/2020\/06\/muebles_moooi_portada.jpg\" alt=\"Moooi mobles\" width=\"100%\" height=\"400\" \/><\/h5>\n<p style=\"font-size: 16px; text-align: left;\"><strong>Des de els seus inicis, la firma de mobiliari Moooi ha inspirat i seduit al m\u00f3n de l\u2019interiorisme amb els seus dissenys elegants i innovadors.<\/strong><\/p>\n<p style=\"font-size: 16px; text-align: left;\">L\u2019empresa, fundada al 2001 per Marcel Wanders y Casper Vissers, ha comptat des de els seus inicis amb el talent d\u2019alguns dels dissenyadors m\u00e9s prestigiosos del moment, com Bertjan Pot, Maarten Baas o Umut Yamac.<\/p>\n<p style=\"font-size: 16px; text-align: left;\">L\u2019estil de la firma ens proposa una combinaci\u00f3 perfecta entre il\u00b7luminaci\u00f3, mobiliari i accessoris, creant ambients \u00fanics.<\/p>\n<p style=\"font-size: 16px; text-align: left;\">A MIRSA interiorisme &#038; mobiliari som distribu\u00efdors oficials Moooi. Per a m\u00e9s informaci\u00f3 visiti el nostre Showroom o contacti amb nosaltres.<\/p>\n<p>[\/vc_column_text][vc_row_inner][vc_column_inner width=&#8221;1\/3&#8243;][\/vc_column_inner][vc_column_inner width=&#8221;1\/3&#8243;]<style type=\"text\/css\">#bklyn_btn_6a0921260dca1 .bklyn-btn { color:#ffffff !important; background-color:black !important; }<\/style><div id=\"bklyn_btn_6a0921260dca1\" class=\"bklyn-btn-holder  bklyn-btn-center bklyn-btn-tablet-center bklyn-btn-mobile-center\"><a title=\"Contacto\"   href=\"\/contacto\" target=\"_self\" class=\"bklyn-btn  bklyn-btn-icon-left bklyn-btn-normal\" ><i class=\"fa fa-envelope\"><\/i><span class=\"ut-btn-text\">M\u00e9s informaci\u00f3<\/span><\/a><\/div>[\/vc_column_inner][vc_column_inner width=&#8221;1\/3&#8243;][\/vc_column_inner][\/vc_row_inner][\/vc_column][\/vc_row]<\/p>\n<\/div>","protected":false},"excerpt":{"rendered":"<p>[vc_row css=&#8221;.vc_custom_1583596731269{margin-left: -50px !important;}&#8221;][vc_column][vc_column_text]Enrere[\/vc_column_text][\/vc_column][\/vc_row][vc_row][vc_column][vc_column_text] Des de els seus inicis, la firma de mobiliari Moooi ha inspirat i seduit al m\u00f3n de l\u2019interiorisme amb els seus dissenys elegants i innovadors. L\u2019empresa, fundada al 2001 per Marcel Wanders y Casper Vissers, ha comptat des de els seus inicis amb el talent d\u2019alguns dels dissenyadors m\u00e9s prestigiosos del [&hellip;]<\/p>\n","protected":false},"author":1,"featured_media":0,"parent":0,"menu_order":0,"comment_status":"closed","ping_status":"closed","template":"","meta":{"footnotes":""},"class_list":["post-49925","page","type-page","status-publish","hentry"],"aioseo_notices":[],"_links":{"self":[{"href":"https:\/\/www.mirsa.es\/ca\/wp-json\/wp\/v2\/pages\/49925","targetHints":{"allow":["GET"]}}],"collection":[{"href":"https:\/\/www.mirsa.es\/ca\/wp-json\/wp\/v2\/pages"}],"about":[{"href":"https:\/\/www.mirsa.es\/ca\/wp-json\/wp\/v2\/types\/page"}],"author":[{"embeddable":true,"href":"https:\/\/www.mirsa.es\/ca\/wp-json\/wp\/v2\/users\/1"}],"replies":[{"embeddable":true,"href":"https:\/\/www.mirsa.es\/ca\/wp-json\/wp\/v2\/comments?post=49925"}],"version-history":[{"count":0,"href":"https:\/\/www.mirsa.es\/ca\/wp-json\/wp\/v2\/pages\/49925\/revisions"}],"wp:attachment":[{"href":"https:\/\/www.mirsa.es\/ca\/wp-json\/wp\/v2\/media?parent=49925"}],"curies":[{"name":"wp","href":"https:\/\/api.w.org\/{rel}","templated":true}]}}