{"id":49901,"date":"2017-12-15T19:20:54","date_gmt":"2017-12-15T18:20:54","guid":{"rendered":"http:\/\/www.mirsa.es.mialias.net\/mon-repos-ligne-roset\/"},"modified":"2021-01-27T11:58:19","modified_gmt":"2021-01-27T11:58:19","slug":"mon-repos-ligne-roset","status":"publish","type":"page","link":"https:\/\/www.mirsa.es\/ca\/mon-repos-ligne-roset\/","title":{"rendered":"Mon Repos Ligne Roset"},"content":{"rendered":"<div class=\"wpb-content-wrapper\"><p>[vc_row][vc_column][vc_column_text]<\/p>\n<h5><img decoding=\"async\" class=\"wp-image-1077 size-large aligncenter\" title=\"Mon Repos - Ligne Roset\" src=\"\/wp-content\/uploads\/2020\/07\/mon_repos_ligne_roset_portada.jpg\" alt=\"Mon Repos - Ligne Roset\" width=\"100%\" height=\"400\" \/><\/h5>\n<p style=\"font-size: 16px; text-align: left;\"><strong>La taula Mon Rep\u00f2s de la firma francesa Ligne Roset destaca per la seva est\u00e8tica elegant i contempor\u00e0nia.<\/strong><\/p>\n<p style=\"font-size: 16px; text-align: left;\">Com les altres peces de la col\u00b7lecci\u00f3, aquesta taula auxiliar rodona est\u00e0 fabricada amb noguera americ\u00e0 o fusta de freixe tenyit negre i va ser dissenyada com a complement de la butaca hom\u00f2nima.<\/p>\n<p style=\"font-size: 16px; text-align: left;\">Peter Maly \u00e9s reconegut mundialment gr\u00e0cies al seu enorme talent i a la creativitat que envolten totes les seves obres, com \u00e9s el cas de Mon Repos.<\/p>\n<p style=\"font-size: 16px; text-align: left;\">A MIRSA interiorisme &#038; mobiliari som distribu\u00efdors oficials Ligne Roset. Per a m\u00e9s informaci\u00f3 visiti la nostra exposici\u00f3 o contacti amb nosaltres.\n<\/p>\n<p>[\/vc_column_text][vc_row_inner][vc_column_inner]<style type=\"text\/css\">#bklyn_btn_69d168457cdd9 .bklyn-btn { color:#ffffff !important; background-color:black !important; }<\/style><div id=\"bklyn_btn_69d168457cdd9\" class=\"bklyn-btn-holder  bklyn-btn-center bklyn-btn-tablet-center bklyn-btn-mobile-center\"><a title=\"Contacto\"   href=\"\/contacto\" target=\"_self\" class=\"bklyn-btn  bklyn-btn-icon-left bklyn-btn-normal\" ><i class=\"fa fa-envelope\"><\/i><span class=\"ut-btn-text\">M\u00e9s informaci\u00f3<\/span><\/a><\/div>[\/vc_column_inner][\/vc_row_inner][\/vc_column][\/vc_row]<\/p>\n<\/div>","protected":false},"excerpt":{"rendered":"<p>[vc_row][vc_column][vc_column_text] La taula Mon Rep\u00f2s de la firma francesa Ligne Roset destaca per la seva est\u00e8tica elegant i contempor\u00e0nia. Com les altres peces de la col\u00b7lecci\u00f3, aquesta taula auxiliar rodona est\u00e0 fabricada amb noguera americ\u00e0 o fusta de freixe tenyit negre i va ser dissenyada com a complement de la butaca hom\u00f2nima. Peter Maly \u00e9s [&hellip;]<\/p>\n","protected":false},"author":1,"featured_media":0,"parent":0,"menu_order":0,"comment_status":"closed","ping_status":"closed","template":"","meta":{"footnotes":""},"class_list":["post-49901","page","type-page","status-publish","hentry"],"aioseo_notices":[],"_links":{"self":[{"href":"https:\/\/www.mirsa.es\/ca\/wp-json\/wp\/v2\/pages\/49901","targetHints":{"allow":["GET"]}}],"collection":[{"href":"https:\/\/www.mirsa.es\/ca\/wp-json\/wp\/v2\/pages"}],"about":[{"href":"https:\/\/www.mirsa.es\/ca\/wp-json\/wp\/v2\/types\/page"}],"author":[{"embeddable":true,"href":"https:\/\/www.mirsa.es\/ca\/wp-json\/wp\/v2\/users\/1"}],"replies":[{"embeddable":true,"href":"https:\/\/www.mirsa.es\/ca\/wp-json\/wp\/v2\/comments?post=49901"}],"version-history":[{"count":0,"href":"https:\/\/www.mirsa.es\/ca\/wp-json\/wp\/v2\/pages\/49901\/revisions"}],"wp:attachment":[{"href":"https:\/\/www.mirsa.es\/ca\/wp-json\/wp\/v2\/media?parent=49901"}],"curies":[{"name":"wp","href":"https:\/\/api.w.org\/{rel}","templated":true}]}}