{"id":49864,"date":"2017-09-29T13:23:31","date_gmt":"2017-09-29T11:23:31","guid":{"rendered":"http:\/\/www.mirsa.es.mialias.net\/mobles-114\/"},"modified":"2021-03-18T17:32:47","modified_gmt":"2021-03-18T17:32:47","slug":"mobles-114","status":"publish","type":"page","link":"https:\/\/www.mirsa.es\/ca\/mobles-114\/","title":{"rendered":"Mobles 114"},"content":{"rendered":"<div class=\"wpb-content-wrapper\"><p>[vc_row css=&#8221;.vc_custom_1583596731269{margin-left: -50px !important;}&#8221;][vc_column][vc_column_text]<a href=\"javascript:history.go(-1)\" onmouseover=\"self.status=document.referrer;return true\" style=\"color: black;\">Enrere<\/a>[\/vc_column_text][\/vc_column][\/vc_row][vc_row][vc_column][vc_column_text]<br \/>\n<img decoding=\"async\" class=\"wp-image-1077 size-large aligncenter\" title=\"Mobles 114\" src=\"\/wp-content\/uploads\/2020\/06\/mobles_114_portada.jpg\" alt=\"Mobles 114\" width=\"100%\" height=\"400\" \/><\/p>\n<h2 style=\"font-size: 16px; text-align: left;\"><strong>Mobles 114 \u00e9s una reconeguda firma de mobiliari contemporani, que es caracteritza per les seves col\u00b7leccions pr\u00e0ctiques i funcionals, adaptables a qualsevol tipus d\u2019espais.<\/strong><\/h2>\n<p style=\"font-size: 16px; text-align: left;\">L\u2019empresa va n\u00e9ixer l\u2019any 1973 a Barcelona i amb el pas dels anys s\u2019ha convertit en tota una refer\u00e8ncia en el m\u00f3n de l\u2019interiorisme i el disseny.\n<\/p>\n<p style=\"font-size: 16px; text-align: left;\">Creativitat, eleg\u00e0ncia i originalitat s\u00f3n adjectius que defineixen a la perfecci\u00f3 els productes de la marca, que ofereix solucions per a tot tipus d\u2019ambients.<\/p>\n<p style=\"font-size: 16px; text-align: left;\">A MIRSA interiorisme &#038; mobiliari som distribu\u00efdors oficials de Mobles 114. Per a m\u00e9s informaci\u00f3, visiti la nostra exposici\u00f3 o contacti amb nosaltres.<\/p>\n<p>[\/vc_column_text][vc_row_inner][vc_column_inner]<style type=\"text\/css\">#bklyn_btn_6a092116b9266 .bklyn-btn { color:#ffffff !important; background-color:black !important; }<\/style><div id=\"bklyn_btn_6a092116b9266\" class=\"bklyn-btn-holder  bklyn-btn-center bklyn-btn-tablet-center bklyn-btn-mobile-center\"><a title=\"Contacto\"   href=\"\/contacto\" target=\"_self\" class=\"bklyn-btn  bklyn-btn-icon-left bklyn-btn-normal\" ><i class=\"fa fa-envelope\"><\/i><span class=\"ut-btn-text\">M\u00e9s informaci\u00f3<\/span><\/a><\/div>[\/vc_column_inner][\/vc_row_inner][\/vc_column][\/vc_row]<\/p>\n<\/div>","protected":false},"excerpt":{"rendered":"<p>[vc_row css=&#8221;.vc_custom_1583596731269{margin-left: -50px !important;}&#8221;][vc_column][vc_column_text]Enrere[\/vc_column_text][\/vc_column][\/vc_row][vc_row][vc_column][vc_column_text] Mobles 114 \u00e9s una reconeguda firma de mobiliari contemporani, que es caracteritza per les seves col\u00b7leccions pr\u00e0ctiques i funcionals, adaptables a qualsevol tipus d\u2019espais. L\u2019empresa va n\u00e9ixer l\u2019any 1973 a Barcelona i amb el pas dels anys s\u2019ha convertit en tota una refer\u00e8ncia en el m\u00f3n de l\u2019interiorisme i el disseny. [&hellip;]<\/p>\n","protected":false},"author":1,"featured_media":0,"parent":0,"menu_order":0,"comment_status":"closed","ping_status":"closed","template":"","meta":{"footnotes":""},"class_list":["post-49864","page","type-page","status-publish","hentry"],"aioseo_notices":[],"_links":{"self":[{"href":"https:\/\/www.mirsa.es\/ca\/wp-json\/wp\/v2\/pages\/49864","targetHints":{"allow":["GET"]}}],"collection":[{"href":"https:\/\/www.mirsa.es\/ca\/wp-json\/wp\/v2\/pages"}],"about":[{"href":"https:\/\/www.mirsa.es\/ca\/wp-json\/wp\/v2\/types\/page"}],"author":[{"embeddable":true,"href":"https:\/\/www.mirsa.es\/ca\/wp-json\/wp\/v2\/users\/1"}],"replies":[{"embeddable":true,"href":"https:\/\/www.mirsa.es\/ca\/wp-json\/wp\/v2\/comments?post=49864"}],"version-history":[{"count":0,"href":"https:\/\/www.mirsa.es\/ca\/wp-json\/wp\/v2\/pages\/49864\/revisions"}],"wp:attachment":[{"href":"https:\/\/www.mirsa.es\/ca\/wp-json\/wp\/v2\/media?parent=49864"}],"curies":[{"name":"wp","href":"https:\/\/api.w.org\/{rel}","templated":true}]}}