{"id":49852,"date":"2018-06-16T09:40:37","date_gmt":"2018-06-16T07:40:37","guid":{"rendered":"http:\/\/www.mirsa.es.mialias.net\/mobilfresno-muebles\/"},"modified":"2024-05-22T08:36:39","modified_gmt":"2024-05-22T08:36:39","slug":"mobilfresno-muebles","status":"publish","type":"page","link":"https:\/\/www.mirsa.es\/ca\/mobilfresno-muebles\/","title":{"rendered":"Mobilfresno Mobles"},"content":{"rendered":"<div class=\"wpb-content-wrapper\"><p>[vc_row css=&#8221;.vc_custom_1583596731269{margin-left: -50px !important;}&#8221;][vc_column][vc_column_text]<a href=\"javascript:history.go(-1)\" onmouseover=\"self.status=document.referrer;return true\" style=\"color: black;\">Enrere<\/a>[\/vc_column_text][\/vc_column][\/vc_row][vc_row][vc_column][vc_column_text]<\/p>\n<h5><img decoding=\"async\" class=\"wp-image-1077 size-large aligncenter\" title=\"Mobilfresno Mobles\" src=\"\/wp-content\/uploads\/2020\/06\/mobilfresno_muebles.jpg\" alt=\"Mobilfresno Mobles\" width=\"100%\" height=\"400\" \/><\/h5>\n<p style=\"font-size: 16px; text-align: left;\"><strong>Mobilfresno \u00e9s una reconeguda firma de mobiliari dedicada a la fabricaci\u00f3 de mobiliari d\u2019alta gamma.<\/strong><\/p>\n<p style=\"font-size: 16px; text-align: left;\">La marca \u00e9s actualment tota una refer\u00e8ncia al m\u00f3n de l\u2019interiorisme, gr\u00e0cies a la versatilitat i la polival\u00e8ncia de totes les seves col\u00b7leccions. L\u2019aposta de la firma per la innovaci\u00f3, sumat a l\u2019experi\u00e8ncia de m\u00e9s de 40 anys al sector, fan de Mobilfresno tota una garantia de qualitat.<\/p>\n<p style=\"font-size: 16px; text-align: left;\">Alternative \u00e9s una de les col\u00b7leccions m\u00e9s destacades, que es caracteritza per la producci\u00f3 de mobiliari ecol\u00f2gic i sostenible per a la llar. La marca disposa tamb\u00e9 d\u2019una col\u00b7lecci\u00f3 dedicada en exclusiva a la producci\u00f3 de mobiliari per a oficina i despatx.<\/p>\n<p style=\"font-size: 16px; text-align: left;\">A MIRSA interiorisme &#038; mobiliari som distribu\u00efdors oficials mobilfresno. Per a m\u00e9s informaci\u00f3, visiti el nostre Showroom o contacti amb nosaltres.<\/p>\n<p>[\/vc_column_text][vc_row_inner][vc_column_inner width=&#8221;1\/3&#8243;][\/vc_column_inner][vc_column_inner width=&#8221;1\/3&#8243;]<style type=\"text\/css\">#bklyn_btn_6a09236576cb4 .bklyn-btn { color:#ffffff !important; background-color:black !important; }<\/style><div id=\"bklyn_btn_6a09236576cb4\" class=\"bklyn-btn-holder  bklyn-btn-center bklyn-btn-tablet-center bklyn-btn-mobile-center\"><a title=\"Contacto\"   href=\"\/contacto\" target=\"_self\" class=\"bklyn-btn  bklyn-btn-icon-left bklyn-btn-normal\" ><i class=\"fa fa-envelope\"><\/i><span class=\"ut-btn-text\">M\u00e9s informaci\u00f3<\/span><\/a><\/div>[\/vc_column_inner][vc_column_inner width=&#8221;1\/3&#8243;][\/vc_column_inner][\/vc_row_inner][\/vc_column][\/vc_row]<\/p>\n<\/div>","protected":false},"excerpt":{"rendered":"<p>[vc_row css=&#8221;.vc_custom_1583596731269{margin-left: -50px !important;}&#8221;][vc_column][vc_column_text]Enrere[\/vc_column_text][\/vc_column][\/vc_row][vc_row][vc_column][vc_column_text] Mobilfresno \u00e9s una reconeguda firma de mobiliari dedicada a la fabricaci\u00f3 de mobiliari d\u2019alta gamma. La marca \u00e9s actualment tota una refer\u00e8ncia al m\u00f3n de l\u2019interiorisme, gr\u00e0cies a la versatilitat i la polival\u00e8ncia de totes les seves col\u00b7leccions. L\u2019aposta de la firma per la innovaci\u00f3, sumat a l\u2019experi\u00e8ncia de m\u00e9s de [&hellip;]<\/p>\n","protected":false},"author":1,"featured_media":0,"parent":0,"menu_order":0,"comment_status":"closed","ping_status":"closed","template":"","meta":{"footnotes":""},"class_list":["post-49852","page","type-page","status-publish","hentry"],"aioseo_notices":[],"_links":{"self":[{"href":"https:\/\/www.mirsa.es\/ca\/wp-json\/wp\/v2\/pages\/49852","targetHints":{"allow":["GET"]}}],"collection":[{"href":"https:\/\/www.mirsa.es\/ca\/wp-json\/wp\/v2\/pages"}],"about":[{"href":"https:\/\/www.mirsa.es\/ca\/wp-json\/wp\/v2\/types\/page"}],"author":[{"embeddable":true,"href":"https:\/\/www.mirsa.es\/ca\/wp-json\/wp\/v2\/users\/1"}],"replies":[{"embeddable":true,"href":"https:\/\/www.mirsa.es\/ca\/wp-json\/wp\/v2\/comments?post=49852"}],"version-history":[{"count":0,"href":"https:\/\/www.mirsa.es\/ca\/wp-json\/wp\/v2\/pages\/49852\/revisions"}],"wp:attachment":[{"href":"https:\/\/www.mirsa.es\/ca\/wp-json\/wp\/v2\/media?parent=49852"}],"curies":[{"name":"wp","href":"https:\/\/api.w.org\/{rel}","templated":true}]}}