{"id":49848,"date":"2020-07-21T10:32:32","date_gmt":"2020-07-21T10:32:32","guid":{"rendered":"http:\/\/www.mirsa.es.mialias.net\/miya-riva-1920\/"},"modified":"2021-01-27T08:51:27","modified_gmt":"2021-01-27T08:51:27","slug":"miya-riva-1920","status":"publish","type":"page","link":"https:\/\/www.mirsa.es\/ca\/miya-riva-1920\/","title":{"rendered":"Miya Riva 1920"},"content":{"rendered":"<div class=\"wpb-content-wrapper\"><p>[vc_row][vc_column][vc_column_text]<\/p>\n<h5><img decoding=\"async\" class=\"wp-image-1077 size-large aligncenter\" title=\"Miya Riva 1920\" src=\"\/wp-content\/uploads\/2020\/07\/mesa_miya_riva_1920.jpg\" alt=\"Miya Riva 1920\" width=\"100%\" height=\"400\" \/><\/h5>\n<p style=\"font-size: 16px; text-align: left;\"><strong>Miya de la prestigiosa firma italiana Riva 1920 \u00e9s una elegant i exclusiva taula de fusta massissa patentada pels prestigiosos dissenyadors Setsu &#038; Shinobu ito.<\/strong><\/p>\n<p style=\"font-size: 16px; text-align: left;\">La pe\u00e7a es caracteritza pel seu funcional taulell arrodonit amb llistons encolats, aix\u00ed com per la distintiva forma geom\u00e8trica de les seves potes.<\/p>\n<p style=\"font-size: 16px; text-align: left;\">Gr\u00e0cies a les seves m\u00faltiples opcions de configuraci\u00f3 i personalitzaci\u00f3, Miya encaixa a la perfecci\u00f3 en qualsevol mena d\u2019espai. La col\u00b7lecci\u00f3 es presenta en acabat a base d\u2019oli o cera natural amb extractes de pi.<\/p>\n<p style=\"font-size: 16px; text-align: left;\">A MIRSA interiorisme &#038; mobiliari som distribu\u00efdors oficials Riva 1920. Per a m\u00e9s informaci\u00f3, visiti el nostre Showroom o contacti amb nosaltres.\n<\/p>\n<p>[\/vc_column_text][vc_row_inner][vc_column_inner]<style type=\"text\/css\">#bklyn_btn_69d18d0802923 .bklyn-btn { color:#ffffff !important; background-color:black !important; }<\/style><div id=\"bklyn_btn_69d18d0802923\" class=\"bklyn-btn-holder  bklyn-btn-center bklyn-btn-tablet-center bklyn-btn-mobile-center\"><a title=\"Contacto\"   href=\"\/contacto\" target=\"_self\" class=\"bklyn-btn  bklyn-btn-icon-left bklyn-btn-normal\" ><i class=\"fa fa-envelope\"><\/i><span class=\"ut-btn-text\">M\u00e9s informaci\u00f3<\/span><\/a><\/div>[\/vc_column_inner][\/vc_row_inner][\/vc_column][\/vc_row]<\/p>\n<\/div>","protected":false},"excerpt":{"rendered":"<p>[vc_row][vc_column][vc_column_text] Miya de la prestigiosa firma italiana Riva 1920 \u00e9s una elegant i exclusiva taula de fusta massissa patentada pels prestigiosos dissenyadors Setsu &#038; Shinobu ito. La pe\u00e7a es caracteritza pel seu funcional taulell arrodonit amb llistons encolats, aix\u00ed com per la distintiva forma geom\u00e8trica de les seves potes. Gr\u00e0cies a les seves m\u00faltiples opcions [&hellip;]<\/p>\n","protected":false},"author":1,"featured_media":0,"parent":0,"menu_order":0,"comment_status":"closed","ping_status":"closed","template":"","meta":{"footnotes":""},"class_list":["post-49848","page","type-page","status-publish","hentry"],"aioseo_notices":[],"_links":{"self":[{"href":"https:\/\/www.mirsa.es\/ca\/wp-json\/wp\/v2\/pages\/49848","targetHints":{"allow":["GET"]}}],"collection":[{"href":"https:\/\/www.mirsa.es\/ca\/wp-json\/wp\/v2\/pages"}],"about":[{"href":"https:\/\/www.mirsa.es\/ca\/wp-json\/wp\/v2\/types\/page"}],"author":[{"embeddable":true,"href":"https:\/\/www.mirsa.es\/ca\/wp-json\/wp\/v2\/users\/1"}],"replies":[{"embeddable":true,"href":"https:\/\/www.mirsa.es\/ca\/wp-json\/wp\/v2\/comments?post=49848"}],"version-history":[{"count":0,"href":"https:\/\/www.mirsa.es\/ca\/wp-json\/wp\/v2\/pages\/49848\/revisions"}],"wp:attachment":[{"href":"https:\/\/www.mirsa.es\/ca\/wp-json\/wp\/v2\/media?parent=49848"}],"curies":[{"name":"wp","href":"https:\/\/api.w.org\/{rel}","templated":true}]}}