{"id":49824,"date":"2018-12-13T19:01:36","date_gmt":"2018-12-13T18:01:36","guid":{"rendered":"http:\/\/www.mirsa.es.mialias.net\/michel-ducaroy-colecciones\/"},"modified":"2024-06-05T16:32:08","modified_gmt":"2024-06-05T16:32:08","slug":"michel-ducaroy-colecciones","status":"publish","type":"page","link":"https:\/\/www.mirsa.es\/ca\/michel-ducaroy-colecciones\/","title":{"rendered":"Michel Ducaroy Col\u00b7leccions"},"content":{"rendered":"<div class=\"wpb-content-wrapper\"><p>[vc_section][vc_row full_width=&#8221;stretch_row_content&#8221;][vc_column][vc_column_text]<a style=\"color:black;\" href=\"javascript:history.go(-1)\" onmouseover=\"self.status=document.referrer;return true\">Enrere<\/a>[\/vc_column_text][\/vc_column][\/vc_row][vc_row full_width=&#8221;stretch_row_content&#8221; css=&#8221;.vc_custom_1589961005492{margin-top: -15px !important;}&#8221;][vc_column width=&#8221;1\/3&#8243;]<div  class=\"wpb_content_element   clearfix\"><style type=\"text\/css\">#ut_am_6a0923861c6b4 { opacity: 1; }#ut_am_wrap_6a0923861c6b5 { text-align: left; }@media (min-width: 768px) and (max-width: 1024px) { #ut_am_wrap_6a0923861c6b5 { text-align: left !important; } }@media (max-width: 767px) { #ut_am_wrap_6a0923861c6b5 { text-align: center !important; } }<\/style><div id=\"ut_am_wrap_6a0923861c6b5\" class=\"ut-image-gallery-image \"><div id=\"ut_reveal_6a0923861c6b6\"  data-appear-top-offset=\"auto\" class=\"ut-animated-image-item ut-image-gallery-item ut-animation-done \"><a class=\"ut-deactivated-link\" href=\"#\"><div class=\"ut-animated-image-zoom\">\r\n        <div class=\"ut-element-glitch-wrap\">\r\n\r\n            \r\n        <style type=\"text\/css\">\r\n\r\n                        \r\n        @media (min-width: 1025px) {\r\n\r\n        #ut-element-glitch-6a0923861c6d7442019588-30272 .ut-glitch-single-element {\r\n                                            \r\n                }\r\n        }\r\n\r\n        @media (min-width: 768px) and (max-width: 1024px) {\r\n\r\n        #ut-element-glitch-6a0923861c6d7442019588-30272 .ut-glitch-single-element {\r\n                                                \r\n                    }\r\n        }\r\n\r\n        @media (max-width: 767px) {\r\n\r\n        #ut-element-glitch-6a0923861c6d7442019588-30272 .ut-glitch-single-element {\r\n                                                \r\n                    }\r\n        }\r\n\r\n        \r\n        <\/style>\r\n\r\n        \r\n            <div id=\"ut-element-glitch-6a0923861c6d7442019588-30272\" class=\" ut-element-glitch ut-glitch-none ut-element-glitch-permanent\">\r\n                <div class=\"ut-glitch-single-element ut-lozad skip-lazy\" data-background-image=\"https:\/\/www.mirsa.es\/wp-content\/uploads\/2020\/05\/michel_ducaroy.jpg\"><\/div>\r\n                <div class=\"ut-glitch-single-element ut-lozad skip-lazy\" data-background-image=\"https:\/\/www.mirsa.es\/wp-content\/uploads\/2020\/05\/michel_ducaroy.jpg\"><\/div>\r\n                <div class=\"ut-glitch-single-element ut-lozad skip-lazy\" data-background-image=\"https:\/\/www.mirsa.es\/wp-content\/uploads\/2020\/05\/michel_ducaroy.jpg\"><\/div>\r\n                <div class=\"ut-glitch-single-element ut-lozad skip-lazy\" data-background-image=\"https:\/\/www.mirsa.es\/wp-content\/uploads\/2020\/05\/michel_ducaroy.jpg\"><\/div>\r\n                <div class=\"ut-glitch-single-element ut-lozad skip-lazy\" data-background-image=\"https:\/\/www.mirsa.es\/wp-content\/uploads\/2020\/05\/michel_ducaroy.jpg\"><\/div>\r\n            <\/div>\r\n\r\n        <\/div>\r\n\r\n        <img loading=\"lazy\" decoding=\"async\" class=\"ut-lazy skip-lazy ut-animated-image \"  id=\"ut_am_6a0923861c6b4\" src=\"data:image\/svg+xml;charset=utf-8,%3Csvg xmlns%3D'http%3A%2F%2Fwww.w3.org%2F2000%2Fsvg' viewBox%3D'0 0 600 600'%2F%3E\" data-src=\"https:\/\/www.mirsa.es\/wp-content\/uploads\/2020\/05\/michel_ducaroy.jpg\" width=\"600\" height=\"600\" alt=\"\"\/><\/div><\/a><\/div><\/div><\/div>[\/vc_column][vc_column width=&#8221;2\/3&#8243;][vc_column_text]Michel Ducaroy va ser un prestigi\u00f3s dissenyador franc\u00e9s nascut al 1925, reconegut mundialment per una de les peces m\u00e9s ic\u00f2niques del Pop Art del segle XX: el sof\u00e1 Togo de Ligne Roset.<\/p>\n<p>Des de la seva infancia Ducaroy es va veure influenciat perl les \u00faltimes tend\u00e8ncies al disseny i l\u2019arquitectura ja que la seva familia era propietaria d\u2019una reconeguda firma de mobles especialitzada en projectes d\u2019interiorisme.<\/p>\n<p>Va estudiar belles arts a la prestigiosa \u00c9cole Sup\u00e9rieure Nationale des Beaux-Arts de Ly\u00f3 i al 1952 va inaugurar el seu propi estudi d\u2019interiorisme.<\/p>\n<p>Dos anys m\u00e9s tard, al 1954, Ducaroy va comen\u00e7ar a col\u00b7laborar amb la firma francesa Ligne Roset, patentant l\u2019ic\u00f2nic sof\u00e0 Togo, que va acabar convertint-se en un aut\u00e8ntic best-seller gr\u00e0cies al seu disseny elegant i atemporal<\/p>\n<p>Durant els anys 60 es va convertir en un dels dissenyadors m\u00e9s prestigiosos de la marca, on va destacar per la utilitzaci\u00f3 de formes biom\u00f3rfiques i materials sint\u00e8tics en les seves creacions. Entre les col\u00b7leccions m\u00e9s representatives del dissenyador, destaquen Adria, Kali, Safi i Kashima.<\/p>\n<p>No obstant, va ser el sof\u00e1 Togo qui va cautivar a interiorisetes i dissenyadors d\u2019arreu del m\u00f3n, gr\u00e0cies a la seva estructura recoberta d\u2019escuma, similar a la d\u2019un coix\u00ed, que garanteix la m\u00e0xima comoditat.<\/p>\n<p>Actualment el sof\u00e0 Togo encara segueix en producci\u00f3n, siguent una de les col\u00b7leccions m\u00e9s venudes de la firma i exportada a m\u00e9s de 50 pa\u00edsos.<\/p>\n<p>A MIRSA interiorisme &amp; mobiliari disposem en exclusiva d\u2019algunes de les col\u00b7leccions m\u00e9s ic\u00f2niques de Michel Ducaroy. Per a m\u00e9s informaci\u00f3, visiti el nostre Showroom o contacti amb nosaltres.<\/p>\n<p>[\/vc_column_text][\/vc_column][\/vc_row][vc_row full_width=&#8221;stretch_row_content_no_spaces&#8221; css=&#8221;.vc_custom_1589960397272{margin-top: -20px !important;}&#8221;][vc_column][vc_separator color=&#8221;custom&#8221; accent_color=&#8221;#c7c2ba&#8221;][\/vc_column][\/vc_row][vc_row full_width=&#8221;stretch_row_content&#8221; css=&#8221;.vc_custom_1589964968246{margin-top: -20px !important;}&#8221;][vc_column][vc_column_text]<iframe id=\"embedded-ads-iframe-website\" width=\"100%\" height=\"600\" data-originsrc=\"https:\/\/mirsa.daloom.com\/es\/productos\/disenadore_michel-ducaroy\"><\/iframe><br \/>\n<script defer src=\"https:\/\/mirsa.daloom.com\/js\/parent-embedded-script.min.js\"><\/script>[\/vc_column_text][\/vc_column][\/vc_row][\/vc_section]<\/p>\n<\/div>","protected":false},"excerpt":{"rendered":"<p>[vc_section][vc_row full_width=&#8221;stretch_row_content&#8221;][vc_column][vc_column_text]Enrere[\/vc_column_text][\/vc_column][\/vc_row][vc_row full_width=&#8221;stretch_row_content&#8221; css=&#8221;.vc_custom_1589961005492{margin-top: -15px !important;}&#8221;][vc_column width=&#8221;1\/3&#8243;][\/vc_column][vc_column width=&#8221;2\/3&#8243;][vc_column_text]Michel Ducaroy va ser un prestigi\u00f3s dissenyador franc\u00e9s nascut al 1925, reconegut mundialment per una de les peces m\u00e9s ic\u00f2niques del Pop Art del segle XX: el sof\u00e1 Togo de Ligne Roset. Des de la seva infancia Ducaroy es va veure influenciat perl les \u00faltimes tend\u00e8ncies al disseny [&hellip;]<\/p>\n","protected":false},"author":1,"featured_media":0,"parent":0,"menu_order":0,"comment_status":"closed","ping_status":"closed","template":"","meta":{"footnotes":""},"class_list":["post-49824","page","type-page","status-publish","hentry"],"aioseo_notices":[],"_links":{"self":[{"href":"https:\/\/www.mirsa.es\/ca\/wp-json\/wp\/v2\/pages\/49824","targetHints":{"allow":["GET"]}}],"collection":[{"href":"https:\/\/www.mirsa.es\/ca\/wp-json\/wp\/v2\/pages"}],"about":[{"href":"https:\/\/www.mirsa.es\/ca\/wp-json\/wp\/v2\/types\/page"}],"author":[{"embeddable":true,"href":"https:\/\/www.mirsa.es\/ca\/wp-json\/wp\/v2\/users\/1"}],"replies":[{"embeddable":true,"href":"https:\/\/www.mirsa.es\/ca\/wp-json\/wp\/v2\/comments?post=49824"}],"version-history":[{"count":0,"href":"https:\/\/www.mirsa.es\/ca\/wp-json\/wp\/v2\/pages\/49824\/revisions"}],"wp:attachment":[{"href":"https:\/\/www.mirsa.es\/ca\/wp-json\/wp\/v2\/media?parent=49824"}],"curies":[{"name":"wp","href":"https:\/\/api.w.org\/{rel}","templated":true}]}}