{"id":49794,"date":"2019-01-12T12:28:11","date_gmt":"2019-01-12T11:28:11","guid":{"rendered":"http:\/\/www.mirsa.es.mialias.net\/mesitas-noth-arketipo\/"},"modified":"2021-01-23T18:18:22","modified_gmt":"2021-01-23T18:18:22","slug":"mesitas-noth-arketipo","status":"publish","type":"page","link":"https:\/\/www.mirsa.es\/ca\/mesitas-noth-arketipo\/","title":{"rendered":"Tauletes Noth Arketipo"},"content":{"rendered":"<div class=\"wpb-content-wrapper\"><p>[vc_row][vc_column][vc_column_text]<\/p>\n<h5><img decoding=\"async\" class=\"wp-image-1077 size-large aligncenter\" title=\"Tauletes Noth Arketipo\" src=\"\/wp-content\/uploads\/2020\/07\/noth_arketipo_portada.jpg\" alt=\"Tauletes Noth Arketipo\" width=\"100%\" height=\"400\"\/><\/h5>\n<p style=\"font-size: 16px; text-align: left;\"><strong>La tauletes Noth de la firma italiana Arketipo s\u00f3n ideals per ambientar amb eleg\u00e0ncia i estil la zona del sal\u00f3 de la llar.<\/strong><\/p>\n<p style=\"font-size: 16px; text-align: left;\">Noth es compon d&#8217;una espectacular estructura en metall amb acabats en marr\u00f3 o negre mentre que el taulell es presenta en fusta de roure moca o ban\u00fas. La seva estudiada estructura geom\u00e8trica permet la seva col\u00b7locaci\u00f3 en el centre de qualsevol espai..<\/p>\n<p style=\"font-size: 16px; text-align: left;\">Es tracta d&#8217;una pe\u00e7a elegant i sofisticada que encaixa a la perfecci\u00f3 en qualsevol tipus d&#8217;espai, transmetent exclusivitat i distinci\u00f3.<\/p>\n<p style=\"font-size: 16px; text-align: left;\">A MIRSA interiorisme &#038; mobiliari som distribu\u00efdors oficials Arketipo. Per a m\u00e9s informaci\u00f3, visiti el nostre Showroom o contacti amb nosaltres.<\/p>\n<p>[\/vc_column_text][vc_row_inner][vc_column_inner]<style type=\"text\/css\">#bklyn_btn_69d2290499714 .bklyn-btn { color:#ffffff !important; background-color:black !important; }<\/style><div id=\"bklyn_btn_69d2290499714\" class=\"bklyn-btn-holder  bklyn-btn-center bklyn-btn-tablet-center bklyn-btn-mobile-center\"><a title=\"Contacto\"   href=\"\/contacto\" target=\"_self\" class=\"bklyn-btn  bklyn-btn-icon-left bklyn-btn-normal\" ><i class=\"fa fa-envelope\"><\/i><span class=\"ut-btn-text\">M\u00e9s informaci\u00f3<\/span><\/a><\/div>[\/vc_column_inner][\/vc_row_inner][\/vc_column][\/vc_row]<\/p>\n<\/div>","protected":false},"excerpt":{"rendered":"<p>[vc_row][vc_column][vc_column_text] La tauletes Noth de la firma italiana Arketipo s\u00f3n ideals per ambientar amb eleg\u00e0ncia i estil la zona del sal\u00f3 de la llar. Noth es compon d&#8217;una espectacular estructura en metall amb acabats en marr\u00f3 o negre mentre que el taulell es presenta en fusta de roure moca o ban\u00fas. La seva estudiada estructura [&hellip;]<\/p>\n","protected":false},"author":1,"featured_media":0,"parent":0,"menu_order":0,"comment_status":"closed","ping_status":"closed","template":"","meta":{"footnotes":""},"class_list":["post-49794","page","type-page","status-publish","hentry"],"aioseo_notices":[],"_links":{"self":[{"href":"https:\/\/www.mirsa.es\/ca\/wp-json\/wp\/v2\/pages\/49794","targetHints":{"allow":["GET"]}}],"collection":[{"href":"https:\/\/www.mirsa.es\/ca\/wp-json\/wp\/v2\/pages"}],"about":[{"href":"https:\/\/www.mirsa.es\/ca\/wp-json\/wp\/v2\/types\/page"}],"author":[{"embeddable":true,"href":"https:\/\/www.mirsa.es\/ca\/wp-json\/wp\/v2\/users\/1"}],"replies":[{"embeddable":true,"href":"https:\/\/www.mirsa.es\/ca\/wp-json\/wp\/v2\/comments?post=49794"}],"version-history":[{"count":0,"href":"https:\/\/www.mirsa.es\/ca\/wp-json\/wp\/v2\/pages\/49794\/revisions"}],"wp:attachment":[{"href":"https:\/\/www.mirsa.es\/ca\/wp-json\/wp\/v2\/media?parent=49794"}],"curies":[{"name":"wp","href":"https:\/\/api.w.org\/{rel}","templated":true}]}}