{"id":49718,"date":"2020-07-23T09:59:54","date_gmt":"2020-07-23T09:59:54","guid":{"rendered":"http:\/\/www.mirsa.es.mialias.net\/mesa-tortuga-porada\/"},"modified":"2021-01-23T09:05:40","modified_gmt":"2021-01-23T09:05:40","slug":"mesa-tortuga-porada","status":"publish","type":"page","link":"https:\/\/www.mirsa.es\/ca\/mesa-tortuga-porada\/","title":{"rendered":"Taula Tortuga Porada"},"content":{"rendered":"<div class=\"wpb-content-wrapper\"><p>[vc_row][vc_column][vc_column_text]<\/p>\n<h5><img decoding=\"async\" class=\"wp-image-1077 size-large aligncenter\" title=\"Taula Tortuga Porada\" src=\"\/wp-content\/uploads\/2020\/07\/mesa_tortuga_porada.jpg\" alt=\"Taula Tortuga Porada\" width=\"100%\" height=\"400\" \/><\/h5>\n<p style=\"font-size: 16px; text-align: left;\"><strong>Tortuga de la prestigiosa firma italiana Porada \u00e9s una exclusiva taula d\u2019estil contemporani patentada pel reconegut dissenyador Jiun Ho.<br \/>\n<\/strong><\/p>\n<p style=\"font-size: 16px; text-align: left;\">Un nou concepte de taula de centre, formada per dos peces en fusta de noguera que ofereixen m\u00faltiples opcions de personalitzaci\u00f3 i configuraci\u00f3.<\/p>\n<p style=\"font-size: 16px; text-align: left;\">La col\u00b7lecci\u00f3 est\u00e0 disponible en una \u00e0mplia gamma d\u2019acabats, fet que li permet adaptar-se amb facilitat a qualsevol mena d\u2019espai.<\/p>\n<p style=\"font-size: 16px; text-align: left;\">A MIRSA interiorisme &#038; mobiliari som distribu\u00efdors oficials Porada. Per a m\u00e9s informaci\u00f3, visiti el nostre Showroom o contacti amb nosaltres.<\/p>\n<p>[\/vc_column_text][vc_row_inner][vc_column_inner]<style type=\"text\/css\">#bklyn_btn_69d7620559b7d .bklyn-btn { color:#ffffff !important; background-color:black !important; }<\/style><div id=\"bklyn_btn_69d7620559b7d\" class=\"bklyn-btn-holder  bklyn-btn-center bklyn-btn-tablet-center bklyn-btn-mobile-center\"><a title=\"Contacto\"   href=\"\/contacto\" target=\"_self\" class=\"bklyn-btn  bklyn-btn-icon-left bklyn-btn-normal\" ><i class=\"fa fa-envelope\"><\/i><span class=\"ut-btn-text\">M\u00e9s informaci\u00f3<\/span><\/a><\/div>[\/vc_column_inner][\/vc_row_inner][\/vc_column][\/vc_row]<\/p>\n<\/div>","protected":false},"excerpt":{"rendered":"<p>[vc_row][vc_column][vc_column_text] Tortuga de la prestigiosa firma italiana Porada \u00e9s una exclusiva taula d\u2019estil contemporani patentada pel reconegut dissenyador Jiun Ho. Un nou concepte de taula de centre, formada per dos peces en fusta de noguera que ofereixen m\u00faltiples opcions de personalitzaci\u00f3 i configuraci\u00f3. La col\u00b7lecci\u00f3 est\u00e0 disponible en una \u00e0mplia gamma d\u2019acabats, fet que li [&hellip;]<\/p>\n","protected":false},"author":1,"featured_media":0,"parent":0,"menu_order":0,"comment_status":"closed","ping_status":"closed","template":"","meta":{"footnotes":""},"class_list":["post-49718","page","type-page","status-publish","hentry"],"aioseo_notices":[],"_links":{"self":[{"href":"https:\/\/www.mirsa.es\/ca\/wp-json\/wp\/v2\/pages\/49718","targetHints":{"allow":["GET"]}}],"collection":[{"href":"https:\/\/www.mirsa.es\/ca\/wp-json\/wp\/v2\/pages"}],"about":[{"href":"https:\/\/www.mirsa.es\/ca\/wp-json\/wp\/v2\/types\/page"}],"author":[{"embeddable":true,"href":"https:\/\/www.mirsa.es\/ca\/wp-json\/wp\/v2\/users\/1"}],"replies":[{"embeddable":true,"href":"https:\/\/www.mirsa.es\/ca\/wp-json\/wp\/v2\/comments?post=49718"}],"version-history":[{"count":0,"href":"https:\/\/www.mirsa.es\/ca\/wp-json\/wp\/v2\/pages\/49718\/revisions"}],"wp:attachment":[{"href":"https:\/\/www.mirsa.es\/ca\/wp-json\/wp\/v2\/media?parent=49718"}],"curies":[{"name":"wp","href":"https:\/\/api.w.org\/{rel}","templated":true}]}}