{"id":49691,"date":"2017-11-17T13:09:10","date_gmt":"2017-11-17T12:09:10","guid":{"rendered":"http:\/\/www.mirsa.es.mialias.net\/mesa-timber-porada\/"},"modified":"2021-01-22T17:32:26","modified_gmt":"2021-01-22T17:32:26","slug":"mesa-timber-porada","status":"publish","type":"page","link":"https:\/\/www.mirsa.es\/ca\/mesa-timber-porada\/","title":{"rendered":"Taula Timber Porada"},"content":{"rendered":"<div class=\"wpb-content-wrapper\"><p>[vc_row][vc_column][vc_column_text]<\/p>\n<h5><img decoding=\"async\" class=\"wp-image-1077 size-large aligncenter\" title=\"Taula Timber Porada\" src=\"\/wp-content\/uploads\/2020\/07\/mesa_timber_porada_02.jpg\" alt=\"Taula Timber Porada\" width=\"100%\" height=\"400\" \/><\/h5>\n<p style=\"font-size: 16px; text-align: left;\"><strong>La taula Timber de Porada \u00e9s una elegant pe\u00e7a de disseny itali\u00e0 que es caracteritza per l\u2019espectacular taulell de vidre d\u2019estructura circular, que li atorga una forta personalitat.<\/strong><\/p>\n<p style=\"font-size: 16px; text-align: left;\">Dissenyada pel fam\u00f3s P. Jouin, Timber destaca tamb\u00e9 per la peculiar forma del peu de fusta massissa, que acaba amb una espectacular bifurcaci\u00f3 en quatre suports, que s\u2019inspira en el tronc dels arbres.<\/p>\n<p style=\"font-size: 16px; text-align: left;\">A MIRSA interiorisme &#038; mobiliari som distribu\u00efdors oficials Porada. Per a m\u00e9s informaci\u00f3, visiti el nostre Showroom o contacti amb nosaltres.<\/p>\n<p>[\/vc_column_text][vc_row_inner][vc_column_inner]<style type=\"text\/css\">#bklyn_btn_69d2668ec14f3 .bklyn-btn { color:#ffffff !important; background-color:black !important; }<\/style><div id=\"bklyn_btn_69d2668ec14f3\" class=\"bklyn-btn-holder  bklyn-btn-center bklyn-btn-tablet-center bklyn-btn-mobile-center\"><a title=\"Contacto\"   href=\"\/contacto\" target=\"_self\" class=\"bklyn-btn  bklyn-btn-icon-left bklyn-btn-normal\" ><i class=\"fa fa-envelope\"><\/i><span class=\"ut-btn-text\">M\u00e9s informaci\u00f3<\/span><\/a><\/div>[\/vc_column_inner][\/vc_row_inner][\/vc_column][\/vc_row]<\/p>\n<\/div>","protected":false},"excerpt":{"rendered":"<p>[vc_row][vc_column][vc_column_text] La taula Timber de Porada \u00e9s una elegant pe\u00e7a de disseny itali\u00e0 que es caracteritza per l\u2019espectacular taulell de vidre d\u2019estructura circular, que li atorga una forta personalitat. Dissenyada pel fam\u00f3s P. Jouin, Timber destaca tamb\u00e9 per la peculiar forma del peu de fusta massissa, que acaba amb una espectacular bifurcaci\u00f3 en quatre suports, [&hellip;]<\/p>\n","protected":false},"author":1,"featured_media":0,"parent":0,"menu_order":0,"comment_status":"closed","ping_status":"closed","template":"","meta":{"footnotes":""},"class_list":["post-49691","page","type-page","status-publish","hentry"],"aioseo_notices":[],"_links":{"self":[{"href":"https:\/\/www.mirsa.es\/ca\/wp-json\/wp\/v2\/pages\/49691","targetHints":{"allow":["GET"]}}],"collection":[{"href":"https:\/\/www.mirsa.es\/ca\/wp-json\/wp\/v2\/pages"}],"about":[{"href":"https:\/\/www.mirsa.es\/ca\/wp-json\/wp\/v2\/types\/page"}],"author":[{"embeddable":true,"href":"https:\/\/www.mirsa.es\/ca\/wp-json\/wp\/v2\/users\/1"}],"replies":[{"embeddable":true,"href":"https:\/\/www.mirsa.es\/ca\/wp-json\/wp\/v2\/comments?post=49691"}],"version-history":[{"count":0,"href":"https:\/\/www.mirsa.es\/ca\/wp-json\/wp\/v2\/pages\/49691\/revisions"}],"wp:attachment":[{"href":"https:\/\/www.mirsa.es\/ca\/wp-json\/wp\/v2\/media?parent=49691"}],"curies":[{"name":"wp","href":"https:\/\/api.w.org\/{rel}","templated":true}]}}