{"id":49674,"date":"2018-08-11T19:54:47","date_gmt":"2018-08-11T17:54:47","guid":{"rendered":"http:\/\/www.mirsa.es.mialias.net\/mesa-tender-desalto\/"},"modified":"2021-01-22T16:52:01","modified_gmt":"2021-01-22T16:52:01","slug":"mesa-tender-desalto","status":"publish","type":"page","link":"https:\/\/www.mirsa.es\/ca\/mesa-tender-desalto\/","title":{"rendered":"Taula Tender Desalto"},"content":{"rendered":"<div class=\"wpb-content-wrapper\"><p>[vc_row][vc_column][vc_column_text]<\/p>\n<h5><img decoding=\"async\" class=\"wp-image-1077 size-large aligncenter\" title=\"Taula Tender Desalto\" src=\"\/wp-content\/uploads\/2021\/01\/mesa_tender_desalto.jpg\" alt=\"Taula Tender Desalto\" width=\"100%\" height=\"400\" \/><\/h5>\n<p style=\"font-size: 16px; text-align: left;\"><strong>La taula Tender de Desalto \u00e9s una de les peces m\u00e9s ic\u00f2niques de la firma. Presentada al 1988, la col\u00b7lecci\u00f3 s\u2019ha convertit en tota una refer\u00e8ncia per a dissenyadors i arquitectes d\u2019arreu del m\u00f3n.<\/strong><\/p>\n<p style=\"font-size: 16px; text-align: left;\">Un aut\u00e8ntic best-seller, un s\u00edmbol del disseny atemporal que es concep com la combinaci\u00f3 perfecta entre est\u00e8tica i funcionalitat.<\/p>\n<p style=\"font-size: 16px; text-align: left;\">Tender \u00e9s la precursora de totes les taules extensibles de Desalto. Amb m\u00e9s de 30 anys, segueix sent un exemple inigualable de disseny, racionalitat i expressi\u00f3 formal.<\/p>\n<p style=\"font-size: 16px; text-align: left;\">A MIRSA interiorisme &#038; mobiliari disposem d\u2019una extensa col\u00b7lecci\u00f3 de mobles Desalto. Per a m\u00e9s informaci\u00f3, visiti el nostre Showroom o contacti amb nosaltres.<\/p>\n<p>[\/vc_column_text][vc_row_inner][vc_column_inner]<style type=\"text\/css\">#bklyn_btn_69d1e64d04ea7 .bklyn-btn { color:#ffffff !important; background-color:black !important; }<\/style><div id=\"bklyn_btn_69d1e64d04ea7\" class=\"bklyn-btn-holder  bklyn-btn-center bklyn-btn-tablet-center bklyn-btn-mobile-center\"><a title=\"Contacto\"   href=\"\/contacto\" target=\"_self\" class=\"bklyn-btn  bklyn-btn-icon-left bklyn-btn-normal\" ><i class=\"fa fa-envelope\"><\/i><span class=\"ut-btn-text\">M\u00e9s informaci\u00f3<\/span><\/a><\/div>[\/vc_column_inner][\/vc_row_inner][\/vc_column][\/vc_row]<\/p>\n<\/div>","protected":false},"excerpt":{"rendered":"<p>[vc_row][vc_column][vc_column_text] La taula Tender de Desalto \u00e9s una de les peces m\u00e9s ic\u00f2niques de la firma. Presentada al 1988, la col\u00b7lecci\u00f3 s\u2019ha convertit en tota una refer\u00e8ncia per a dissenyadors i arquitectes d\u2019arreu del m\u00f3n. Un aut\u00e8ntic best-seller, un s\u00edmbol del disseny atemporal que es concep com la combinaci\u00f3 perfecta entre est\u00e8tica i funcionalitat. Tender [&hellip;]<\/p>\n","protected":false},"author":1,"featured_media":0,"parent":0,"menu_order":0,"comment_status":"closed","ping_status":"closed","template":"","meta":{"footnotes":""},"class_list":["post-49674","page","type-page","status-publish","hentry"],"aioseo_notices":[],"_links":{"self":[{"href":"https:\/\/www.mirsa.es\/ca\/wp-json\/wp\/v2\/pages\/49674","targetHints":{"allow":["GET"]}}],"collection":[{"href":"https:\/\/www.mirsa.es\/ca\/wp-json\/wp\/v2\/pages"}],"about":[{"href":"https:\/\/www.mirsa.es\/ca\/wp-json\/wp\/v2\/types\/page"}],"author":[{"embeddable":true,"href":"https:\/\/www.mirsa.es\/ca\/wp-json\/wp\/v2\/users\/1"}],"replies":[{"embeddable":true,"href":"https:\/\/www.mirsa.es\/ca\/wp-json\/wp\/v2\/comments?post=49674"}],"version-history":[{"count":0,"href":"https:\/\/www.mirsa.es\/ca\/wp-json\/wp\/v2\/pages\/49674\/revisions"}],"wp:attachment":[{"href":"https:\/\/www.mirsa.es\/ca\/wp-json\/wp\/v2\/media?parent=49674"}],"curies":[{"name":"wp","href":"https:\/\/api.w.org\/{rel}","templated":true}]}}