{"id":49588,"date":"2018-05-18T11:37:52","date_gmt":"2018-05-18T09:37:52","guid":{"rendered":"http:\/\/www.mirsa.es.mialias.net\/mesa-quay-porada\/"},"modified":"2021-01-21T12:43:11","modified_gmt":"2021-01-21T12:43:11","slug":"mesa-quay-porada","status":"publish","type":"page","link":"https:\/\/www.mirsa.es\/ca\/mesa-quay-porada\/","title":{"rendered":"Taula Quay Porada"},"content":{"rendered":"<div class=\"wpb-content-wrapper\"><p>[vc_row][vc_column][vc_column_text]<\/p>\n<h5><img decoding=\"async\" class=\"wp-image-1077 size-large aligncenter\" title=\"Taula Quay Porada\" src=\"\/wp-content\/uploads\/2020\/07\/mesa_quay_porada_01.jpg\" alt=\"Taula Quay Porada\" width=\"100%\" height=\"400\" \/><\/h5>\n<p style=\"font-size: 16px; text-align: left;\"><strong>Quay de la firma Italiana Porada \u00e9s una elegant taula d\u2019estructura ovalada dissenyada pels prestigiosos germans Buratti.<\/strong><\/p>\n<p style=\"font-size: 16px; text-align: left;\">Es tracta d\u2019una pe\u00e7a de disseny contemporani que destaca per la seva forta personalitat. La seva base en fusta massissa de noguera la converteixen en una taula forta i resistent. Quay est\u00e0 disponible amb les potes en llaut\u00f3 i taulell de marbre.<\/p>\n<p style=\"font-size: 16px; text-align: left;\">A MIRSA interiorisme &#038; mobiliari som distribu\u00efdors oficials Porada. Per a m\u00e9s informaci\u00f3, visiti el nostre Showroom o contacti amb nosaltres.<\/p>\n<p>[\/vc_column_text][vc_row_inner][vc_column_inner]<style type=\"text\/css\">#bklyn_btn_69d1fdc99c811 .bklyn-btn { color:#ffffff !important; background-color:black !important; }<\/style><div id=\"bklyn_btn_69d1fdc99c811\" class=\"bklyn-btn-holder  bklyn-btn-center bklyn-btn-tablet-center bklyn-btn-mobile-center\"><a title=\"Contacto\"   href=\"\/contacto\" target=\"_self\" class=\"bklyn-btn  bklyn-btn-icon-left bklyn-btn-normal\" ><i class=\"fa fa-envelope\"><\/i><span class=\"ut-btn-text\">M\u00e9s informaci\u00f3<\/span><\/a><\/div>[\/vc_column_inner][\/vc_row_inner][\/vc_column][\/vc_row]<\/p>\n<\/div>","protected":false},"excerpt":{"rendered":"<p>[vc_row][vc_column][vc_column_text] Quay de la firma Italiana Porada \u00e9s una elegant taula d\u2019estructura ovalada dissenyada pels prestigiosos germans Buratti. Es tracta d\u2019una pe\u00e7a de disseny contemporani que destaca per la seva forta personalitat. La seva base en fusta massissa de noguera la converteixen en una taula forta i resistent. Quay est\u00e0 disponible amb les potes en [&hellip;]<\/p>\n","protected":false},"author":1,"featured_media":0,"parent":0,"menu_order":0,"comment_status":"closed","ping_status":"closed","template":"","meta":{"footnotes":""},"class_list":["post-49588","page","type-page","status-publish","hentry"],"aioseo_notices":[],"_links":{"self":[{"href":"https:\/\/www.mirsa.es\/ca\/wp-json\/wp\/v2\/pages\/49588","targetHints":{"allow":["GET"]}}],"collection":[{"href":"https:\/\/www.mirsa.es\/ca\/wp-json\/wp\/v2\/pages"}],"about":[{"href":"https:\/\/www.mirsa.es\/ca\/wp-json\/wp\/v2\/types\/page"}],"author":[{"embeddable":true,"href":"https:\/\/www.mirsa.es\/ca\/wp-json\/wp\/v2\/users\/1"}],"replies":[{"embeddable":true,"href":"https:\/\/www.mirsa.es\/ca\/wp-json\/wp\/v2\/comments?post=49588"}],"version-history":[{"count":0,"href":"https:\/\/www.mirsa.es\/ca\/wp-json\/wp\/v2\/pages\/49588\/revisions"}],"wp:attachment":[{"href":"https:\/\/www.mirsa.es\/ca\/wp-json\/wp\/v2\/media?parent=49588"}],"curies":[{"name":"wp","href":"https:\/\/api.w.org\/{rel}","templated":true}]}}