{"id":49557,"date":"2019-08-07T19:10:49","date_gmt":"2019-08-07T17:10:49","guid":{"rendered":"http:\/\/www.mirsa.es.mialias.net\/mesa-pilar-porada\/"},"modified":"2021-01-21T11:37:50","modified_gmt":"2021-01-21T11:37:50","slug":"mesa-pilar-porada","status":"publish","type":"page","link":"https:\/\/www.mirsa.es\/ca\/mesa-pilar-porada\/","title":{"rendered":"Taula Pilar Porada"},"content":{"rendered":"<div class=\"wpb-content-wrapper\"><p>[vc_row][vc_column][vc_column_text]<\/p>\n<h5><img decoding=\"async\" class=\"wp-image-1077 size-large aligncenter\" title=\"Taula Pilar Porada\" src=\"\/wp-content\/uploads\/2020\/07\/mesa_pilar_porada.jpg\" alt=\"Taula Pilar Porada\" width=\"100%\" height=\"400\"\/><\/h5>\n<p style=\"font-size: 16px; text-align: left;\"><strong>Pilar de la prestigiosa firma italiana Porada, \u00e9s una elegant i sofisticada taula de menjador de disseny contempor\u00e1neo.<\/strong><\/p>\n<p style=\"font-size: 16px; text-align: left;\">La taula destaca per la seva imponent base, formada per diverses peces cil\u00edndriques de freixe mass\u00eds que aporten distinci\u00f3 i exclusivitat al sistema.<\/p>\n<p style=\"font-size: 16px; text-align: left;\">A MIRSA interiorisme &#038; mobiliari som distribu\u00efdors oficials Porada. Per a m\u00e9s informaci\u00f3, visiti el nostre Showroom o contacti amb nosaltres.<\/p>\n<p>[\/vc_column_text][vc_row_inner][vc_column_inner]<style type=\"text\/css\">#bklyn_btn_69d22ab0441ab .bklyn-btn { color:#ffffff !important; background-color:black !important; }<\/style><div id=\"bklyn_btn_69d22ab0441ab\" class=\"bklyn-btn-holder  bklyn-btn-center bklyn-btn-tablet-center bklyn-btn-mobile-center\"><a title=\"Contacto\"   href=\"\/contacto\" target=\"_self\" class=\"bklyn-btn  bklyn-btn-icon-left bklyn-btn-normal\" ><i class=\"fa fa-envelope\"><\/i><span class=\"ut-btn-text\">M\u00e9s informaci\u00f3<\/span><\/a><\/div>[\/vc_column_inner][\/vc_row_inner][\/vc_column][\/vc_row]<\/p>\n<\/div>","protected":false},"excerpt":{"rendered":"<p>[vc_row][vc_column][vc_column_text] Pilar de la prestigiosa firma italiana Porada, \u00e9s una elegant i sofisticada taula de menjador de disseny contempor\u00e1neo. La taula destaca per la seva imponent base, formada per diverses peces cil\u00edndriques de freixe mass\u00eds que aporten distinci\u00f3 i exclusivitat al sistema. A MIRSA interiorisme &#038; mobiliari som distribu\u00efdors oficials Porada. Per a m\u00e9s informaci\u00f3, [&hellip;]<\/p>\n","protected":false},"author":1,"featured_media":0,"parent":0,"menu_order":0,"comment_status":"closed","ping_status":"closed","template":"","meta":{"footnotes":""},"class_list":["post-49557","page","type-page","status-publish","hentry"],"aioseo_notices":[],"_links":{"self":[{"href":"https:\/\/www.mirsa.es\/ca\/wp-json\/wp\/v2\/pages\/49557","targetHints":{"allow":["GET"]}}],"collection":[{"href":"https:\/\/www.mirsa.es\/ca\/wp-json\/wp\/v2\/pages"}],"about":[{"href":"https:\/\/www.mirsa.es\/ca\/wp-json\/wp\/v2\/types\/page"}],"author":[{"embeddable":true,"href":"https:\/\/www.mirsa.es\/ca\/wp-json\/wp\/v2\/users\/1"}],"replies":[{"embeddable":true,"href":"https:\/\/www.mirsa.es\/ca\/wp-json\/wp\/v2\/comments?post=49557"}],"version-history":[{"count":0,"href":"https:\/\/www.mirsa.es\/ca\/wp-json\/wp\/v2\/pages\/49557\/revisions"}],"wp:attachment":[{"href":"https:\/\/www.mirsa.es\/ca\/wp-json\/wp\/v2\/media?parent=49557"}],"curies":[{"name":"wp","href":"https:\/\/api.w.org\/{rel}","templated":true}]}}