{"id":49512,"date":"2018-11-17T12:31:26","date_gmt":"2018-11-17T11:31:26","guid":{"rendered":"http:\/\/www.mirsa.es.mialias.net\/mesa-maestro-pianca\/"},"modified":"2021-01-21T09:24:52","modified_gmt":"2021-01-21T09:24:52","slug":"mesa-maestro-pianca","status":"publish","type":"page","link":"https:\/\/www.mirsa.es\/ca\/mesa-maestro-pianca\/","title":{"rendered":"Taula Maestro Pianca"},"content":{"rendered":"<div class=\"wpb-content-wrapper\"><p>[vc_row][vc_column][vc_column_text]<\/p>\n<h5><img decoding=\"async\" class=\"wp-image-1077 size-large aligncenter\" title=\"Taula Maestro Pianca\" src=\"\/wp-content\/uploads\/2020\/07\/mesa_maestro_pianca.jpg\" alt=\"Taula Maestro Pianca\" width=\"100%\" height=\"400\"\/><\/h5>\n<p style=\"font-size: 16px; text-align: left;\"><strong>Maestro de la firma italiana Pianca, \u00e9s una espectacular taula de disseny contemporani que es caracteritza per la seva eleg\u00e0ncia i la seva estabilitat estructural.<\/strong><\/p>\n<p style=\"font-size: 16px; text-align: left;\">Dissenyada pel prestigi\u00f3s Emilio Nanni, autor tamb\u00e9 d\u2019altres col\u00b7leccions ic\u00f2niques de Pianca com Haik i Asol, la taula Maestro ha estat inclosa a l\u2019 ADI Design Index gr\u00e0cies a la seva eleg\u00e0ncia i distinci\u00f3.<\/p>\n<p style=\"font-size: 16px; text-align: left;\">Emilio Nanni ens presenta una pe\u00e7a on el segment es concep com una entitat prim\u00e0ria, definint la taula com una combinaci\u00f3 perfecta entre funcionalitat i valor est\u00e8tic. L\u2019estructura est\u00e0 disponible en fusta massissa i metall pintat mentre que el taulell es presenta en vidre fumat i ciment natural.<\/p>\n<p style=\"font-size: 16px; text-align: left;\">A MIRSA interiorisme &#038; mobiliari som distribu\u00efdors oficials Pianca. Per a m\u00e9s informaci\u00f3, visiti el nostre Showroom o contacti amb nosaltres.<\/p>\n<p>[\/vc_column_text][vc_row_inner][vc_column_inner]<style type=\"text\/css\">#bklyn_btn_69d24a9fc3164 .bklyn-btn { color:#ffffff !important; background-color:black !important; }<\/style><div id=\"bklyn_btn_69d24a9fc3164\" class=\"bklyn-btn-holder  bklyn-btn-center bklyn-btn-tablet-center bklyn-btn-mobile-center\"><a title=\"Contacto\"   href=\"\/contacto\" target=\"_self\" class=\"bklyn-btn  bklyn-btn-icon-left bklyn-btn-normal\" ><i class=\"fa fa-envelope\"><\/i><span class=\"ut-btn-text\">M\u00e9s informaci\u00f3<\/span><\/a><\/div>[\/vc_column_inner][\/vc_row_inner][\/vc_column][\/vc_row]<\/p>\n<\/div>","protected":false},"excerpt":{"rendered":"<p>[vc_row][vc_column][vc_column_text] Maestro de la firma italiana Pianca, \u00e9s una espectacular taula de disseny contemporani que es caracteritza per la seva eleg\u00e0ncia i la seva estabilitat estructural. Dissenyada pel prestigi\u00f3s Emilio Nanni, autor tamb\u00e9 d\u2019altres col\u00b7leccions ic\u00f2niques de Pianca com Haik i Asol, la taula Maestro ha estat inclosa a l\u2019 ADI Design Index gr\u00e0cies a [&hellip;]<\/p>\n","protected":false},"author":1,"featured_media":0,"parent":0,"menu_order":0,"comment_status":"closed","ping_status":"closed","template":"","meta":{"footnotes":""},"class_list":["post-49512","page","type-page","status-publish","hentry"],"aioseo_notices":[],"_links":{"self":[{"href":"https:\/\/www.mirsa.es\/ca\/wp-json\/wp\/v2\/pages\/49512","targetHints":{"allow":["GET"]}}],"collection":[{"href":"https:\/\/www.mirsa.es\/ca\/wp-json\/wp\/v2\/pages"}],"about":[{"href":"https:\/\/www.mirsa.es\/ca\/wp-json\/wp\/v2\/types\/page"}],"author":[{"embeddable":true,"href":"https:\/\/www.mirsa.es\/ca\/wp-json\/wp\/v2\/users\/1"}],"replies":[{"embeddable":true,"href":"https:\/\/www.mirsa.es\/ca\/wp-json\/wp\/v2\/comments?post=49512"}],"version-history":[{"count":0,"href":"https:\/\/www.mirsa.es\/ca\/wp-json\/wp\/v2\/pages\/49512\/revisions"}],"wp:attachment":[{"href":"https:\/\/www.mirsa.es\/ca\/wp-json\/wp\/v2\/media?parent=49512"}],"curies":[{"name":"wp","href":"https:\/\/api.w.org\/{rel}","templated":true}]}}