{"id":49496,"date":"2019-07-18T19:34:46","date_gmt":"2019-07-18T17:34:46","guid":{"rendered":"http:\/\/www.mirsa.es.mialias.net\/mesa-link-desalto\/"},"modified":"2021-01-20T17:23:38","modified_gmt":"2021-01-20T17:23:38","slug":"mesa-link-desalto","status":"publish","type":"page","link":"https:\/\/www.mirsa.es\/ca\/mesa-link-desalto\/","title":{"rendered":"Taula Link Desalto"},"content":{"rendered":"<div class=\"wpb-content-wrapper\"><p>[vc_row][vc_column][vc_column_text]<\/p>\n<h5><img decoding=\"async\" class=\"wp-image-1077 size-large aligncenter\" title=\"Taula Link Desalto\" src=\"\/wp-content\/uploads\/2020\/07\/mesa_link_desalto.jpg\" alt=\"Taula Link Desalto\" width=\"100%\" height=\"400\" \/><\/h5>\n<p style=\"font-size: 16px; text-align: left;\"><strong>Link de la firma italiana Desalto es una espectacular taula d\u2019est\u00e8tica contempor\u00e0nia patentada pel prestigi\u00f3s dissenyador Hannes Wettstein.<\/strong><\/p>\n<p style=\"font-size: 16px; text-align: left;\">Es tracta d\u2019una pe\u00e7a vers\u00e1til i polivalent, que gr\u00e0cies a la seva estructura modular s\u2019adapta amb facilitat a les caracter\u00edstiques de l\u2019espai.\n<\/p>\n<p style=\"font-size: 16px; text-align: left;\">La col\u00b7lecci\u00f3 destaca per les seves l\u00ednies pures i minimalistes, que transmeten lleugeresa i exclusivitat. Link es actualmente una de les peces m\u00e9s ic\u00f2niques de Desalto, considerada com un referent del minimalisme entre dissenyadors i interioristes d\u2019arreu del m\u00f3n.<\/p>\n<p style=\"font-size: 16px; text-align: left;\">A MIRSA interiorisme &#038; mobiliari som distibu\u00efdors oficials Desalto. Per a m\u00e9s informaci\u00f3n, visiti el nostre Showroom o contacti amb nosaltres.\n<\/p>\n<p>[\/vc_column_text][vc_row_inner][vc_column_inner]<style type=\"text\/css\">#bklyn_btn_69d1940974173 .bklyn-btn { color:#ffffff !important; background-color:black !important; }<\/style><div id=\"bklyn_btn_69d1940974173\" class=\"bklyn-btn-holder  bklyn-btn-center bklyn-btn-tablet-center bklyn-btn-mobile-center\"><a title=\"Contacto\"   href=\"\/contacto\" target=\"_self\" class=\"bklyn-btn  bklyn-btn-icon-left bklyn-btn-normal\" ><i class=\"fa fa-envelope\"><\/i><span class=\"ut-btn-text\">M\u00e9s informaci\u00f3<\/span><\/a><\/div>[\/vc_column_inner][\/vc_row_inner][\/vc_column][\/vc_row]<\/p>\n<\/div>","protected":false},"excerpt":{"rendered":"<p>[vc_row][vc_column][vc_column_text] Link de la firma italiana Desalto es una espectacular taula d\u2019est\u00e8tica contempor\u00e0nia patentada pel prestigi\u00f3s dissenyador Hannes Wettstein. Es tracta d\u2019una pe\u00e7a vers\u00e1til i polivalent, que gr\u00e0cies a la seva estructura modular s\u2019adapta amb facilitat a les caracter\u00edstiques de l\u2019espai. La col\u00b7lecci\u00f3 destaca per les seves l\u00ednies pures i minimalistes, que transmeten lleugeresa i [&hellip;]<\/p>\n","protected":false},"author":1,"featured_media":0,"parent":0,"menu_order":0,"comment_status":"closed","ping_status":"closed","template":"","meta":{"footnotes":""},"class_list":["post-49496","page","type-page","status-publish","hentry"],"aioseo_notices":[],"_links":{"self":[{"href":"https:\/\/www.mirsa.es\/ca\/wp-json\/wp\/v2\/pages\/49496","targetHints":{"allow":["GET"]}}],"collection":[{"href":"https:\/\/www.mirsa.es\/ca\/wp-json\/wp\/v2\/pages"}],"about":[{"href":"https:\/\/www.mirsa.es\/ca\/wp-json\/wp\/v2\/types\/page"}],"author":[{"embeddable":true,"href":"https:\/\/www.mirsa.es\/ca\/wp-json\/wp\/v2\/users\/1"}],"replies":[{"embeddable":true,"href":"https:\/\/www.mirsa.es\/ca\/wp-json\/wp\/v2\/comments?post=49496"}],"version-history":[{"count":0,"href":"https:\/\/www.mirsa.es\/ca\/wp-json\/wp\/v2\/pages\/49496\/revisions"}],"wp:attachment":[{"href":"https:\/\/www.mirsa.es\/ca\/wp-json\/wp\/v2\/media?parent=49496"}],"curies":[{"name":"wp","href":"https:\/\/api.w.org\/{rel}","templated":true}]}}