{"id":49486,"date":"2016-11-10T20:08:05","date_gmt":"2016-11-10T19:08:05","guid":{"rendered":"http:\/\/www.mirsa.es.mialias.net\/mesa-lens-bb-italia-patricia-urquiola\/"},"modified":"2021-01-20T16:49:44","modified_gmt":"2021-01-20T16:49:44","slug":"mesa-lens-bb-italia-patricia-urquiola","status":"publish","type":"page","link":"https:\/\/www.mirsa.es\/ca\/mesa-lens-bb-italia-patricia-urquiola\/","title":{"rendered":"Taula Lens B&#038;B Italia"},"content":{"rendered":"<div class=\"wpb-content-wrapper\"><p>[vc_row][vc_column][vc_column_text]<\/p>\n<h5><img decoding=\"async\" class=\"wp-image-1077 size-large aligncenter\" title=\"Lens B&#038;B Italia\" src=\"\/wp-content\/uploads\/2020\/07\/mesa_lens_bb_italia.jpg\" alt=\"Lens B&#038;B Italia\" width=\"100%\" height=\"400\" \/><\/h5>\n<p style=\"font-size: 16px; text-align: left;\"><strong>La taula Lens de B&#038;B Italia sorgeix de la inspiraci\u00f3 de Patricia Urquiola, que busca la creaci\u00f3 d\u2019una resistent superf\u00edcie transparent de gran profunditat.<\/strong><\/p>\n<p style=\"font-size: 16px; text-align: left;\">La pe\u00e7a destaca per la seva incre\u00efble estructura i el seu disseny fresc i elegant, a trav\u00e9s de l\u2019acoblament de dos vidres amb una l\u00e0mina interposada entre ells.<\/p>\n<p style=\"font-size: 16px; text-align: left;\">A MIRSA interiorisme &#038; mobiliari som distribu\u00efdors oficials de productes B&#038;B Italia, per a m\u00e9s informaci\u00f3 contacti amb nosaltres o visiti la nostra exposici\u00f3.<\/p>\n<p>[\/vc_column_text][vc_row_inner][vc_column_inner]<style type=\"text\/css\">#bklyn_btn_69d26547268f6 .bklyn-btn { color:#ffffff !important; background-color:black !important; }<\/style><div id=\"bklyn_btn_69d26547268f6\" class=\"bklyn-btn-holder  bklyn-btn-center bklyn-btn-tablet-center bklyn-btn-mobile-center\"><a title=\"Contacto\"   href=\"\/contacto\" target=\"_self\" class=\"bklyn-btn  bklyn-btn-icon-left bklyn-btn-normal\" ><i class=\"fa fa-envelope\"><\/i><span class=\"ut-btn-text\">M\u00e9s informaci\u00f3<\/span><\/a><\/div>[\/vc_column_inner][\/vc_row_inner][\/vc_column][\/vc_row]<\/p>\n<\/div>","protected":false},"excerpt":{"rendered":"<p>[vc_row][vc_column][vc_column_text] La taula Lens de B&#038;B Italia sorgeix de la inspiraci\u00f3 de Patricia Urquiola, que busca la creaci\u00f3 d\u2019una resistent superf\u00edcie transparent de gran profunditat. La pe\u00e7a destaca per la seva incre\u00efble estructura i el seu disseny fresc i elegant, a trav\u00e9s de l\u2019acoblament de dos vidres amb una l\u00e0mina interposada entre ells. A MIRSA [&hellip;]<\/p>\n","protected":false},"author":1,"featured_media":0,"parent":0,"menu_order":0,"comment_status":"closed","ping_status":"closed","template":"","meta":{"footnotes":""},"class_list":["post-49486","page","type-page","status-publish","hentry"],"aioseo_notices":[],"_links":{"self":[{"href":"https:\/\/www.mirsa.es\/ca\/wp-json\/wp\/v2\/pages\/49486","targetHints":{"allow":["GET"]}}],"collection":[{"href":"https:\/\/www.mirsa.es\/ca\/wp-json\/wp\/v2\/pages"}],"about":[{"href":"https:\/\/www.mirsa.es\/ca\/wp-json\/wp\/v2\/types\/page"}],"author":[{"embeddable":true,"href":"https:\/\/www.mirsa.es\/ca\/wp-json\/wp\/v2\/users\/1"}],"replies":[{"embeddable":true,"href":"https:\/\/www.mirsa.es\/ca\/wp-json\/wp\/v2\/comments?post=49486"}],"version-history":[{"count":0,"href":"https:\/\/www.mirsa.es\/ca\/wp-json\/wp\/v2\/pages\/49486\/revisions"}],"wp:attachment":[{"href":"https:\/\/www.mirsa.es\/ca\/wp-json\/wp\/v2\/media?parent=49486"}],"curies":[{"name":"wp","href":"https:\/\/api.w.org\/{rel}","templated":true}]}}