{"id":49453,"date":"2018-05-09T18:21:05","date_gmt":"2018-05-09T16:21:05","guid":{"rendered":"http:\/\/www.mirsa.es.mialias.net\/mesa-jok-porada\/"},"modified":"2021-01-20T12:22:53","modified_gmt":"2021-01-20T12:22:53","slug":"mesa-jok-porada","status":"publish","type":"page","link":"https:\/\/www.mirsa.es\/ca\/mesa-jok-porada\/","title":{"rendered":"Taula Jok Porada"},"content":{"rendered":"<div class=\"wpb-content-wrapper\"><p>[vc_row][vc_column][vc_column_text]<\/p>\n<h5><img decoding=\"async\" class=\"wp-image-1077 size-large aligncenter\" title=\"Taula Jok Porada\" src=\"\/wp-content\/uploads\/2020\/07\/jok_porada_01.jpg\" alt=\"Taula Jok Porada\" width=\"100%\" height=\"400\" \/><\/h5>\n<p style=\"font-size: 16px; text-align: left;\"><strong>Jok de la firma italiana Porada \u00e9s una funcional tauleta auxiliar dissenyada pels prestigiosos germans Buratti.<\/strong><\/p>\n<p style=\"font-size: 16px; text-align: left;\">El taulell i la base rodona proporcionen un aspecte amigable al sistema, que s\u2019integra perfectament a qualsevol tipus d\u2019espai, aportant calidesa i eleg\u00e0ncia.<\/p>\n<p style=\"font-size: 16px; text-align: left;\">Porada \u00e9s un referent al m\u00f3n de l\u2019interiorisme, gr\u00e0cies a la gran qualitat dels seus productes i a la gran col\u00b7lecci\u00f3 d\u2019articles que presenta en el seu cat\u00e0leg.<\/p>\n<p style=\"font-size: 16px; text-align: left;\">A MIRSA interiorisme &#038; mobiliari som distribu\u00efdors oficials Porada. Per a m\u00e9s informaci\u00f3, visiti el nostre Showroom o contacti amb nosaltres.<\/p>\n<p>[\/vc_column_text][vc_row_inner][vc_column_inner]<style type=\"text\/css\">#bklyn_btn_69d1d24eae883 .bklyn-btn { color:#ffffff !important; background-color:black !important; }<\/style><div id=\"bklyn_btn_69d1d24eae883\" class=\"bklyn-btn-holder  bklyn-btn-center bklyn-btn-tablet-center bklyn-btn-mobile-center\"><a title=\"Contacto\"   href=\"\/contacto\" target=\"_self\" class=\"bklyn-btn  bklyn-btn-icon-left bklyn-btn-normal\" ><i class=\"fa fa-envelope\"><\/i><span class=\"ut-btn-text\">M\u00e9s informaci\u00f3<\/span><\/a><\/div>[\/vc_column_inner][\/vc_row_inner][\/vc_column][\/vc_row]<\/p>\n<\/div>","protected":false},"excerpt":{"rendered":"<p>[vc_row][vc_column][vc_column_text] Jok de la firma italiana Porada \u00e9s una funcional tauleta auxiliar dissenyada pels prestigiosos germans Buratti. El taulell i la base rodona proporcionen un aspecte amigable al sistema, que s\u2019integra perfectament a qualsevol tipus d\u2019espai, aportant calidesa i eleg\u00e0ncia. Porada \u00e9s un referent al m\u00f3n de l\u2019interiorisme, gr\u00e0cies a la gran qualitat dels seus [&hellip;]<\/p>\n","protected":false},"author":1,"featured_media":0,"parent":0,"menu_order":0,"comment_status":"closed","ping_status":"closed","template":"","meta":{"footnotes":""},"class_list":["post-49453","page","type-page","status-publish","hentry"],"aioseo_notices":[],"_links":{"self":[{"href":"https:\/\/www.mirsa.es\/ca\/wp-json\/wp\/v2\/pages\/49453","targetHints":{"allow":["GET"]}}],"collection":[{"href":"https:\/\/www.mirsa.es\/ca\/wp-json\/wp\/v2\/pages"}],"about":[{"href":"https:\/\/www.mirsa.es\/ca\/wp-json\/wp\/v2\/types\/page"}],"author":[{"embeddable":true,"href":"https:\/\/www.mirsa.es\/ca\/wp-json\/wp\/v2\/users\/1"}],"replies":[{"embeddable":true,"href":"https:\/\/www.mirsa.es\/ca\/wp-json\/wp\/v2\/comments?post=49453"}],"version-history":[{"count":0,"href":"https:\/\/www.mirsa.es\/ca\/wp-json\/wp\/v2\/pages\/49453\/revisions"}],"wp:attachment":[{"href":"https:\/\/www.mirsa.es\/ca\/wp-json\/wp\/v2\/media?parent=49453"}],"curies":[{"name":"wp","href":"https:\/\/api.w.org\/{rel}","templated":true}]}}