{"id":49448,"date":"2019-08-02T09:48:38","date_gmt":"2019-08-02T07:48:38","guid":{"rendered":"http:\/\/www.mirsa.es.mialias.net\/mesa-jean-porada\/"},"modified":"2021-01-20T12:07:24","modified_gmt":"2021-01-20T12:07:24","slug":"mesa-jean-porada","status":"publish","type":"page","link":"https:\/\/www.mirsa.es\/ca\/mesa-jean-porada\/","title":{"rendered":"Taula Jean Porada"},"content":{"rendered":"<div class=\"wpb-content-wrapper\"><p>[vc_row][vc_column][vc_column_text]<\/p>\n<h5><img decoding=\"async\" class=\"wp-image-1077 size-large aligncenter\" title=\"Taula Jean - Porada\" src=\"\/wp-content\/uploads\/2020\/07\/silla_jean_porada.jpg\" alt=\"Taula Jean - Porada\" width=\"100%\" height=\"400\"\/><\/h5>\n<p style=\"font-size: 16px; text-align: left;\"><strong>Jean de la prestigiosa firma italiana Porada \u00e9s una elegant i exclusiva taula d\u2019estil contemporani patentada pel prestigi\u00f3s dissenyador C. Ballabio.<\/strong><\/p>\n<p style=\"font-size: 16px; text-align: left;\">Es tracta d\u2019una espectacular taula amb base de metall i taulell rod\u00f3 o ovalat. El taulell es presenta en fusta de noguera massissa o en marbre.\n<\/p>\n<p style=\"font-size: 16px; text-align: left;\">A MIRSA interiorisme &#038; mobiliari som distribu\u00efdors oficials Porada. Per a m\u00e9s informaci\u00f3, visiti el nostre Showroom o contacti amb nosaltres.<\/p>\n<p>[\/vc_column_text][vc_row_inner][vc_column_inner]<style type=\"text\/css\">#bklyn_btn_69d37185c2ef1 .bklyn-btn { color:#ffffff !important; background-color:black !important; }<\/style><div id=\"bklyn_btn_69d37185c2ef1\" class=\"bklyn-btn-holder  bklyn-btn-center bklyn-btn-tablet-center bklyn-btn-mobile-center\"><a title=\"Contacto\"   href=\"\/contacto\" target=\"_self\" class=\"bklyn-btn  bklyn-btn-icon-left bklyn-btn-normal\" ><i class=\"fa fa-envelope\"><\/i><span class=\"ut-btn-text\">M\u00e9s informaci\u00f3<\/span><\/a><\/div>[\/vc_column_inner][\/vc_row_inner][\/vc_column][\/vc_row]<\/p>\n<\/div>","protected":false},"excerpt":{"rendered":"<p>[vc_row][vc_column][vc_column_text] Jean de la prestigiosa firma italiana Porada \u00e9s una elegant i exclusiva taula d\u2019estil contemporani patentada pel prestigi\u00f3s dissenyador C. Ballabio. Es tracta d\u2019una espectacular taula amb base de metall i taulell rod\u00f3 o ovalat. El taulell es presenta en fusta de noguera massissa o en marbre. A MIRSA interiorisme &#038; mobiliari som distribu\u00efdors [&hellip;]<\/p>\n","protected":false},"author":1,"featured_media":0,"parent":0,"menu_order":0,"comment_status":"closed","ping_status":"closed","template":"","meta":{"footnotes":""},"class_list":["post-49448","page","type-page","status-publish","hentry"],"aioseo_notices":[],"_links":{"self":[{"href":"https:\/\/www.mirsa.es\/ca\/wp-json\/wp\/v2\/pages\/49448","targetHints":{"allow":["GET"]}}],"collection":[{"href":"https:\/\/www.mirsa.es\/ca\/wp-json\/wp\/v2\/pages"}],"about":[{"href":"https:\/\/www.mirsa.es\/ca\/wp-json\/wp\/v2\/types\/page"}],"author":[{"embeddable":true,"href":"https:\/\/www.mirsa.es\/ca\/wp-json\/wp\/v2\/users\/1"}],"replies":[{"embeddable":true,"href":"https:\/\/www.mirsa.es\/ca\/wp-json\/wp\/v2\/comments?post=49448"}],"version-history":[{"count":0,"href":"https:\/\/www.mirsa.es\/ca\/wp-json\/wp\/v2\/pages\/49448\/revisions"}],"wp:attachment":[{"href":"https:\/\/www.mirsa.es\/ca\/wp-json\/wp\/v2\/media?parent=49448"}],"curies":[{"name":"wp","href":"https:\/\/api.w.org\/{rel}","templated":true}]}}