{"id":49433,"date":"2018-05-03T11:07:05","date_gmt":"2018-05-03T09:07:05","guid":{"rendered":"http:\/\/www.mirsa.es.mialias.net\/mesa-icon-arketipo\/"},"modified":"2021-01-20T10:55:47","modified_gmt":"2021-01-20T10:55:47","slug":"mesa-icon-arketipo","status":"publish","type":"page","link":"https:\/\/www.mirsa.es\/ca\/mesa-icon-arketipo\/","title":{"rendered":"Taula Icon Arketipo"},"content":{"rendered":"<div class=\"wpb-content-wrapper\"><p>[vc_row][vc_column][vc_column_text]<\/p>\n<h5><img decoding=\"async\" class=\"wp-image-1077 size-large aligncenter\" title=\"Taula Icon Arketipo\" src=\"\/wp-content\/uploads\/2020\/07\/mesa_icon_arketipo_00.jpg\" alt=\"Taula Icon Arketipo\" width=\"100%\" height=\"400\"\/><\/h5>\n<p style=\"font-size: 16px; text-align: left;\"><strong>Icon d\u2019Arketipo \u00e9s una espectacular taula de disseny itali\u00e0 patentada pel prestigi\u00f3s dissenyador Mauro Lipparini.<\/strong><\/p>\n<p style=\"font-size: 16px; text-align: left;\">La pe\u00e7a destaca per la geometria positiva del seu taulell que, combinada amb el volum convex del pedestal, crea formes elegants que expressen certa simplicitat po\u00e8tica.<\/p>\n<p style=\"font-size: 16px; text-align: left;\">La part superior del marbre, en contrast amb la base de metall, proporciona un equilibri inesperat i una identitat forta i definida.<\/p>\n<p style=\"font-size: 16px; text-align: left;\">A MIRSA interiorisme &#038; mobiliari som distribu\u00efdors oficials Arketipo. Per a m\u00e9s informaci\u00f3, visiti el nostre Showroom o contacti amb nosaltres.\n<\/p>\n<p>[\/vc_column_text][vc_row_inner][vc_column_inner]<style type=\"text\/css\">#bklyn_btn_69d20296321cf .bklyn-btn { color:#ffffff !important; background-color:black !important; }<\/style><div id=\"bklyn_btn_69d20296321cf\" class=\"bklyn-btn-holder  bklyn-btn-center bklyn-btn-tablet-center bklyn-btn-mobile-center\"><a title=\"Contacto\"   href=\"\/contacto\" target=\"_self\" class=\"bklyn-btn  bklyn-btn-icon-left bklyn-btn-normal\" ><i class=\"fa fa-envelope\"><\/i><span class=\"ut-btn-text\">M\u00e9s informaci\u00f3<\/span><\/a><\/div>[\/vc_column_inner][\/vc_row_inner][\/vc_column][\/vc_row]<\/p>\n<\/div>","protected":false},"excerpt":{"rendered":"<p>[vc_row][vc_column][vc_column_text] Icon d\u2019Arketipo \u00e9s una espectacular taula de disseny itali\u00e0 patentada pel prestigi\u00f3s dissenyador Mauro Lipparini. La pe\u00e7a destaca per la geometria positiva del seu taulell que, combinada amb el volum convex del pedestal, crea formes elegants que expressen certa simplicitat po\u00e8tica. La part superior del marbre, en contrast amb la base de metall, proporciona [&hellip;]<\/p>\n","protected":false},"author":1,"featured_media":0,"parent":0,"menu_order":0,"comment_status":"closed","ping_status":"closed","template":"","meta":{"footnotes":""},"class_list":["post-49433","page","type-page","status-publish","hentry"],"aioseo_notices":[],"_links":{"self":[{"href":"https:\/\/www.mirsa.es\/ca\/wp-json\/wp\/v2\/pages\/49433","targetHints":{"allow":["GET"]}}],"collection":[{"href":"https:\/\/www.mirsa.es\/ca\/wp-json\/wp\/v2\/pages"}],"about":[{"href":"https:\/\/www.mirsa.es\/ca\/wp-json\/wp\/v2\/types\/page"}],"author":[{"embeddable":true,"href":"https:\/\/www.mirsa.es\/ca\/wp-json\/wp\/v2\/users\/1"}],"replies":[{"embeddable":true,"href":"https:\/\/www.mirsa.es\/ca\/wp-json\/wp\/v2\/comments?post=49433"}],"version-history":[{"count":0,"href":"https:\/\/www.mirsa.es\/ca\/wp-json\/wp\/v2\/pages\/49433\/revisions"}],"wp:attachment":[{"href":"https:\/\/www.mirsa.es\/ca\/wp-json\/wp\/v2\/media?parent=49433"}],"curies":[{"name":"wp","href":"https:\/\/api.w.org\/{rel}","templated":true}]}}